{"id":63760,"date":"2025-01-26T03:02:39","date_gmt":"2025-01-26T03:02:39","guid":{"rendered":"https:\/\/nexgendecors.com\/product\/kids-art-table-and-2-chairs-with-roll-paper-craft-table-with-large-storage-shelves-drawing-desk-kids-activity-table-and-study-table-activity-crafts-for-children-wooden-furniture1711876968692\/"},"modified":"2025-04-06T08:57:03","modified_gmt":"2025-04-06T08:57:03","slug":"table-dart-pour-enfants-et-2-chaises-avec-rouleau-de-papier-table-de-bricolage-avec-grandes-etageres-de-rangement-bureau-a-dessin-table-dactivites-pour-enfants-et-table-detude-activ","status":"publish","type":"product","link":"https:\/\/nexgendecors.com\/fr\/product\/table-dart-pour-enfants-et-2-chaises-avec-rouleau-de-papier-table-de-bricolage-avec-grandes-etageres-de-rangement-bureau-a-dessin-table-dactivites-pour-enfants-et-table-detude-activ\/","title":{"rendered":"Ensemble de table d&#039;art pour enfants avec rangement et rouleau de papier"},"content":{"rendered":"<p data-mce-fragment=\"1\"><strong data-mce-fragment=\"1\">Ensemble table et chaises pour enfants GDLF : m\u00e9lange parfait de fonctionnalit\u00e9 et de style !<\/strong> \ud83c\udfa8\ud83e\ude91<\/p>\n<ul data-mce-fragment=\"1\">\n<li data-mce-fragment=\"1\">\n<p data-mce-fragment=\"1\"><strong data-mce-fragment=\"1\">Montage et rangement faciles<\/strong>Notre ensemble table et chaises pour enfants est livr\u00e9 avec une petite biblioth\u00e8que pratique pour le rangement et des pieds renforc\u00e9s pour plus de stabilit\u00e9. Avec deux chaises robustes incluses, l&#039;assemblage est un jeu d&#039;enfant et con\u00e7u pour durer des ann\u00e9es\u00a0! \ud83d\udee0\ufe0f<\/p>\n<\/li>\n<li data-mce-fragment=\"1\">\n<p data-mce-fragment=\"1\"><strong data-mce-fragment=\"1\">D\u00e9coration d&#039;int\u00e9rieur polyvalente<\/strong>: Dot\u00e9 d&#039;une \u00e9l\u00e9gante finition ch\u00eane couleur naturelle, notre ensemble table et chaises s&#039;int\u00e8gre \u00e0 une vari\u00e9t\u00e9 de styles de d\u00e9coration. Sa surface facile \u00e0 nettoyer lui assure un aspect neuf et impeccable\u00a0! \ud83c\udf33<\/p>\n<\/li>\n<li data-mce-fragment=\"1\">\n<p data-mce-fragment=\"1\"><strong data-mce-fragment=\"1\">Construction en bois robuste<\/strong>Fabriqu\u00e9 \u00e0 partir de panneaux multicouches et de bois de haute qualit\u00e9, notre ensemble table et chaises respecte des normes de fabrication de pr\u00e9cision. Les chaises sont ultra-r\u00e9sistantes et leur structure renforc\u00e9e les rend suffisamment robustes pour un usage adulte\u00a0! \ud83d\udcaa<\/p>\n<\/li>\n<li data-mce-fragment=\"1\">\n<p data-mce-fragment=\"1\"><strong data-mce-fragment=\"1\">Id\u00e9al pour les 3 \u00e0 8 ans<\/strong>: Le grand espace de rangement est id\u00e9al pour ranger les fournitures artistiques comme les crayons, les pinceaux, la peinture et bien plus encore\u00a0! Le plateau spacieux peut accueillir confortablement 2 \u00e0 3 enfants, offrant ainsi beaucoup d&#039;espace pour les loisirs cr\u00e9atifs, les jeux, le coloriage et le go\u00fbter\u00a0! \ud83c\udfa8<\/p>\n<\/li>\n<li data-mce-fragment=\"1\">\n<p data-mce-fragment=\"1\"><strong data-mce-fragment=\"1\">Service de vente exceptionnel<\/strong>:<\/p>\n<ul data-mce-fragment=\"1\">\n<li data-mce-fragment=\"1\">\n<strong data-mce-fragment=\"1\">Qualit\u00e9 et assistance \u00e0 l&#039;installation<\/strong>Pour tout probl\u00e8me de qualit\u00e9 ou d&#039;installation, notre service client est l\u00e0 pour vous aider. Nous nous engageons \u00e0 r\u00e9soudre vos probl\u00e8mes rapidement et efficacement\u00a0!<\/li>\n<\/ul>\n<\/li>\n<\/ul>\n<p data-mce-fragment=\"1\">Surprenez vos enfants avec notre ensemble table et chaises pour enfants GDLF\u00a0! Non seulement c&#039;est un ajout fonctionnel \u00e0 leur salle de jeux, mais c&#039;est aussi un meuble \u00e9l\u00e9gant qui sublimera votre d\u00e9coration int\u00e9rieure. Robuste, polyvalent et dot\u00e9 d&#039;un grand espace de rangement, c&#039;est le cadeau id\u00e9al pour les enfants de 3 \u00e0 8\u00a0ans\u00a0! \ud83c\udf81\ud83d\udc66\ud83d\udc67<\/p>\n<div><\/div>","protected":false},"excerpt":{"rendered":"<p>Ensemble table et chaises pour enfants GDLF\u00a0: m\u00e9lange parfait de fonctionnalit\u00e9 et de style\u00a0! \ud83c\udfa8\ud83e\ude91 Montage et rangement faciles\u00a0: notre table pour enfants<\/p>","protected":false},"featured_media":122855,"comment_status":"open","ping_status":"closed","template":"","meta":[],"product_brand":[],"product_cat":[30971,30836,30839,30849],"product_tag":[],"class_list":{"0":"post-63760","1":"product","2":"type-product","3":"status-publish","4":"has-post-thumbnail","6":"product_cat-hp","7":"product_cat-kids-chairs","8":"product_cat-kids-tables","9":"product_cat-kindergarten-school-furniture","11":"first","12":"outofstock","13":"taxable","14":"shipping-taxable","15":"purchasable","16":"product-type-variable"},"_links":{"self":[{"href":"https:\/\/nexgendecors.com\/fr\/wp-json\/wp\/v2\/product\/63760","targetHints":{"allow":["GET"]}}],"collection":[{"href":"https:\/\/nexgendecors.com\/fr\/wp-json\/wp\/v2\/product"}],"about":[{"href":"https:\/\/nexgendecors.com\/fr\/wp-json\/wp\/v2\/types\/product"}],"replies":[{"embeddable":true,"href":"https:\/\/nexgendecors.com\/fr\/wp-json\/wp\/v2\/comments?post=63760"}],"version-history":[{"count":0,"href":"https:\/\/nexgendecors.com\/fr\/wp-json\/wp\/v2\/product\/63760\/revisions"}],"wp:featuredmedia":[{"embeddable":true,"href":"https:\/\/nexgendecors.com\/fr\/wp-json\/wp\/v2\/media\/122855"}],"wp:attachment":[{"href":"https:\/\/nexgendecors.com\/fr\/wp-json\/wp\/v2\/media?parent=63760"}],"wp:term":[{"taxonomy":"product_brand","embeddable":true,"href":"https:\/\/nexgendecors.com\/fr\/wp-json\/wp\/v2\/product_brand?post=63760"},{"taxonomy":"product_cat","embeddable":true,"href":"https:\/\/nexgendecors.com\/fr\/wp-json\/wp\/v2\/product_cat?post=63760"},{"taxonomy":"product_tag","embeddable":true,"href":"https:\/\/nexgendecors.com\/fr\/wp-json\/wp\/v2\/product_tag?post=63760"}],"curies":[{"name":"wp","href":"https:\/\/api.w.org\/{rel}","templated":true}]}}