{"id":63955,"date":"2025-01-26T03:03:25","date_gmt":"2025-01-26T03:03:25","guid":{"rendered":"https:\/\/nexgendecors.com\/product\/kindergarten-childrens-small-chair-homework-chair-small-stool-baby-stool-backrest-chair-home-solid-wood-early-care\/"},"modified":"2025-04-06T08:57:56","modified_gmt":"2025-04-06T08:57:56","slug":"kindergarten-childrens-small-chair-homework-chair-small-stool-baby-stool-backrest-chair-home-solid-wood-early-care","status":"publish","type":"product","link":"https:\/\/nexgendecors.com\/fr\/product\/kindergarten-childrens-small-chair-homework-chair-small-stool-baby-stool-backrest-chair-home-solid-wood-early-care\/","title":{"rendered":"Chaise de jardin d&#039;enfants en bois massif avec dossier pour enfants"},"content":{"rendered":"<ul>\n<li>\n<strong>marque<\/strong>:Children&#8217;s Home (Residential Furniture)<\/li>\n<li>\n<strong>mod\u00e8le<\/strong>:Children&#8217;s chair<\/li>\n<li>\n<strong>style<\/strong>:Nouveau chinois<\/li>\n<li>\n<strong>Est-ce personnalisable ?<\/strong>:Non<\/li>\n<li>\n<strong>Assembler<\/strong>:Non<\/li>\n<li>\n<strong>ville<\/strong>:Hangzhou<\/li>\n<li>\n<strong>Mat\u00e9riel<\/strong>:Bois<\/li>\n<li>\n<strong>La pr\u00e9vente est-elle disponible ?<\/strong>:Oui<\/li>\n<li>\n<strong>Positionnement de style<\/strong>:\u00c9conomique<\/li>\n<li>\n<strong>Le service d&#039;installation est-il fourni ?<\/strong>:Non<\/li>\n<li>\n<strong>trier par couleur<\/strong>:Pink nails (height 25) Seat basswood + rubber wood green nails (height 27) Seat basswood + rubber wood blue nails (height 29) Seat basswood + rubber wood Rubber wood pink nails (height 25) Rubber wood green nails (height 27) Rubber wood blue nails (height 29) Beech square table (60*60*52cm) Freight supplement<\/li>\n<\/ul>\n<p><img><\/p>","protected":false},"excerpt":{"rendered":"<p>Marque : Maison pour enfants (mobilier r\u00e9sidentiel) Mod\u00e8le : Chaise pour enfants Style : Nouveau chinois Est-il personnalisable ? : Non Assembler : Non Ville : Hangzhou Mat\u00e9riau : Bois La pr\u00e9vente est-elle disponible ? : Oui Positionnement du style : \u00c9conomique<\/p>","protected":false},"featured_media":123143,"comment_status":"open","ping_status":"closed","template":"","meta":[],"product_brand":[],"product_cat":[30899,30971,30849],"product_tag":[],"class_list":{"0":"post-63955","1":"product","2":"type-product","3":"status-publish","4":"has-post-thumbnail","6":"product_cat-bs-kindergarten","7":"product_cat-hp","8":"product_cat-kindergarten-school-furniture","10":"first","11":"instock","12":"taxable","13":"shipping-taxable","14":"purchasable","15":"product-type-variable"},"_links":{"self":[{"href":"https:\/\/nexgendecors.com\/fr\/wp-json\/wp\/v2\/product\/63955","targetHints":{"allow":["GET"]}}],"collection":[{"href":"https:\/\/nexgendecors.com\/fr\/wp-json\/wp\/v2\/product"}],"about":[{"href":"https:\/\/nexgendecors.com\/fr\/wp-json\/wp\/v2\/types\/product"}],"replies":[{"embeddable":true,"href":"https:\/\/nexgendecors.com\/fr\/wp-json\/wp\/v2\/comments?post=63955"}],"version-history":[{"count":0,"href":"https:\/\/nexgendecors.com\/fr\/wp-json\/wp\/v2\/product\/63955\/revisions"}],"wp:featuredmedia":[{"embeddable":true,"href":"https:\/\/nexgendecors.com\/fr\/wp-json\/wp\/v2\/media\/123143"}],"wp:attachment":[{"href":"https:\/\/nexgendecors.com\/fr\/wp-json\/wp\/v2\/media?parent=63955"}],"wp:term":[{"taxonomy":"product_brand","embeddable":true,"href":"https:\/\/nexgendecors.com\/fr\/wp-json\/wp\/v2\/product_brand?post=63955"},{"taxonomy":"product_cat","embeddable":true,"href":"https:\/\/nexgendecors.com\/fr\/wp-json\/wp\/v2\/product_cat?post=63955"},{"taxonomy":"product_tag","embeddable":true,"href":"https:\/\/nexgendecors.com\/fr\/wp-json\/wp\/v2\/product_tag?post=63955"}],"curies":[{"name":"wp","href":"https:\/\/api.w.org\/{rel}","templated":true}]}}