{"id":64330,"date":"2025-01-26T03:04:18","date_gmt":"2025-01-26T03:04:18","guid":{"rendered":"https:\/\/nexgendecors.com\/product\/kota-dark-green-1-4m-1-5m-1-6m-double-basin-double-faucet-artificial-stone-integrated-basin-wash-basin-wash-basin-pool-2\/"},"modified":"2025-04-06T08:58:38","modified_gmt":"2025-04-06T08:58:38","slug":"kota-dark-green-1-4m-1-5m-1-6m-double-basin-double-faucet-artificial-stone-integrated-basin-wash-basin-wash-basin-pool-2","status":"publish","type":"product","link":"https:\/\/nexgendecors.com\/fr\/product\/kota-dark-green-1-4m-1-5m-1-6m-double-basin-double-faucet-artificial-stone-integrated-basin-wash-basin-wash-basin-pool-2\/","title":{"rendered":"Kota Dark Green Double Basin Integrated Wash Basin (Lavabo int\u00e9gr\u00e9 \u00e0 double vasque)"},"content":{"rendered":"<ul>\n<li>\n<strong>marque<\/strong>:Gayden<\/li>\n<li>\n<strong>mod\u00e8le<\/strong>:LV6888A<\/li>\n<li>\n<strong>Mat\u00e9riel<\/strong>:Autre<\/li>\n<li>\n<strong>Origine<\/strong>:Chine continentale<\/li>\n<li>\n<strong>province<\/strong>:Province du Guangdong<\/li>\n<li>\n<strong>trier par couleur<\/strong>:800x500x150 Wall-mounted basin, excluding cabinet, 900x500x150 Wall-mounted basin, excluding cabinet, 1000x500x150 Wall-mounted basin, excluding cabinet, 1100x500x150 Wall-mounted basin, excluding cabinet, 1200x500x150 Wall-mounted basin, excluding cabinet, 1300x500x150 Wall-mounted basin, excluding cabinet, 1400x500x150 Wall-mounted basin, excluding cabinet, 1500x500x150 Single wall-mounted basin, excluding cabinet, 1500x500x150 Double wall-mounted basin, excluding cabinet, 1600x500x150 Single wall-mounted basin, excluding cabinet, 1600x500x150 Double wall-mounted basin, excluding cabinet, 1700x500x150 Single-hung basin, excluding cabinet, 1700x500x150 Double-hung basin, excluding cabinet, 1800x500x150 Single-hung basin, excluding cabinet, 1800x500x150 Double-hung basin, excluding cabinet, Upgraded imported Corian basin 1 meter excluding cabinet, 600x350x130 basin without countertop<\/li>\n<li>\n<strong>Service en ville<\/strong>:Mesure, livraison et installation porte-\u00e0-porte dans la m\u00eame ville<\/li>\n<li>\n<strong>Technologie<\/strong>:Polished matte<\/li>\n<li>\n<strong>Ouverture du robinet<\/strong>:Double hole<\/li>\n<\/ul>\n<p><img><\/p>","protected":false},"excerpt":{"rendered":"<p>marque:Gayden mod\u00e8le:LV6888A Mati\u00e8re:Autre Origine:Chine continentale province:Guangdong Province trier par couleur:800x500x150 Vasque \u00e0 poser, sans meuble, 900x500x150 Vasque \u00e0 poser, sans meuble, 1000x500x150<\/p>","protected":false},"featured_media":123499,"comment_status":"open","ping_status":"closed","template":"","meta":[],"product_brand":[],"product_cat":[30971,30880],"product_tag":[],"class_list":{"0":"post-64330","1":"product","2":"type-product","3":"status-publish","4":"has-post-thumbnail","6":"product_cat-hp","7":"product_cat-wholesales-bathroom-sink","9":"first","10":"instock","11":"taxable","12":"shipping-taxable","13":"purchasable","14":"product-type-variable"},"_links":{"self":[{"href":"https:\/\/nexgendecors.com\/fr\/wp-json\/wp\/v2\/product\/64330","targetHints":{"allow":["GET"]}}],"collection":[{"href":"https:\/\/nexgendecors.com\/fr\/wp-json\/wp\/v2\/product"}],"about":[{"href":"https:\/\/nexgendecors.com\/fr\/wp-json\/wp\/v2\/types\/product"}],"replies":[{"embeddable":true,"href":"https:\/\/nexgendecors.com\/fr\/wp-json\/wp\/v2\/comments?post=64330"}],"version-history":[{"count":0,"href":"https:\/\/nexgendecors.com\/fr\/wp-json\/wp\/v2\/product\/64330\/revisions"}],"wp:featuredmedia":[{"embeddable":true,"href":"https:\/\/nexgendecors.com\/fr\/wp-json\/wp\/v2\/media\/123499"}],"wp:attachment":[{"href":"https:\/\/nexgendecors.com\/fr\/wp-json\/wp\/v2\/media?parent=64330"}],"wp:term":[{"taxonomy":"product_brand","embeddable":true,"href":"https:\/\/nexgendecors.com\/fr\/wp-json\/wp\/v2\/product_brand?post=64330"},{"taxonomy":"product_cat","embeddable":true,"href":"https:\/\/nexgendecors.com\/fr\/wp-json\/wp\/v2\/product_cat?post=64330"},{"taxonomy":"product_tag","embeddable":true,"href":"https:\/\/nexgendecors.com\/fr\/wp-json\/wp\/v2\/product_tag?post=64330"}],"curies":[{"name":"wp","href":"https:\/\/api.w.org\/{rel}","templated":true}]}}