{"id":64357,"date":"2025-01-26T03:04:21","date_gmt":"2025-01-26T03:04:21","guid":{"rendered":"https:\/\/nexgendecors.com\/product\/la-forma-bjrog\/"},"modified":"2025-03-11T06:20:16","modified_gmt":"2025-03-11T06:20:16","slug":"la-forma-bjrog","status":"publish","type":"product","link":"https:\/\/nexgendecors.com\/fr\/product\/la-forma-bjrog\/","title":{"rendered":"Sac fourre-tout \u00e9l\u00e9gant et \u00e9cologique de Bjrog"},"content":{"rendered":"<p><!----><\/p>\n<p style='-webkit-font-smoothing: antialiased; font-size: 16px; margin-bottom: 0.7em; color: rgb(41, 50, 43); font-family: \"Nunito Sans\", sans-serif; background-color: rgb(255, 255, 255);'><span style=\"-webkit-font-smoothing: antialiased;\">Enjoy the La Forma Bjrog Natural Wooden Acrylic Chairs in your dining or living room space. The Bjrog chair is made in clear acrylic with its seat and legs in solid natural beech wood. These chairs come in a set of two and can be paired perfectly with a natural wooden dining table.\u00a0<\/span><\/p>\n<ul style='-webkit-font-smoothing: antialiased; margin-bottom: 0.7em; margin-left: 18px; list-style-type: none; color: rgb(41, 50, 43); font-family: \"Nunito Sans\", sans-serif; font-size: 16px; background-color: rgb(255, 255, 255);'>\n<li style=\"-webkit-font-smoothing: antialiased; position: relative; margin-bottom: 5px;\">W22 x D22 x H30 in\u00a0<span data-mce-fragment=\"1\" style=\"-webkit-font-smoothing: antialiased;\">\u00a0| Weight 19lbs<\/span>\n<\/li>\n<li style=\"-webkit-font-smoothing: antialiased; position: relative; margin-bottom: 5px;\">W56<span style=\"-webkit-font-smoothing: antialiased;\">\u00a0<\/span>x D<span data-mce-fragment=\"1\" style=\"-webkit-font-smoothing: antialiased;\">56\u00a0<\/span>x H76<span data-mce-fragment=\"1\" style=\"-webkit-font-smoothing: antialiased;\">\u00a0<\/span>cm\u00a0<span data-mce-fragment=\"1\" style=\"-webkit-font-smoothing: antialiased;\">| Weight 9kg<\/span>\n<\/li>\n<li style=\"-webkit-font-smoothing: antialiased; position: relative; margin-bottom: 5px;\"><span data-mce-fragment=\"1\" style=\"-webkit-font-smoothing: antialiased;\">Material I\u00a0Beech wood,\u00a0Polycarbonate<\/span><\/li>\n<li style=\"-webkit-font-smoothing: antialiased; position: relative; margin-bottom: 5px;\"><span data-mce-fragment=\"1\" style=\"-webkit-font-smoothing: antialiased;\">Finish\u00a0|\u00a0Lacquered<\/span><\/li>\n<li style=\"-webkit-font-smoothing: antialiased; position: relative; margin-bottom: 5px;\"><span data-mce-fragment=\"1\" style=\"-webkit-font-smoothing: antialiased;\">Ensemble de 2<\/span><\/li>\n<li style=\"-webkit-font-smoothing: antialiased; position: relative; margin-bottom: 5px;\"><span data-mce-fragment=\"1\" style=\"-webkit-font-smoothing: antialiased;\">Comes in 2 colors<\/span><\/li>\n<\/ul>","protected":false},"excerpt":{"rendered":"<p>Profitez des chaises La Forma Bjrog en bois naturel et acrylique dans votre salle \u00e0 manger ou votre salon. La chaise Bjrog est<\/p>","protected":false},"featured_media":123519,"comment_status":"open","ping_status":"closed","template":"","meta":[],"product_brand":[],"product_cat":[30825,30826,30971,32],"product_tag":[],"class_list":{"0":"post-64357","1":"product","2":"type-product","3":"status-publish","4":"has-post-thumbnail","6":"product_cat-dining-chairs","7":"product_cat-dining-room","8":"product_cat-hp","9":"product_cat-residential-furniture","11":"first","12":"instock","13":"sale","14":"taxable","15":"shipping-taxable","16":"purchasable","17":"product-type-variable"},"_links":{"self":[{"href":"https:\/\/nexgendecors.com\/fr\/wp-json\/wp\/v2\/product\/64357","targetHints":{"allow":["GET"]}}],"collection":[{"href":"https:\/\/nexgendecors.com\/fr\/wp-json\/wp\/v2\/product"}],"about":[{"href":"https:\/\/nexgendecors.com\/fr\/wp-json\/wp\/v2\/types\/product"}],"replies":[{"embeddable":true,"href":"https:\/\/nexgendecors.com\/fr\/wp-json\/wp\/v2\/comments?post=64357"}],"version-history":[{"count":0,"href":"https:\/\/nexgendecors.com\/fr\/wp-json\/wp\/v2\/product\/64357\/revisions"}],"wp:featuredmedia":[{"embeddable":true,"href":"https:\/\/nexgendecors.com\/fr\/wp-json\/wp\/v2\/media\/123519"}],"wp:attachment":[{"href":"https:\/\/nexgendecors.com\/fr\/wp-json\/wp\/v2\/media?parent=64357"}],"wp:term":[{"taxonomy":"product_brand","embeddable":true,"href":"https:\/\/nexgendecors.com\/fr\/wp-json\/wp\/v2\/product_brand?post=64357"},{"taxonomy":"product_cat","embeddable":true,"href":"https:\/\/nexgendecors.com\/fr\/wp-json\/wp\/v2\/product_cat?post=64357"},{"taxonomy":"product_tag","embeddable":true,"href":"https:\/\/nexgendecors.com\/fr\/wp-json\/wp\/v2\/product_tag?post=64357"}],"curies":[{"name":"wp","href":"https:\/\/api.w.org\/{rel}","templated":true}]}}