{"id":64533,"date":"2025-01-26T03:04:57","date_gmt":"2025-01-26T03:04:57","guid":{"rendered":"https:\/\/nexgendecors.com\/product\/lawrence-leather-bed-italian-minimalist-master-bedroom-bed-high-end-villa-1-8m-double-bed-wedding-bed-2024-new\/"},"modified":"2025-04-06T08:59:00","modified_gmt":"2025-04-06T08:59:00","slug":"lawrence-leather-bed-italian-minimalist-master-bedroom-bed-high-end-villa-1-8m-double-bed-wedding-bed-2024-new","status":"publish","type":"product","link":"https:\/\/nexgendecors.com\/fr\/product\/lawrence-leather-bed-italian-minimalist-master-bedroom-bed-high-end-villa-1-8m-double-bed-wedding-bed-2024-new\/","title":{"rendered":"Lit minimaliste italien Lawrence en cuir de 1,8 m"},"content":{"rendered":"<ul>\n<li>\n<strong>marque<\/strong>:Artisan de tendance artistique<\/li>\n<li>\n<strong>mod\u00e8le<\/strong>:d06<\/li>\n<li>\n<strong>Y a-t-il un espace de stockage ?<\/strong>:Non<\/li>\n<li>\n<strong>Mati\u00e8re cuir<\/strong>:Couche sup\u00e9rieure de cuir de vache<\/li>\n<li>\n<strong>style<\/strong>:Minimalisme italien<\/li>\n<li>\n<strong>volume du colis<\/strong>:2<\/li>\n<li>\n<strong>Est-ce personnalisable ?<\/strong>:Non<\/li>\n<li>\n<strong>forme<\/strong>:rectangle<\/li>\n<li>\n<strong>Faut-il apporter un support souple<\/strong>:Oui<\/li>\n<li>\n<strong>Mat\u00e9riel<\/strong>:Pin<\/li>\n<li>\n<strong>Nombre de personnes applicable<\/strong>:2 personnes<\/li>\n<li>\n<strong>taille<\/strong>:1500mm*2000mm 1800mm*2000mm<\/li>\n<li>\n<strong>Artisanat du cuir<\/strong>:autre<\/li>\n<li>\n<strong>trier par couleur<\/strong>:[First layer leather] Single bed [First layer leather] Single bed + bedside table * 1 combination [First layer leather] Single bed + bedside table * 2 combination<\/li>\n<\/ul>\n<p><img><\/p>","protected":false},"excerpt":{"rendered":"<p>Marque : Art Trend Craftsman Mod\u00e8le : d06 Y a-t-il un espace de rangement ? : non Mat\u00e9riau du cuir : couche sup\u00e9rieure en cuir de vache Style : minimalisme italien Volume du colis : 2 Est-il personnalisable ? : non<\/p>","protected":false},"featured_media":123780,"comment_status":"open","ping_status":"closed","template":"","meta":[],"product_brand":[],"product_cat":[30815,30858,30971],"product_tag":[],"class_list":{"0":"post-64533","1":"product","2":"type-product","3":"status-publish","4":"has-post-thumbnail","6":"product_cat-beds","7":"product_cat-wholesale-bedroom","8":"product_cat-hp","10":"first","11":"instock","12":"sale","13":"taxable","14":"shipping-taxable","15":"purchasable","16":"product-type-variable"},"_links":{"self":[{"href":"https:\/\/nexgendecors.com\/fr\/wp-json\/wp\/v2\/product\/64533","targetHints":{"allow":["GET"]}}],"collection":[{"href":"https:\/\/nexgendecors.com\/fr\/wp-json\/wp\/v2\/product"}],"about":[{"href":"https:\/\/nexgendecors.com\/fr\/wp-json\/wp\/v2\/types\/product"}],"replies":[{"embeddable":true,"href":"https:\/\/nexgendecors.com\/fr\/wp-json\/wp\/v2\/comments?post=64533"}],"version-history":[{"count":0,"href":"https:\/\/nexgendecors.com\/fr\/wp-json\/wp\/v2\/product\/64533\/revisions"}],"wp:featuredmedia":[{"embeddable":true,"href":"https:\/\/nexgendecors.com\/fr\/wp-json\/wp\/v2\/media\/123780"}],"wp:attachment":[{"href":"https:\/\/nexgendecors.com\/fr\/wp-json\/wp\/v2\/media?parent=64533"}],"wp:term":[{"taxonomy":"product_brand","embeddable":true,"href":"https:\/\/nexgendecors.com\/fr\/wp-json\/wp\/v2\/product_brand?post=64533"},{"taxonomy":"product_cat","embeddable":true,"href":"https:\/\/nexgendecors.com\/fr\/wp-json\/wp\/v2\/product_cat?post=64533"},{"taxonomy":"product_tag","embeddable":true,"href":"https:\/\/nexgendecors.com\/fr\/wp-json\/wp\/v2\/product_tag?post=64533"}],"curies":[{"name":"wp","href":"https:\/\/api.w.org\/{rel}","templated":true}]}}