{"id":64989,"date":"2025-01-26T03:05:54","date_gmt":"2025-01-26T03:05:54","guid":{"rendered":"https:\/\/nexgendecors.com\/product\/lifulong-computer-chair-home-sitting-comfortable-study-swivel-chair-bedroom-seat-office-chair-study-desk-chair\/"},"modified":"2025-04-06T08:59:39","modified_gmt":"2025-04-06T08:59:39","slug":"lifulong-computer-chair-home-sitting-comfortable-study-swivel-chair-bedroom-seat-office-chair-study-desk-chair","status":"publish","type":"product","link":"https:\/\/nexgendecors.com\/fr\/product\/lifulong-computer-chair-home-sitting-comfortable-study-swivel-chair-bedroom-seat-office-chair-study-desk-chair\/","title":{"rendered":"Lifulong Comfortable Swivel Chair for Home &#038; Office"},"content":{"rendered":"<ul>\n<li>\n<strong>marque<\/strong>:Lifron<\/li>\n<li>\n<strong>mod\u00e8le<\/strong>:Ronald W231<\/li>\n<li>\n<strong>Mat\u00e9riel<\/strong>:M\u00e9tal<\/li>\n<li>\n<strong>Mat\u00e9riau m\u00e9tallique<\/strong>:fer<\/li>\n<li>\n<strong>\u00e9l\u00e9ments populaires<\/strong>:M\u00e9tal<\/li>\n<li>\n<strong>trier par couleur<\/strong>:Post a picture and get a 10 red envelope\u2193\u2193\u2193Anti-cat scratching, anti-fouling and wear-resistant leather\u2193\u2193\u2193 Cream-beige feet [Xiaoyao reclining double-layer soft bag with detachable fixed armrests] Cream-black feet [Xiaoyao reclining double-layer soft bag with detachable fixed armrests] Cream [Xiaoyao reclining double-layer soft bag without armrests]<\/li>\n<li>\n<strong>Mat\u00e9riau en tissu<\/strong>:Cuir<\/li>\n<li>\n<strong>Est-ce personnalisable ?<\/strong>:Non<\/li>\n<li>\n<strong>Peut-il \u00eatre \u00e9lev\u00e9 ou abaiss\u00e9 ?<\/strong>:Oui<\/li>\n<li>\n<strong>Est-ce rotatif ?<\/strong>:Oui<\/li>\n<li>\n<strong>Puis-je m&#039;allonger ?<\/strong>:Non<\/li>\n<li>\n<strong>Mat\u00e9riau de pied cinq \u00e9toiles<\/strong>:Pieds en acier<\/li>\n<li>\n<strong>Type de main courante<\/strong>:Rotating lifting armrest<\/li>\n<li>\n<strong>Est-ce que cela prend en charge l\u2019ergonomie ?<\/strong>:Oui<\/li>\n<li>\n<strong>ville<\/strong>:Huzhou<\/li>\n<li>\n<strong>Districts et comt\u00e9s<\/strong>:Comt\u00e9 d&#039;Anji<\/li>\n<li>\n<strong>Assembler<\/strong>:Oui<\/li>\n<li>\n<strong>Un taxi est-il disponible pour le transport ?<\/strong>:Oui<\/li>\n<li>\n<strong>Positionnement de style<\/strong>:Qualit\u00e9 Luxe<\/li>\n<li>\n<strong>Instructions d&#039;installation d\u00e9taill\u00e9es<\/strong>:Fournir une vid\u00e9o d&#039;instructions d&#039;installationFournir des outils d&#039;installation simples<\/li>\n<li>\n<strong>Faut-il avoir des p\u00e9dales ?<\/strong>:Non<\/li>\n<\/ul>\n<p><img><\/p>","protected":false},"excerpt":{"rendered":"<p>brand:Lifron model:Ronald W231 Material:Metal Metal Material:iron popular elements:Metal sort by color:Post a picture and get a 10 red envelope\u2193\u2193\u2193Anti-cat scratching,<\/p>","protected":false},"featured_media":124229,"comment_status":"open","ping_status":"closed","template":"","meta":[],"product_brand":[],"product_cat":[30971,30859],"product_tag":[],"class_list":{"0":"post-64989","1":"product","2":"type-product","3":"status-publish","4":"has-post-thumbnail","6":"product_cat-hp","7":"product_cat-wholesale-office","9":"first","10":"instock","11":"sale","12":"taxable","13":"shipping-taxable","14":"purchasable","15":"product-type-variable"},"_links":{"self":[{"href":"https:\/\/nexgendecors.com\/fr\/wp-json\/wp\/v2\/product\/64989","targetHints":{"allow":["GET"]}}],"collection":[{"href":"https:\/\/nexgendecors.com\/fr\/wp-json\/wp\/v2\/product"}],"about":[{"href":"https:\/\/nexgendecors.com\/fr\/wp-json\/wp\/v2\/types\/product"}],"replies":[{"embeddable":true,"href":"https:\/\/nexgendecors.com\/fr\/wp-json\/wp\/v2\/comments?post=64989"}],"version-history":[{"count":0,"href":"https:\/\/nexgendecors.com\/fr\/wp-json\/wp\/v2\/product\/64989\/revisions"}],"wp:featuredmedia":[{"embeddable":true,"href":"https:\/\/nexgendecors.com\/fr\/wp-json\/wp\/v2\/media\/124229"}],"wp:attachment":[{"href":"https:\/\/nexgendecors.com\/fr\/wp-json\/wp\/v2\/media?parent=64989"}],"wp:term":[{"taxonomy":"product_brand","embeddable":true,"href":"https:\/\/nexgendecors.com\/fr\/wp-json\/wp\/v2\/product_brand?post=64989"},{"taxonomy":"product_cat","embeddable":true,"href":"https:\/\/nexgendecors.com\/fr\/wp-json\/wp\/v2\/product_cat?post=64989"},{"taxonomy":"product_tag","embeddable":true,"href":"https:\/\/nexgendecors.com\/fr\/wp-json\/wp\/v2\/product_tag?post=64989"}],"curies":[{"name":"wp","href":"https:\/\/api.w.org\/{rel}","templated":true}]}}