{"id":65056,"date":"2025-01-26T03:06:03","date_gmt":"2025-01-26T03:06:03","guid":{"rendered":"https:\/\/nexgendecors.com\/product\/light-luxury-american-style-bathroom-cabinet-solid-wood-wash-basin-cabinet-combination-bathroom-cabinet-rock-slab-seamless-one-piece-basin-french-style-wash-basin-2\/"},"modified":"2025-04-06T08:59:43","modified_gmt":"2025-04-06T08:59:43","slug":"light-luxury-american-style-bathroom-cabinet-solid-wood-wash-basin-cabinet-combination-bathroom-cabinet-rock-slab-seamless-one-piece-basin-french-style-wash-basin-2","status":"publish","type":"product","link":"https:\/\/nexgendecors.com\/fr\/product\/light-luxury-american-style-bathroom-cabinet-solid-wood-wash-basin-cabinet-combination-bathroom-cabinet-rock-slab-seamless-one-piece-basin-french-style-wash-basin-2\/","title":{"rendered":"Light Luxury Solid Wood Bathroom Cabinet with Seamless Basin"},"content":{"rendered":"<ul>\n<li>\n<strong>marque<\/strong>:autre\/autre<\/li>\n<li>\n<strong>mod\u00e8le<\/strong>:AS-0055<\/li>\n<li>\n<strong>style<\/strong>:American Country<\/li>\n<li>\n<strong>province<\/strong>:Province du Zhejiang<\/li>\n<li>\n<strong>ville<\/strong>:Hangzhou<\/li>\n<li>\n<strong>Type de comptoir<\/strong>:Comptoir en dalle de pierre<\/li>\n<li>\n<strong>Service en ville<\/strong>:Les acheteurs de la m\u00eame ville r\u00e9cup\u00e8rent les marchandises \u00e0 domicile<\/li>\n<li>\n<strong>Combinaison<\/strong>:With faucet and matching basin<\/li>\n<li>\n<strong>M\u00e9thode d&#039;ouverture et de fermeture<\/strong>:Open the door<\/li>\n<li>\n<strong>Origine<\/strong>:Chine continentale<\/li>\n<li>\n<strong>Fonction<\/strong>:Lighting, anti-fog<\/li>\n<li>\n<strong>Mat\u00e9riau de l&#039;armoire<\/strong>:Rubber wood<\/li>\n<li>\n<strong>Est-ce que cela comprend un \u00e9clairage de miroir ?<\/strong>:Oui<\/li>\n<li>\n<strong>Technologie de surface<\/strong>:Carving<\/li>\n<li>\n<strong>Niveau de protection de l&#039;environnement<\/strong>:E1<\/li>\n<li>\n<strong>trier par couleur<\/strong>:70cm+rock plate ceramic basin + smart mirror, 80cm+rock plate ceramic basin + smart mirror, 90cm+rock plate ceramic basin + smart mirror, 100cm+rock plate ceramic basin + smart mirror, 110cm+rock plate ceramic basin + smart mirror, 120cm+rock plate ceramic basin + smart mirror, 130cm+rock plate ceramic basin + smart mirror, 140cm+rock plate ceramic basin + smart mirror, 150cm+rock plate ceramic basin + smart mirror, 160cm+rock plate ceramic basin + smart mirror, 70cm+rock plate Seamless basin + smart mirror, 80cm + rock seamless basin + smart mirror, 90cm + rock seamless basin + smart mirror, 100cm + rock seamless basin + smart mirror, 110cm + rock seamless basin + smart mirror, 120cm + rock seamless basin + smart mirror, 130cm + rock seamless basin + smart mirror, 150cm + rock seamless basin + smart mirror, 1.9-2 meters upgraded double basin customization contact customer service, 160cm + rock seamless basin + smart mirror, 140cm rock seamless basin smart mirror<\/li>\n<\/ul>\n<p><img><\/p>","protected":false},"excerpt":{"rendered":"<p>brand:other\/other model:AS-0055 style:American Country province:Zhejiang Province city:Hangzhou Countertop Type:Stone slab countertop In-city service:Buyers in the same city pick up the<\/p>","protected":false},"featured_media":124286,"comment_status":"open","ping_status":"closed","template":"","meta":[],"product_brand":[],"product_cat":[30971,30880],"product_tag":[],"class_list":{"0":"post-65056","1":"product","2":"type-product","3":"status-publish","4":"has-post-thumbnail","6":"product_cat-hp","7":"product_cat-wholesales-bathroom-sink","9":"first","10":"instock","11":"taxable","12":"shipping-taxable","13":"purchasable","14":"product-type-variable"},"_links":{"self":[{"href":"https:\/\/nexgendecors.com\/fr\/wp-json\/wp\/v2\/product\/65056","targetHints":{"allow":["GET"]}}],"collection":[{"href":"https:\/\/nexgendecors.com\/fr\/wp-json\/wp\/v2\/product"}],"about":[{"href":"https:\/\/nexgendecors.com\/fr\/wp-json\/wp\/v2\/types\/product"}],"replies":[{"embeddable":true,"href":"https:\/\/nexgendecors.com\/fr\/wp-json\/wp\/v2\/comments?post=65056"}],"version-history":[{"count":0,"href":"https:\/\/nexgendecors.com\/fr\/wp-json\/wp\/v2\/product\/65056\/revisions"}],"wp:featuredmedia":[{"embeddable":true,"href":"https:\/\/nexgendecors.com\/fr\/wp-json\/wp\/v2\/media\/124286"}],"wp:attachment":[{"href":"https:\/\/nexgendecors.com\/fr\/wp-json\/wp\/v2\/media?parent=65056"}],"wp:term":[{"taxonomy":"product_brand","embeddable":true,"href":"https:\/\/nexgendecors.com\/fr\/wp-json\/wp\/v2\/product_brand?post=65056"},{"taxonomy":"product_cat","embeddable":true,"href":"https:\/\/nexgendecors.com\/fr\/wp-json\/wp\/v2\/product_cat?post=65056"},{"taxonomy":"product_tag","embeddable":true,"href":"https:\/\/nexgendecors.com\/fr\/wp-json\/wp\/v2\/product_tag?post=65056"}],"curies":[{"name":"wp","href":"https:\/\/api.w.org\/{rel}","templated":true}]}}