{"id":65214,"date":"2025-01-26T03:06:19","date_gmt":"2025-01-26T03:06:19","guid":{"rendered":"https:\/\/nexgendecors.com\/product\/light-luxury-boss-lift-chair-computer-chair-office-chair-business-meeting-non-tiring-chair-high-end-hotel-stool-net-celebrity-chair-1\/"},"modified":"2025-04-06T09:00:00","modified_gmt":"2025-04-06T09:00:00","slug":"light-luxury-boss-lift-chair-computer-chair-office-chair-business-meeting-non-tiring-chair-high-end-hotel-stool-net-celebrity-chair-1","status":"publish","type":"product","link":"https:\/\/nexgendecors.com\/fr\/product\/light-luxury-boss-lift-chair-computer-chair-office-chair-business-meeting-non-tiring-chair-high-end-hotel-stool-net-celebrity-chair-1\/","title":{"rendered":"Luxury Boss Lift Chair &#8211; Stylish Office &#038; Meeting Stool"},"content":{"rendered":"<ul>\n<li>\n<strong>marque<\/strong>:AIMEIFENG HOME\/AIMEIFENG HOME<\/li>\n<li>\n<strong>mod\u00e8le<\/strong>:01<\/li>\n<li>\n<strong>Mat\u00e9riel<\/strong>:M\u00e9tal<\/li>\n<li>\n<strong>Mat\u00e9riau m\u00e9tallique<\/strong>:fer<\/li>\n<li>\n<strong>\u00e9l\u00e9ments populaires<\/strong>:Gold Leaf<\/li>\n<li>\n<strong>trier par couleur<\/strong>:Lifting and rotating [fireproof leather] flesh color + green, lifting and rotating [fireproof leather] front flesh color + back orange, lifting and rotating [fireproof leather] light gray + dark gray, lifting and rotating [fireproof leather] flesh color + all dark gray, lifting and rotating [fireproof leather] flesh color + orange, lifting and rotating [fireproof leather] flesh color, lifting and rotating [fireproof leather] orange, single card [fireproof leather] flesh color + blue, single card [fireproof leather] light gray + dark gray, single card [fireproof leather] flesh color + orange, single card [fireproof leather] flesh color, single card [fireproof leather] orange, rotating lifting chair [regular] orange, lifting and rotating [fireproof leather] card two flesh color + orange, lifting and rotating [fireproof leather] card two front flesh color + back blue, titanium 60 round table<\/li>\n<li>\n<strong>Mat\u00e9riau en tissu<\/strong>:Cuir<\/li>\n<li>\n<strong>Hauteur du dossier<\/strong>:42cm<\/li>\n<li>\n<strong>Est-ce personnalisable ?<\/strong>:Non<\/li>\n<li>\n<strong>Peut-il \u00eatre \u00e9lev\u00e9 ou abaiss\u00e9 ?<\/strong>:Oui<\/li>\n<li>\n<strong>Est-ce rotatif ?<\/strong>:Oui<\/li>\n<li>\n<strong>Puis-je m&#039;allonger ?<\/strong>:Non<\/li>\n<li>\n<strong>Mat\u00e9riau de pied cinq \u00e9toiles<\/strong>:Pieds en acier<\/li>\n<li>\n<strong>Type de main courante<\/strong>:Accoudoir fixe<\/li>\n<li>\n<strong>Est-ce que cela prend en charge l\u2019ergonomie ?<\/strong>:Non<\/li>\n<li>\n<strong>Origine<\/strong>:Province du Hebei<\/li>\n<li>\n<strong>ville<\/strong>:Ville de Langfang<\/li>\n<li>\n<strong>Districts et comt\u00e9s<\/strong>:Bazhou City<\/li>\n<li>\n<strong>Assembler<\/strong>:Oui<\/li>\n<li>\n<strong>volume du colis<\/strong>:0.99<\/li>\n<li>\n<strong>Un taxi est-il disponible pour le transport ?<\/strong>:Oui<\/li>\n<li>\n<strong>Positionnement de style<\/strong>:Qualit\u00e9 Luxe<\/li>\n<li>\n<strong>Instructions d&#039;installation d\u00e9taill\u00e9es<\/strong>:Aucune instruction d&#039;installation<\/li>\n<li>\n<strong>Poids brut<\/strong>:18kg<\/li>\n<li>\n<strong>Faut-il avoir des p\u00e9dales ?<\/strong>:Oui<\/li>\n<li>\n<strong>Type d&#039;appui-t\u00eate<\/strong>:No headrest<\/li>\n<\/ul>\n<p><img><\/p>","protected":false},"excerpt":{"rendered":"<p>brand:AIMEIFENG HOME\/AIMEIFENG HOME model:01 Material:Metal Metal Material:iron popular elements:Gold Leaf sort by color:Lifting and rotating [fireproof leather] flesh color +<\/p>","protected":false},"featured_media":124406,"comment_status":"open","ping_status":"closed","template":"","meta":[],"product_brand":[],"product_cat":[30852,30862,30971,30859],"product_tag":[],"class_list":{"0":"post-65214","1":"product","2":"type-product","3":"status-publish","4":"has-post-thumbnail","6":"product_cat-dining-set","7":"product_cat-wholesales-hotels","8":"product_cat-hp","9":"product_cat-wholesale-office","11":"first","12":"instock","13":"sale","14":"taxable","15":"shipping-taxable","16":"purchasable","17":"product-type-variable"},"_links":{"self":[{"href":"https:\/\/nexgendecors.com\/fr\/wp-json\/wp\/v2\/product\/65214","targetHints":{"allow":["GET"]}}],"collection":[{"href":"https:\/\/nexgendecors.com\/fr\/wp-json\/wp\/v2\/product"}],"about":[{"href":"https:\/\/nexgendecors.com\/fr\/wp-json\/wp\/v2\/types\/product"}],"replies":[{"embeddable":true,"href":"https:\/\/nexgendecors.com\/fr\/wp-json\/wp\/v2\/comments?post=65214"}],"version-history":[{"count":0,"href":"https:\/\/nexgendecors.com\/fr\/wp-json\/wp\/v2\/product\/65214\/revisions"}],"wp:featuredmedia":[{"embeddable":true,"href":"https:\/\/nexgendecors.com\/fr\/wp-json\/wp\/v2\/media\/124406"}],"wp:attachment":[{"href":"https:\/\/nexgendecors.com\/fr\/wp-json\/wp\/v2\/media?parent=65214"}],"wp:term":[{"taxonomy":"product_brand","embeddable":true,"href":"https:\/\/nexgendecors.com\/fr\/wp-json\/wp\/v2\/product_brand?post=65214"},{"taxonomy":"product_cat","embeddable":true,"href":"https:\/\/nexgendecors.com\/fr\/wp-json\/wp\/v2\/product_cat?post=65214"},{"taxonomy":"product_tag","embeddable":true,"href":"https:\/\/nexgendecors.com\/fr\/wp-json\/wp\/v2\/product_tag?post=65214"}],"curies":[{"name":"wp","href":"https:\/\/api.w.org\/{rel}","templated":true}]}}