{"id":65580,"date":"2025-01-26T03:07:02","date_gmt":"2025-01-26T03:07:02","guid":{"rendered":"https:\/\/nexgendecors.com\/product\/light-luxury-leather-office-chair-comfortable-conference-chair-home-computer-chair-universal-wheel-office-chair-ergonomic-desk-chair\/"},"modified":"2025-04-06T09:00:35","modified_gmt":"2025-04-06T09:00:35","slug":"light-luxury-leather-office-chair-comfortable-conference-chair-home-computer-chair-universal-wheel-office-chair-ergonomic-desk-chair","status":"publish","type":"product","link":"https:\/\/nexgendecors.com\/fr\/product\/light-luxury-leather-office-chair-comfortable-conference-chair-home-computer-chair-universal-wheel-office-chair-ergonomic-desk-chair\/","title":{"rendered":"Ergonomic Light Luxury Leather Office Chair with Wheels"},"content":{"rendered":"<ul>\n<li>\n<strong>marque<\/strong>:OTHER<\/li>\n<li>\n<strong>mod\u00e8le<\/strong>:04 Middle shift buckle<\/li>\n<li>\n<strong>Mat\u00e9riel<\/strong>:Bois<\/li>\n<li>\n<strong>Mat\u00e9riau en bois<\/strong>:Fr\u00eane de Mandchourie<\/li>\n<li>\n<strong>\u00e9l\u00e9ments populaires<\/strong>:Old, wood, metal<\/li>\n<li>\n<strong>trier par couleur<\/strong>:Walnut + apricot gray leather + silver feet, walnut + apricot gray microfiber leather + silver feet, walnut + apricot gray domestic leather + silver feet, walnut + apricot gray imported leather + silver feet, white paint + orange leather + silver feet, white paint + orange microfiber leather + silver feet, white paint + orange domestic leather + silver feet, white paint + orange imported leather + silver feet, walnut + apricot gray leather + gold feet, walnut + apricot gray microfiber leather + gold feet, walnut + apricot gray domestic leather + gold feet, walnut + apricot gray imported leather + gold feet, white paint + orange leather + gold feet, white paint + orange microfiber leather + gold feet, white paint + orange domestic leather + gold feet, white paint + orange imported leather + gold feet, custom other colors contact customer service<\/li>\n<li>\n<strong>Mat\u00e9riau en tissu<\/strong>:Cuir<\/li>\n<li>\n<strong>Hauteur du dossier<\/strong>:42cm<\/li>\n<li>\n<strong>Est-ce personnalisable ?<\/strong>:Oui<\/li>\n<li>\n<strong>Peut-il \u00eatre \u00e9lev\u00e9 ou abaiss\u00e9 ?<\/strong>:Oui<\/li>\n<li>\n<strong>Est-ce rotatif ?<\/strong>:Oui<\/li>\n<li>\n<strong>Puis-je m&#039;allonger ?<\/strong>:Non<\/li>\n<li>\n<strong>Mat\u00e9riau de pied cinq \u00e9toiles<\/strong>:Pieds en alliage d&#039;aluminium<\/li>\n<li>\n<strong>Type de main courante<\/strong>:Accoudoir fixe<\/li>\n<li>\n<strong>Est-ce que cela prend en charge l\u2019ergonomie ?<\/strong>:Oui<\/li>\n<li>\n<strong>Districts et comt\u00e9s<\/strong>:Nanhai District<\/li>\n<li>\n<strong>Assembler<\/strong>:Oui<\/li>\n<li>\n<strong>volume du colis<\/strong>:0.2<\/li>\n<li>\n<strong>Un taxi est-il disponible pour le transport ?<\/strong>:Oui<\/li>\n<li>\n<strong>Positionnement de style<\/strong>:Style artistique<\/li>\n<li>\n<strong>Poids brut<\/strong>:18kg<\/li>\n<li>\n<strong>Faut-il avoir des p\u00e9dales ?<\/strong>:Non<\/li>\n<li>\n<strong>Type d&#039;appui-t\u00eate<\/strong>:No headrest<\/li>\n<li>\n<strong><\/strong>:<\/li>\n<\/ul>\n<p><img><\/p>","protected":false},"excerpt":{"rendered":"<p>brand:OTHER model:04 Middle shift buckle Material:Wood Wood material:Manchurian ash popular elements:Old, wood, metal sort by color:Walnut + apricot gray leather<\/p>","protected":false},"featured_media":124713,"comment_status":"open","ping_status":"closed","template":"","meta":[],"product_brand":[],"product_cat":[30971,30859],"product_tag":[],"class_list":{"0":"post-65580","1":"product","2":"type-product","3":"status-publish","4":"has-post-thumbnail","6":"product_cat-hp","7":"product_cat-wholesale-office","9":"first","10":"instock","11":"sale","12":"taxable","13":"shipping-taxable","14":"purchasable","15":"product-type-variable"},"_links":{"self":[{"href":"https:\/\/nexgendecors.com\/fr\/wp-json\/wp\/v2\/product\/65580","targetHints":{"allow":["GET"]}}],"collection":[{"href":"https:\/\/nexgendecors.com\/fr\/wp-json\/wp\/v2\/product"}],"about":[{"href":"https:\/\/nexgendecors.com\/fr\/wp-json\/wp\/v2\/types\/product"}],"replies":[{"embeddable":true,"href":"https:\/\/nexgendecors.com\/fr\/wp-json\/wp\/v2\/comments?post=65580"}],"version-history":[{"count":0,"href":"https:\/\/nexgendecors.com\/fr\/wp-json\/wp\/v2\/product\/65580\/revisions"}],"wp:featuredmedia":[{"embeddable":true,"href":"https:\/\/nexgendecors.com\/fr\/wp-json\/wp\/v2\/media\/124713"}],"wp:attachment":[{"href":"https:\/\/nexgendecors.com\/fr\/wp-json\/wp\/v2\/media?parent=65580"}],"wp:term":[{"taxonomy":"product_brand","embeddable":true,"href":"https:\/\/nexgendecors.com\/fr\/wp-json\/wp\/v2\/product_brand?post=65580"},{"taxonomy":"product_cat","embeddable":true,"href":"https:\/\/nexgendecors.com\/fr\/wp-json\/wp\/v2\/product_cat?post=65580"},{"taxonomy":"product_tag","embeddable":true,"href":"https:\/\/nexgendecors.com\/fr\/wp-json\/wp\/v2\/product_tag?post=65580"}],"curies":[{"name":"wp","href":"https:\/\/api.w.org\/{rel}","templated":true}]}}