{"id":65654,"date":"2025-01-26T03:07:14","date_gmt":"2025-01-26T03:07:14","guid":{"rendered":"https:\/\/nexgendecors.com\/product\/light-luxury-negotiation-table-and-chair-combination-sales-office-reception-guest-leisure-sofa-business-balcony-rock-slab-triangle-table\/"},"modified":"2025-04-06T09:00:58","modified_gmt":"2025-04-06T09:00:58","slug":"light-luxury-negotiation-table-and-chair-combination-sales-office-reception-guest-leisure-sofa-business-balcony-rock-slab-triangle-table","status":"publish","type":"product","link":"https:\/\/nexgendecors.com\/fr\/product\/light-luxury-negotiation-table-and-chair-combination-sales-office-reception-guest-leisure-sofa-business-balcony-rock-slab-triangle-table\/","title":{"rendered":"Ensemble de canap\u00e9s et de tables triangulaires de luxe l\u00e9gers pour r\u00e9ception"},"content":{"rendered":"<ul>\n<li>\n<strong>marque<\/strong>:Shadow<\/li>\n<li>\n<strong>mod\u00e8le<\/strong>:CX03<\/li>\n<li>\n<strong>style<\/strong>:Luxe l\u00e9ger<\/li>\n<li>\n<strong>forme<\/strong>:triangle<\/li>\n<li>\n<strong>Type d&#039;emballage<\/strong>:Assembl\u00e9e<\/li>\n<li>\n<strong>trier par couleur<\/strong>:White slate orange white slate yellow white slate gray white slate coffee white slate blue white slate green black slate (consult customer service and note the color when placing an order)<\/li>\n<li>\n<strong>Mat\u00e9riau de finition<\/strong>:Panneau de roche<\/li>\n<li>\n<strong>Est-ce \u00e9volutif ?<\/strong>:Non<\/li>\n<li>\n<strong>Est-ce personnalisable ?<\/strong>:Oui<\/li>\n<li>\n<strong>Faut-il apporter une platine vinyle ?<\/strong>:Non<\/li>\n<li>\n<strong>Le bureau est-il r\u00e9glable ?<\/strong>:Non<\/li>\n<li>\n<strong>Que ce soit avec un rouleau<\/strong>:Non<\/li>\n<li>\n<strong>Faut-il apporter une pompe ?<\/strong>:Non<\/li>\n<li>\n<strong>Y a-t-il une armoire ?<\/strong>:Non<\/li>\n<li>\n<strong>Nombre de couches<\/strong>:1 histoire<\/li>\n<li>\n<strong>Structure du meuble<\/strong>:Cadre<\/li>\n<li>\n<strong>Faut-il apporter une chaise ou un tabouret ?<\/strong>:Oui<\/li>\n<li>\n<strong>Assembler<\/strong>:Assembl\u00e9e<\/li>\n<li>\n<strong>volume du colis<\/strong>:0.5<\/li>\n<li>\n<strong>La pr\u00e9vente est-elle disponible ?<\/strong>:Oui<\/li>\n<li>\n<strong>Un taxi est-il disponible pour le transport ?<\/strong>:Oui<\/li>\n<li>\n<strong>Positionnement de style<\/strong>:Qualit\u00e9 Luxe<\/li>\n<li>\n<strong>Poids brut<\/strong>:40kg<\/li>\n<li>\n<strong>S&#039;il dispose d&#039;une fonction de cuisson \u00e0 induction<\/strong>:Non<\/li>\n<li>\n<strong><\/strong>:<\/li>\n<\/ul>\n<p><img><\/p>","protected":false},"excerpt":{"rendered":"<p>Marque : Shadow Mod\u00e8le : CX03 Style : Luxe l\u00e9ger Forme : Triangle Type d&#039;emballage : Assemblage Trier par couleur : Ardoise blanche Orange Ardoise blanche Jaune Ardoise blanche Gris Ardoise blanche<\/p>","protected":false},"featured_media":124760,"comment_status":"open","ping_status":"closed","template":"","meta":[],"product_brand":[],"product_cat":[30897,30862,30971,30859,30860,30850],"product_tag":[],"class_list":{"0":"post-65654","1":"product","2":"type-product","3":"status-publish","4":"has-post-thumbnail","6":"product_cat-bs-restaurant","7":"product_cat-wholesales-hotels","8":"product_cat-hp","9":"product_cat-wholesale-office","10":"product_cat-wholesale-restaurant","11":"product_cat-wholesale-furniture","13":"first","14":"instock","15":"taxable","16":"shipping-taxable","17":"purchasable","18":"product-type-variable"},"_links":{"self":[{"href":"https:\/\/nexgendecors.com\/fr\/wp-json\/wp\/v2\/product\/65654","targetHints":{"allow":["GET"]}}],"collection":[{"href":"https:\/\/nexgendecors.com\/fr\/wp-json\/wp\/v2\/product"}],"about":[{"href":"https:\/\/nexgendecors.com\/fr\/wp-json\/wp\/v2\/types\/product"}],"replies":[{"embeddable":true,"href":"https:\/\/nexgendecors.com\/fr\/wp-json\/wp\/v2\/comments?post=65654"}],"version-history":[{"count":0,"href":"https:\/\/nexgendecors.com\/fr\/wp-json\/wp\/v2\/product\/65654\/revisions"}],"wp:featuredmedia":[{"embeddable":true,"href":"https:\/\/nexgendecors.com\/fr\/wp-json\/wp\/v2\/media\/124760"}],"wp:attachment":[{"href":"https:\/\/nexgendecors.com\/fr\/wp-json\/wp\/v2\/media?parent=65654"}],"wp:term":[{"taxonomy":"product_brand","embeddable":true,"href":"https:\/\/nexgendecors.com\/fr\/wp-json\/wp\/v2\/product_brand?post=65654"},{"taxonomy":"product_cat","embeddable":true,"href":"https:\/\/nexgendecors.com\/fr\/wp-json\/wp\/v2\/product_cat?post=65654"},{"taxonomy":"product_tag","embeddable":true,"href":"https:\/\/nexgendecors.com\/fr\/wp-json\/wp\/v2\/product_tag?post=65654"}],"curies":[{"name":"wp","href":"https:\/\/api.w.org\/{rel}","templated":true}]}}