{"id":65663,"date":"2025-01-26T03:07:15","date_gmt":"2025-01-26T03:07:15","guid":{"rendered":"https:\/\/nexgendecors.com\/product\/light-luxury-negotiation-table-and-chair-combination-sales-office-reception-guest-leisure-sofa-milk-tea-shop-rock-plate-balcony-small-round-table\/"},"modified":"2025-04-06T09:01:03","modified_gmt":"2025-04-06T09:01:03","slug":"light-luxury-negotiation-table-and-chair-combination-sales-office-reception-guest-leisure-sofa-milk-tea-shop-rock-plate-balcony-small-round-table","status":"publish","type":"product","link":"https:\/\/nexgendecors.com\/fr\/product\/light-luxury-negotiation-table-and-chair-combination-sales-office-reception-guest-leisure-sofa-milk-tea-shop-rock-plate-balcony-small-round-table\/","title":{"rendered":"Ensemble table et chaises rondes de luxe et l\u00e9g\u00e8res pour r\u00e9ception et loisirs"},"content":{"rendered":"<ul>\n<li>\n<strong>marque<\/strong>:Shadow<\/li>\n<li>\n<strong>mod\u00e8le<\/strong>:HB1+2<\/li>\n<li>\n<strong>Fonction<\/strong>:Autre<\/li>\n<li>\n<strong>mod\u00e8le<\/strong>:Art<\/li>\n<li>\n<strong>style<\/strong>:Simple et moderne<\/li>\n<li>\n<strong>forme<\/strong>:Rond<\/li>\n<li>\n<strong>Nombre de personnes applicable<\/strong>:2 personnes<\/li>\n<li>\n<strong>Type d&#039;emballage<\/strong>:Assembl\u00e9e<\/li>\n<li>\n<strong>trier par couleur<\/strong>:Pandora Gloss + Orange Pandora Gloss + Coffee Pandora Gloss + Gray Pandora Gloss + Blue Pandora Gloss + Green Pandora Gloss + Black Gray Gloss + Orange Gray Gloss + Coffee Gray Gloss + Gray Gray Gloss + Blue Gray Gloss + Green Gray Gloss + Black White Gloss + Orange White Gloss + Coffee White Gloss + Gray White Gloss + Blue White Gloss + Green White Gloss + Black Black Matte + Orange Black Matte + Coffee Black Matte + Gray Black Matte + Blue Black Matte + Green Black Matte + Black<\/li>\n<li>\n<strong>Mat\u00e9riau de finition<\/strong>:Panneau de roche<\/li>\n<li>\n<strong>Est-ce \u00e9volutif ?<\/strong>:Non<\/li>\n<li>\n<strong>Est-ce personnalisable ?<\/strong>:Oui<\/li>\n<li>\n<strong>Faut-il apporter une platine vinyle ?<\/strong>:Non<\/li>\n<li>\n<strong>Le bureau est-il r\u00e9glable ?<\/strong>:Non<\/li>\n<li>\n<strong>Que ce soit avec un rouleau<\/strong>:Non<\/li>\n<li>\n<strong>Faut-il apporter une pompe ?<\/strong>:Non<\/li>\n<li>\n<strong>Y a-t-il une armoire ?<\/strong>:Non<\/li>\n<li>\n<strong>Nombre de couches<\/strong>:1 histoire<\/li>\n<li>\n<strong>Structure du meuble<\/strong>:Cadre<\/li>\n<li>\n<strong>Faut-il apporter une chaise ou un tabouret ?<\/strong>:Oui<\/li>\n<li>\n<strong>Assembler<\/strong>:Assembl\u00e9e<\/li>\n<li>\n<strong>volume du colis<\/strong>:0.5<\/li>\n<li>\n<strong>La pr\u00e9vente est-elle disponible ?<\/strong>:Oui<\/li>\n<li>\n<strong>Positionnement de style<\/strong>:Qualit\u00e9 Luxe<\/li>\n<li>\n<strong>Poids brut<\/strong>:48kg<\/li>\n<li>\n<strong>taille<\/strong>:60x60x55cm<\/li>\n<li>\n<strong>S&#039;il dispose d&#039;une fonction de cuisson \u00e0 induction<\/strong>:Non<\/li>\n<li>\n<strong><\/strong>:<\/li>\n<\/ul>\n<p><img><\/p>","protected":false},"excerpt":{"rendered":"<p>Marque : Shadow Mod\u00e8le : HB1+2 Fonction : Autre Motif : Art Style : Simple et moderne Forme : Ronde Nombre de personnes applicable : 2 personnes Type d&#039;emballage : Assemblage Trier par couleur : Pandora Gloss +<\/p>","protected":false},"featured_media":124771,"comment_status":"open","ping_status":"closed","template":"","meta":[],"product_brand":[],"product_cat":[30897,30862,30971,30859,30860,30850],"product_tag":[],"class_list":{"0":"post-65663","1":"product","2":"type-product","3":"status-publish","4":"has-post-thumbnail","6":"product_cat-bs-restaurant","7":"product_cat-wholesales-hotels","8":"product_cat-hp","9":"product_cat-wholesale-office","10":"product_cat-wholesale-restaurant","11":"product_cat-wholesale-furniture","13":"first","14":"instock","15":"taxable","16":"shipping-taxable","17":"purchasable","18":"product-type-variable"},"_links":{"self":[{"href":"https:\/\/nexgendecors.com\/fr\/wp-json\/wp\/v2\/product\/65663","targetHints":{"allow":["GET"]}}],"collection":[{"href":"https:\/\/nexgendecors.com\/fr\/wp-json\/wp\/v2\/product"}],"about":[{"href":"https:\/\/nexgendecors.com\/fr\/wp-json\/wp\/v2\/types\/product"}],"replies":[{"embeddable":true,"href":"https:\/\/nexgendecors.com\/fr\/wp-json\/wp\/v2\/comments?post=65663"}],"version-history":[{"count":0,"href":"https:\/\/nexgendecors.com\/fr\/wp-json\/wp\/v2\/product\/65663\/revisions"}],"wp:featuredmedia":[{"embeddable":true,"href":"https:\/\/nexgendecors.com\/fr\/wp-json\/wp\/v2\/media\/124771"}],"wp:attachment":[{"href":"https:\/\/nexgendecors.com\/fr\/wp-json\/wp\/v2\/media?parent=65663"}],"wp:term":[{"taxonomy":"product_brand","embeddable":true,"href":"https:\/\/nexgendecors.com\/fr\/wp-json\/wp\/v2\/product_brand?post=65663"},{"taxonomy":"product_cat","embeddable":true,"href":"https:\/\/nexgendecors.com\/fr\/wp-json\/wp\/v2\/product_cat?post=65663"},{"taxonomy":"product_tag","embeddable":true,"href":"https:\/\/nexgendecors.com\/fr\/wp-json\/wp\/v2\/product_tag?post=65663"}],"curies":[{"name":"wp","href":"https:\/\/api.w.org\/{rel}","templated":true}]}}