{"id":65840,"date":"2025-01-26T03:07:34","date_gmt":"2025-01-26T03:07:34","guid":{"rendered":"https:\/\/nexgendecors.com\/product\/simple-milk-tea-shop-reception-and-negotiation-table-and-chair-combination-sales-office-negotiation-leisure-meeting-light-luxury-round-table-one-table-and-four-chairs\/"},"modified":"2025-04-06T09:01:33","modified_gmt":"2025-04-06T09:01:33","slug":"simple-milk-tea-shop-reception-and-negotiation-table-and-chair-combination-sales-office-negotiation-leisure-meeting-light-luxury-round-table-one-table-and-four-chairs","status":"publish","type":"product","link":"https:\/\/nexgendecors.com\/fr\/product\/simple-milk-tea-shop-reception-and-negotiation-table-and-chair-combination-sales-office-negotiation-leisure-meeting-light-luxury-round-table-one-table-and-four-chairs\/","title":{"rendered":"Table ronde de luxe l\u00e9g\u00e8re et 4 chaises pour r\u00e9unions"},"content":{"rendered":"<ul>\n<li>\n<strong>marque<\/strong>:Zhongmin Yunshang<\/li>\n<li>\n<strong>mod\u00e8le<\/strong>:SENSE0247<\/li>\n<li>\n<strong>Fonction<\/strong>:Autre<\/li>\n<li>\n<strong>mod\u00e8le<\/strong>:autre<\/li>\n<li>\n<strong>style<\/strong>:Europe du Nord<\/li>\n<li>\n<strong>forme<\/strong>:Rond<\/li>\n<li>\n<strong>Nombre de personnes applicable<\/strong>:4 personnes<\/li>\n<li>\n<strong>\u00e9l\u00e9ments populaires<\/strong>:Alien Master Design<\/li>\n<li>\n<strong>Type d&#039;emballage<\/strong>:Paquet<\/li>\n<li>\n<strong>trier par couleur<\/strong>:1 velvet geometric round table 60+4 curve chairs (blue) velvet geometric round table (60) graceful round table 60 1 velvet geometric round table 60+3 curve chairs (off-white) 1 velvet geometric round table 60+3 curve chairs (blue) Color notes 1 velvet geometric round table 60+4 curve chairs (off-white) 1 velvet geometric round table 60+2 curve chairs (emerald) 1 velvet geometric round table 60+2 curve chairs (off-white) Curved chairs (color notes) 1 velvet geometric round table 60+4 curve chairs (emerald) 1 velvet geometric round table 60+2 curve chairs (blue) 1 velvet geometric round table 60+4 curve chairs (light gray) 1 velvet geometric round table 60+3 curve chairs (emerald) 1 velvet geometric round table 60+2 curve chairs (light gray) 1 velvet geometric round table 60+3 curve chairs (light gray)<\/li>\n<li>\n<strong>Mat\u00e9riau de finition<\/strong>:Panneau de roche<\/li>\n<li>\n<strong>Est-ce \u00e9volutif ?<\/strong>:Non<\/li>\n<li>\n<strong>Est-ce personnalisable ?<\/strong>:Oui<\/li>\n<li>\n<strong>Faut-il apporter une platine vinyle ?<\/strong>:Non<\/li>\n<li>\n<strong>Le bureau est-il r\u00e9glable ?<\/strong>:Non<\/li>\n<li>\n<strong>Que ce soit avec un rouleau<\/strong>:Non<\/li>\n<li>\n<strong>Faut-il apporter une pompe ?<\/strong>:Non<\/li>\n<li>\n<strong>Y a-t-il une armoire ?<\/strong>:Non<\/li>\n<li>\n<strong>Nombre de couches<\/strong>:1 histoire<\/li>\n<li>\n<strong>Structure du meuble<\/strong>:Cadre<\/li>\n<li>\n<strong>Faut-il apporter une chaise ou un tabouret ?<\/strong>:Oui<\/li>\n<li>\n<strong>Origine<\/strong>:Province du Fujian<\/li>\n<li>\n<strong>ville<\/strong>:Ville de Quanzhou<\/li>\n<li>\n<strong>Districts et comt\u00e9s<\/strong>:Comt\u00e9 d&#039;Anxi<\/li>\n<li>\n<strong>Assembler<\/strong>:Non<\/li>\n<li>\n<strong>volume du colis<\/strong>:0<\/li>\n<li>\n<strong>La pr\u00e9vente est-elle disponible ?<\/strong>:Non<\/li>\n<li>\n<strong>Un taxi est-il disponible pour le transport ?<\/strong>:Non<\/li>\n<li>\n<strong>Positionnement de style<\/strong>:Style artistique<\/li>\n<li>\n<strong>Instructions d&#039;installation d\u00e9taill\u00e9es<\/strong>:Fournir des instructions d&#039;installation<\/li>\n<li>\n<strong>Poids brut<\/strong>:0kg<\/li>\n<li>\n<strong>S&#039;il dispose d&#039;une fonction de cuisson \u00e0 induction<\/strong>:Non<\/li>\n<\/ul>\n<p><img><\/p>","protected":false},"excerpt":{"rendered":"<p>Marque : Zhongmin Yunshang Mod\u00e8le : SENSE0247 Fonction : Autre Motif : Autre Style : Europe du Nord Forme : Ronde Nombre de personnes applicable : 4 personnes \u00c9l\u00e9ments populaires : Alien Master Design Type d&#039;emballage : Trier par paquet<\/p>","protected":false},"featured_media":124910,"comment_status":"open","ping_status":"closed","template":"","meta":[],"product_brand":[],"product_cat":[30897,30862,30971,30860,30865],"product_tag":[],"class_list":{"0":"post-65840","1":"product","2":"type-product","3":"status-publish","4":"has-post-thumbnail","6":"product_cat-bs-restaurant","7":"product_cat-wholesales-hotels","8":"product_cat-hp","9":"product_cat-wholesale-restaurant","10":"product_cat-wholesales-salons-shops","12":"first","13":"instock","14":"sale","15":"taxable","16":"shipping-taxable","17":"purchasable","18":"product-type-variable"},"_links":{"self":[{"href":"https:\/\/nexgendecors.com\/fr\/wp-json\/wp\/v2\/product\/65840","targetHints":{"allow":["GET"]}}],"collection":[{"href":"https:\/\/nexgendecors.com\/fr\/wp-json\/wp\/v2\/product"}],"about":[{"href":"https:\/\/nexgendecors.com\/fr\/wp-json\/wp\/v2\/types\/product"}],"replies":[{"embeddable":true,"href":"https:\/\/nexgendecors.com\/fr\/wp-json\/wp\/v2\/comments?post=65840"}],"version-history":[{"count":0,"href":"https:\/\/nexgendecors.com\/fr\/wp-json\/wp\/v2\/product\/65840\/revisions"}],"wp:featuredmedia":[{"embeddable":true,"href":"https:\/\/nexgendecors.com\/fr\/wp-json\/wp\/v2\/media\/124910"}],"wp:attachment":[{"href":"https:\/\/nexgendecors.com\/fr\/wp-json\/wp\/v2\/media?parent=65840"}],"wp:term":[{"taxonomy":"product_brand","embeddable":true,"href":"https:\/\/nexgendecors.com\/fr\/wp-json\/wp\/v2\/product_brand?post=65840"},{"taxonomy":"product_cat","embeddable":true,"href":"https:\/\/nexgendecors.com\/fr\/wp-json\/wp\/v2\/product_cat?post=65840"},{"taxonomy":"product_tag","embeddable":true,"href":"https:\/\/nexgendecors.com\/fr\/wp-json\/wp\/v2\/product_tag?post=65840"}],"curies":[{"name":"wp","href":"https:\/\/api.w.org\/{rel}","templated":true}]}}