{"id":65976,"date":"2025-01-26T03:07:49","date_gmt":"2025-01-26T03:07:49","guid":{"rendered":"https:\/\/nexgendecors.com\/product\/light-luxury-two-end-bedroom-height-adjustable-bedside-small-chandelier-minimalist-postmodern-living-room-background-wall-single-head-lamp\/"},"modified":"2025-04-06T09:01:58","modified_gmt":"2025-04-06T09:01:58","slug":"lustre-de-luxe-leger-a-deux-extremites-pour-chambre-a-coucher-reglable-en-hauteur-petit-lustre-minimaliste-postmoderne-pour-salon-lampe-murale-a-tete-unique","status":"publish","type":"product","link":"https:\/\/nexgendecors.com\/fr\/product\/lustre-de-luxe-leger-a-deux-extremites-pour-chambre-a-coucher-reglable-en-hauteur-petit-lustre-minimaliste-postmoderne-pour-salon-lampe-murale-a-tete-unique\/","title":{"rendered":"Lustre minimaliste r\u00e9glable pour salon"},"content":{"rendered":"<ul>\n<li>\n<strong>style<\/strong>:Simple et moderne<\/li>\n<li>\n<strong>Origine<\/strong>:Chine continentale<\/li>\n<li>\n<strong>Temp\u00e9rature de couleur de la source lumineuse Valeur K<\/strong>:4000K<\/li>\n<li>\n<strong>Espace applicable<\/strong>:Chambre\/Bureau<\/li>\n<li>\n<strong>trier par couleur<\/strong>:T\u00eate simple dor\u00e9e, lumi\u00e8re neutre, t\u00eate simple dor\u00e9e, lumi\u00e8re tricolore, t\u00eate simple noire, lumi\u00e8re neutre, t\u00eate simple noire, lumi\u00e8re tricolore, deux t\u00eates dor\u00e9es, lumi\u00e8re neutre, deux t\u00eates dor\u00e9es, lumi\u00e8re tricolore, deux t\u00eates noires, lumi\u00e8re neutre, deux t\u00eates noires, lumi\u00e8re tricolore<\/li>\n<li>\n<strong>La lampe a-t-elle une source lumineuse ?<\/strong>:Oui<\/li>\n<li>\n<strong>Service en ville<\/strong>:Livraison porte-\u00e0-porte logistique intra-urbaine<\/li>\n<li>\n<strong>Tension<\/strong>:100V-240V<\/li>\n<li>\n<strong>Mat\u00e9riau principal du corps de la lampe<\/strong>:aluminium<\/li>\n<li>\n<strong>Mat\u00e9riau principal de l&#039;abat-jour<\/strong>:Abat-jour en PMMA \u00e0 haute transmission lumineuse<\/li>\n<li>\n<strong>type de source lumineuse<\/strong>:Lumi\u00e8res LED<\/li>\n<li>\n<strong>Zone d&#039;irradiation<\/strong>:3\u33a1-5\u33a1<\/li>\n<li>\n<strong>Type de contr\u00f4le<\/strong>:autre<\/li>\n<li>\n<strong>Temp\u00e9rature de couleur<\/strong>:Lumi\u00e8re tricolore<\/li>\n<li>\n<strong>Mat\u00e9riau auxiliaire pour abat-jour<\/strong>:Abat-jour en PMMA \u00e0 haute transmission lumineuse<\/li>\n<li>\n<strong>P\u00e9riode de garantie<\/strong>:3 ans<\/li>\n<li>\n<strong>Mat\u00e9riau auxiliaire du corps de la lampe<\/strong>:fer<\/li>\n<li>\n<strong>Type intelligent<\/strong>:Autres renseignements<\/li>\n<li>\n<strong>Que ce soit un contr\u00f4le intelligent<\/strong>:Non<\/li>\n<li>\n<strong>Forme de la lampe<\/strong>:Lustre en forme de ligne de p\u00eache<\/li>\n<li>\n<strong>Nombre de t\u00eates de lampe<\/strong>:1<\/li>\n<li>\n<strong>Type de lustre<\/strong>:Autre<\/li>\n<li>\n<strong>Num\u00e9ro de certificat 3C<\/strong>:2020171001003903<\/li>\n<li>\n<strong><\/strong>:<\/li>\n<\/ul>\n<p><img><\/p>","protected":false},"excerpt":{"rendered":"<p>style:Simple and modern Origin:Chinese mainland Light source color temperature K value:4000K Applicable space:Bedroom\/Study sort by color:Gold single head, neutral light,<\/p>","protected":false},"featured_media":125051,"comment_status":"open","ping_status":"closed","template":"","meta":[],"product_brand":[],"product_cat":[30971,30864],"product_tag":[],"class_list":{"0":"post-65976","1":"product","2":"type-product","3":"status-publish","4":"has-post-thumbnail","6":"product_cat-hp","7":"product_cat-new-wholesales-lights","9":"first","10":"instock","11":"taxable","12":"shipping-taxable","13":"purchasable","14":"product-type-variable"},"_links":{"self":[{"href":"https:\/\/nexgendecors.com\/fr\/wp-json\/wp\/v2\/product\/65976","targetHints":{"allow":["GET"]}}],"collection":[{"href":"https:\/\/nexgendecors.com\/fr\/wp-json\/wp\/v2\/product"}],"about":[{"href":"https:\/\/nexgendecors.com\/fr\/wp-json\/wp\/v2\/types\/product"}],"replies":[{"embeddable":true,"href":"https:\/\/nexgendecors.com\/fr\/wp-json\/wp\/v2\/comments?post=65976"}],"version-history":[{"count":0,"href":"https:\/\/nexgendecors.com\/fr\/wp-json\/wp\/v2\/product\/65976\/revisions"}],"wp:featuredmedia":[{"embeddable":true,"href":"https:\/\/nexgendecors.com\/fr\/wp-json\/wp\/v2\/media\/125051"}],"wp:attachment":[{"href":"https:\/\/nexgendecors.com\/fr\/wp-json\/wp\/v2\/media?parent=65976"}],"wp:term":[{"taxonomy":"product_brand","embeddable":true,"href":"https:\/\/nexgendecors.com\/fr\/wp-json\/wp\/v2\/product_brand?post=65976"},{"taxonomy":"product_cat","embeddable":true,"href":"https:\/\/nexgendecors.com\/fr\/wp-json\/wp\/v2\/product_cat?post=65976"},{"taxonomy":"product_tag","embeddable":true,"href":"https:\/\/nexgendecors.com\/fr\/wp-json\/wp\/v2\/product_tag?post=65976"}],"curies":[{"name":"wp","href":"https:\/\/api.w.org\/{rel}","templated":true}]}}