{"id":66177,"date":"2025-01-26T03:08:22","date_gmt":"2025-01-26T03:08:22","guid":{"rendered":"https:\/\/nexgendecors.com\/product\/living-room-staircase-chandelier-long-chandelier-loft-duplex-apartment-light-luxury-nordic-modern-minimalist-villa-net-red-crystal-lamp\/"},"modified":"2025-04-06T09:02:22","modified_gmt":"2025-04-06T09:02:22","slug":"lustre-descalier-de-salon-long-lustre-loft-duplex-appartement-lumiere-luxe-nordique-moderne-minimaliste-villa-net-lampe-en-cristal-rouge","status":"publish","type":"product","link":"https:\/\/nexgendecors.com\/fr\/product\/lustre-descalier-de-salon-long-lustre-loft-duplex-appartement-lumiere-luxe-nordique-moderne-minimaliste-villa-net-lampe-en-cristal-rouge\/","title":{"rendered":"Lustre en cristal moderne et nordique pour villa loft duplex"},"content":{"rendered":"<ul>\n<li>\n<strong>marque<\/strong>:Lumi\u00e8re des \u00e9toiles<\/li>\n<li>\n<strong>mod\u00e8le<\/strong>:Lustre d&#039;escalier Star Light<\/li>\n<li>\n<strong>pouvoir<\/strong>:11 W (inclus) \u2013 15 W (inclus)<\/li>\n<li>\n<strong>style<\/strong>:Europe du Nord<\/li>\n<li>\n<strong>Temp\u00e9rature de couleur de la source lumineuse Valeur K<\/strong>:3000K<\/li>\n<li>\n<strong>Espace applicable<\/strong>:LOFT\/Duplex Maison Duplex\/Escalier<\/li>\n<li>\n<strong>trier par couleur<\/strong>:Barre ronde noire \u00e0 6 t\u00eates, lumi\u00e8re chaude, diam\u00e8tre du disque r\u00e9glable de 2 m\u00e8tres, 30 cm. Barre ronde noire \u00e0 6 t\u00eates, lumi\u00e8re tricolore, diam\u00e8tre du disque r\u00e9glable de 2 m\u00e8tres, 30 cm. Barre ronde noire \u00e0 une t\u00eate, lumi\u00e8re chaude, diam\u00e8tre du disque r\u00e9glable de 2 m\u00e8tres, 30 cm. Barre carr\u00e9e noire \u00e0 6 t\u00eates, lumi\u00e8re tricolore, diam\u00e8tre du disque r\u00e9glable de 2 m\u00e8tres, 30 cm. Barre ronde dor\u00e9e \u00e0 6 t\u00eates, lumi\u00e8re chaude, diam\u00e8tre du disque r\u00e9glable de 2 m\u00e8tres, 30 cm. Barre ronde dor\u00e9e \u00e0 6 t\u00eates, lumi\u00e8re tricolore, diam\u00e8tre du disque r\u00e9glable de 2 m\u00e8tres, 30 cm. Barre carr\u00e9e dor\u00e9e \u00e0 6 t\u00eates, lumi\u00e8re chaude, diam\u00e8tre du disque r\u00e9glable de 2 m\u00e8tres, 30 cm. Barre carr\u00e9e dor\u00e9e \u00e0 6 t\u00eates, lumi\u00e8re tricolore, diam\u00e8tre du disque r\u00e9glable de 2 m\u00e8tres, 30 cm. Barre ronde noire \u00e0 9 t\u00eates, lumi\u00e8re chaude, diam\u00e8tre du disque r\u00e9glable de 3 m\u00e8tres, 35 cm. Barre ronde noire \u00e0 9 t\u00eates, lumi\u00e8re tricolore, diam\u00e8tre du disque r\u00e9glable de 3 m\u00e8tres, 35 cm. Barre carr\u00e9e noire \u00e0 9 t\u00eates, lumi\u00e8re chaude, diam\u00e8tre du disque r\u00e9glable de 3 m\u00e8tres, 35 cm. Barre carr\u00e9e noire \u00e0 9 t\u00eates, lumi\u00e8re tricolore Barre ronde dor\u00e9e r\u00e9glable de 3 m\u00e8tres, 9 disques de lumi\u00e8re chaude, diam\u00e8tre de disque de 35 cm, barre ronde dor\u00e9e r\u00e9glable de 3 m\u00e8tres, 9 disques de lumi\u00e8re tricolore, diam\u00e8tre de disque de 35 cm, barre carr\u00e9e dor\u00e9e r\u00e9glable de 3 m\u00e8tres, 9 disques de lumi\u00e8re chaude, diam\u00e8tre de disque de 35 cm, barre carr\u00e9e dor\u00e9e r\u00e9glable de 3 m\u00e8tres, 9 disques de lumi\u00e8re tricolore, diam\u00e8tre de disque de 35 cm, barre ronde noire r\u00e9glable de 3 m\u00e8tres, 12 disques de lumi\u00e8re chaude, diam\u00e8tre de disque de 40 cm, barre ronde noire r\u00e9glable de 3 m\u00e8tres, 12 disques de lumi\u00e8re tricolore, diam\u00e8tre de disque de 40 cm, barre carr\u00e9e noire r\u00e9glable de 3 m\u00e8tres, 12 disques de lumi\u00e8re chaude, diam\u00e8tre de disque de 40 cm, barre carr\u00e9e noire r\u00e9glable de 3 m\u00e8tres, 12 disques de lumi\u00e8re tricolore, diam\u00e8tre de disque de 40 cm, barre ronde dor\u00e9e r\u00e9glable de 3 m\u00e8tres, 12 disques de lumi\u00e8re chaude, diam\u00e8tre de disque de 40 cm, barre ronde dor\u00e9e r\u00e9glable de 3 m\u00e8tres, 12 disques de lumi\u00e8re tricolore, diam\u00e8tre de disque de 40 cm, barre carr\u00e9e dor\u00e9e r\u00e9glable de 3 m\u00e8tres, 12 disques de lumi\u00e8re chaude, diam\u00e8tre de disque de 40 cm, barre carr\u00e9e dor\u00e9e r\u00e9glable de 3 m\u00e8tres, 12 disques de lumi\u00e8re tricolore, diam\u00e8tre de disque de 40 cm, diam\u00e8tre de disque de 40 cm<\/li>\n<li>\n<strong>La lampe a-t-elle une source lumineuse ?<\/strong>:Oui<\/li>\n<li>\n<strong>Service en ville<\/strong>:Livraison porte-\u00e0-porte logistique intra-urbaine<\/li>\n<li>\n<strong>Tension<\/strong>:100V-240V<\/li>\n<li>\n<strong>Mat\u00e9riau principal du corps de la lampe<\/strong>:fer<\/li>\n<li>\n<strong>Mat\u00e9riau principal de l&#039;abat-jour<\/strong>:fer<\/li>\n<li>\n<strong>type de source lumineuse<\/strong>:Lampes \u00e0 incandescence, lampes \u00e0 \u00e9conomie d&#039;\u00e9nergie, lampes LED<\/li>\n<li>\n<strong>Nombre de sources lumineuses<\/strong>:6<\/li>\n<li>\n<strong>Technologie<\/strong>:Gla\u00e7age \u00e0 la peinture en a\u00e9rosol<\/li>\n<li>\n<strong>Zone d&#039;irradiation<\/strong>:10\u33a1-15\u33a1<\/li>\n<li>\n<strong>Type de contr\u00f4le<\/strong>:autre<\/li>\n<li>\n<strong>Temp\u00e9rature de couleur<\/strong>:Lumi\u00e8re tricolore<\/li>\n<li>\n<strong>Mat\u00e9riau auxiliaire pour abat-jour<\/strong>:Verre<\/li>\n<li>\n<strong>P\u00e9riode de garantie<\/strong>:3 ans<\/li>\n<li>\n<strong>Mat\u00e9riau auxiliaire du corps de la lampe<\/strong>:Verre<\/li>\n<li>\n<strong>Type intelligent<\/strong>:Pas de support pour smart<\/li>\n<li>\n<strong>Que ce soit un contr\u00f4le intelligent<\/strong>:Non<\/li>\n<li>\n<strong>Forme de la lampe<\/strong>:Lustre en forme de ligne de p\u00eache<\/li>\n<li>\n<strong>Nombre d&#039;accessoires<\/strong>:1<\/li>\n<li>\n<strong>Nombre de t\u00eates de lampe<\/strong>:6<\/li>\n<li>\n<strong>Type de lustre<\/strong>:Lustre en verre<\/li>\n<li>\n<strong>Num\u00e9ro de certificat 3C<\/strong>:2024011001607990<\/li>\n<\/ul>\n<p><img><\/p>","protected":false},"excerpt":{"rendered":"<p>brand:Star Light model:Star Light Stair Chandelier power:11W (inclusive) &#8211; 15W (inclusive) style:Northern Europe Light source color temperature K value:3000K Applicable<\/p>","protected":false},"featured_media":125313,"comment_status":"open","ping_status":"closed","template":"","meta":[],"product_brand":[],"product_cat":[30971,30864],"product_tag":[],"class_list":{"0":"post-66177","1":"product","2":"type-product","3":"status-publish","4":"has-post-thumbnail","6":"product_cat-hp","7":"product_cat-new-wholesales-lights","9":"first","10":"instock","11":"taxable","12":"shipping-taxable","13":"purchasable","14":"product-type-variable"},"_links":{"self":[{"href":"https:\/\/nexgendecors.com\/fr\/wp-json\/wp\/v2\/product\/66177","targetHints":{"allow":["GET"]}}],"collection":[{"href":"https:\/\/nexgendecors.com\/fr\/wp-json\/wp\/v2\/product"}],"about":[{"href":"https:\/\/nexgendecors.com\/fr\/wp-json\/wp\/v2\/types\/product"}],"replies":[{"embeddable":true,"href":"https:\/\/nexgendecors.com\/fr\/wp-json\/wp\/v2\/comments?post=66177"}],"version-history":[{"count":0,"href":"https:\/\/nexgendecors.com\/fr\/wp-json\/wp\/v2\/product\/66177\/revisions"}],"wp:featuredmedia":[{"embeddable":true,"href":"https:\/\/nexgendecors.com\/fr\/wp-json\/wp\/v2\/media\/125313"}],"wp:attachment":[{"href":"https:\/\/nexgendecors.com\/fr\/wp-json\/wp\/v2\/media?parent=66177"}],"wp:term":[{"taxonomy":"product_brand","embeddable":true,"href":"https:\/\/nexgendecors.com\/fr\/wp-json\/wp\/v2\/product_brand?post=66177"},{"taxonomy":"product_cat","embeddable":true,"href":"https:\/\/nexgendecors.com\/fr\/wp-json\/wp\/v2\/product_cat?post=66177"},{"taxonomy":"product_tag","embeddable":true,"href":"https:\/\/nexgendecors.com\/fr\/wp-json\/wp\/v2\/product_tag?post=66177"}],"curies":[{"name":"wp","href":"https:\/\/api.w.org\/{rel}","templated":true}]}}