{"id":66254,"date":"2025-01-26T03:08:35","date_gmt":"2025-01-26T03:08:35","guid":{"rendered":"https:\/\/nexgendecors.com\/product\/log-cream-style-electric-function-sofa-living-room-2024-new-simple-japanese-style-cat-scratching-cloth-adjustable-sofa-bed\/"},"modified":"2025-04-06T09:02:44","modified_gmt":"2025-04-06T09:02:44","slug":"log-cream-style-electric-function-sofa-living-room-2024-new-simple-japanese-style-cat-scratching-cloth-adjustable-sofa-bed","status":"publish","type":"product","link":"https:\/\/nexgendecors.com\/fr\/product\/log-cream-style-electric-function-sofa-living-room-2024-new-simple-japanese-style-cat-scratching-cloth-adjustable-sofa-bed\/","title":{"rendered":"Log Cream Style Adjustable Japanese Sofa Bed"},"content":{"rendered":"<ul>\n<li>\n<strong>marque<\/strong>:Yongjia<\/li>\n<li>\n<strong>Num\u00e9ro de pi\u00e8ce<\/strong>:9195<\/li>\n<li>\n<strong>\u00e9l\u00e9ments populaires<\/strong>:log<\/li>\n<li>\n<strong>Y a-t-il un espace de stockage ?<\/strong>:Non<\/li>\n<li>\n<strong>style<\/strong>:Style cr\u00e8me<\/li>\n<li>\n<strong>Assembler<\/strong>:Non<\/li>\n<li>\n<strong>Duret\u00e9 du remplissage<\/strong>:Duret\u00e9 et douceur mod\u00e9r\u00e9es<\/li>\n<li>\n<strong>Tissu<\/strong>:flanelle<\/li>\n<li>\n<strong>Appropri\u00e9<\/strong>:G\u00e9n\u00e9ral<\/li>\n<li>\n<strong>Fonctionnalit\u00e9s suppl\u00e9mentaires<\/strong>:Multifonction<\/li>\n<li>\n<strong>volume du colis<\/strong>:2<\/li>\n<li>\n<strong>Remplissage<\/strong>:Down + sponge<\/li>\n<li>\n<strong>Est-ce personnalisable ?<\/strong>:Non<\/li>\n<li>\n<strong>Combinaison de canap\u00e9<\/strong>:droit<\/li>\n<li>\n<strong>Mat\u00e9riel<\/strong>:Tissu<\/li>\n<li>\n<strong>Instructions d&#039;installation d\u00e9taill\u00e9es<\/strong>:On-site installation<\/li>\n<li>\n<strong>Un taxi est-il disponible pour le transport ?<\/strong>:Non<\/li>\n<li>\n<strong>Positionnement de style<\/strong>:Qualit\u00e9 Luxe<\/li>\n<li>\n<strong>Gamme de finitions en cuir<\/strong>:Tissu<\/li>\n<li>\n<strong>trier par couleur<\/strong>:[1.25m single seat] electric sofa \u00b7 antibacterial cat scratching cloth, [1.35m single seat] electric sofa \u00b7 antibacterial cat scratching cloth, [1.45m single seat] electric sofa \u00b7 antibacterial cat scratching cloth, [2.0m double seat] electric sofa \u00b7 antibacterial cat scratching cloth, [2.2m double seat] electric sofa \u00b7 antibacterial cat scratching cloth, [2.4m double seat] electric sofa \u00b7 antibacterial cat scratching cloth, [2.7m three-person seat] electric sofa \u00b7 antibacterial cat scratching cloth, [3.0m three-person seat] electric sofa \u00b7 antibacterial cat scratching cloth, [3.3m three-person seat] electric sofa \u00b7 antibacterial cat scratching cloth, [3.45m four-person seat] electric sofa \u00b7 antibacterial cat scratching cloth, [3.85m four-person seat] electric sofa \u00b7 antibacterial cat scratching cloth, [4.25m four-person seat] electric sofa \u00b7 antibacterial cat scratching cloth, [default down seat bag] + 400 yuan upgrade natural latex + violet sponge<\/li>\n<li>\n<strong><\/strong>:<\/li>\n<\/ul>\n<p><img><\/p>","protected":false},"excerpt":{"rendered":"<p>brand:Yongjia Part Number:9195 popular elements:log Is there storage space?:no style:Cream Style Assemble:no Filling hardness:Moderate hardness and softness Fabric:flannel Suitable:General Additional<\/p>","protected":false},"featured_media":125382,"comment_status":"open","ping_status":"closed","template":"","meta":[],"product_brand":[],"product_cat":[30971,30850],"product_tag":[],"class_list":{"0":"post-66254","1":"product","2":"type-product","3":"status-publish","4":"has-post-thumbnail","6":"product_cat-hp","7":"product_cat-wholesale-furniture","9":"first","10":"instock","11":"taxable","12":"shipping-taxable","13":"purchasable","14":"product-type-variable"},"_links":{"self":[{"href":"https:\/\/nexgendecors.com\/fr\/wp-json\/wp\/v2\/product\/66254","targetHints":{"allow":["GET"]}}],"collection":[{"href":"https:\/\/nexgendecors.com\/fr\/wp-json\/wp\/v2\/product"}],"about":[{"href":"https:\/\/nexgendecors.com\/fr\/wp-json\/wp\/v2\/types\/product"}],"replies":[{"embeddable":true,"href":"https:\/\/nexgendecors.com\/fr\/wp-json\/wp\/v2\/comments?post=66254"}],"version-history":[{"count":0,"href":"https:\/\/nexgendecors.com\/fr\/wp-json\/wp\/v2\/product\/66254\/revisions"}],"wp:featuredmedia":[{"embeddable":true,"href":"https:\/\/nexgendecors.com\/fr\/wp-json\/wp\/v2\/media\/125382"}],"wp:attachment":[{"href":"https:\/\/nexgendecors.com\/fr\/wp-json\/wp\/v2\/media?parent=66254"}],"wp:term":[{"taxonomy":"product_brand","embeddable":true,"href":"https:\/\/nexgendecors.com\/fr\/wp-json\/wp\/v2\/product_brand?post=66254"},{"taxonomy":"product_cat","embeddable":true,"href":"https:\/\/nexgendecors.com\/fr\/wp-json\/wp\/v2\/product_cat?post=66254"},{"taxonomy":"product_tag","embeddable":true,"href":"https:\/\/nexgendecors.com\/fr\/wp-json\/wp\/v2\/product_tag?post=66254"}],"curies":[{"name":"wp","href":"https:\/\/api.w.org\/{rel}","templated":true}]}}