{"id":66371,"date":"2025-01-26T03:08:59","date_gmt":"2025-01-26T03:08:59","guid":{"rendered":"https:\/\/nexgendecors.com\/product\/manicure-sofa-pedicure-chair-foot-and-eyelash-beauty-electric-sofa-pedicure-lazy-multifunctional-reclining-massage-chair\/"},"modified":"2025-04-06T09:03:18","modified_gmt":"2025-04-06T09:03:18","slug":"manicure-sofa-pedicure-chair-foot-and-eyelash-beauty-electric-sofa-pedicure-lazy-multifunctional-reclining-massage-chair","status":"publish","type":"product","link":"https:\/\/nexgendecors.com\/fr\/product\/manicure-sofa-pedicure-chair-foot-and-eyelash-beauty-electric-sofa-pedicure-lazy-multifunctional-reclining-massage-chair\/","title":{"rendered":"Fauteuil de massage multifonctionnel de luxe pour les services de beaut\u00e9"},"content":{"rendered":"<ul>\n<li>\n<strong>marque<\/strong>:Zhongmin Yunshang<\/li>\n<li>\n<strong>Product Name<\/strong>:ZMYS0261<\/li>\n<li>\n<strong>trier par couleur<\/strong>:Nail art sofa (light gray) Nail art sofa (pink) Nail art sofa (off-white) Nail art sofa (blue) Electric nail art sofa (color note) Nail art sofa + mother-and-child stool + nail art deck (color note) Electric nail art sofa + mother-and-child stool + nail art deck (color note) Round stool (color note) Mother-and-child stool (color note) Nail art deck (color note) Color customization (can be the same color as the nail art table)<\/li>\n<li>\n<strong>Remplissage<\/strong>:\u00c9ponge en mousse hautement \u00e9lastique<\/li>\n<li>\n<strong>Origine<\/strong>:Province du Fujian<\/li>\n<li>\n<strong>ville<\/strong>:Ville de Quanzhou<\/li>\n<li>\n<strong>Assembler<\/strong>:Oui<\/li>\n<li>\n<strong>Un taxi est-il disponible pour le transport ?<\/strong>:Non<\/li>\n<li>\n<strong>poids<\/strong>:0kg<\/li>\n<li>\n<strong>Taille du paquet<\/strong>:0x0x0cm<\/li>\n<\/ul>\n<p><img><\/p>","protected":false},"excerpt":{"rendered":"<p>Marque : Zhongmin Yunshang Nom du produit : ZMYS0261 Trier par couleur : Canap\u00e9 nail art (gris clair) Canap\u00e9 nail art (rose) Canap\u00e9 nail art (blanc cass\u00e9) Ongles<\/p>","protected":false},"featured_media":125611,"comment_status":"open","ping_status":"closed","template":"","meta":[],"product_brand":[],"product_cat":[30971,30865],"product_tag":[],"class_list":{"0":"post-66371","1":"product","2":"type-product","3":"status-publish","4":"has-post-thumbnail","6":"product_cat-hp","7":"product_cat-wholesales-salons-shops","9":"first","10":"instock","11":"sale","12":"taxable","13":"shipping-taxable","14":"purchasable","15":"product-type-variable"},"_links":{"self":[{"href":"https:\/\/nexgendecors.com\/fr\/wp-json\/wp\/v2\/product\/66371","targetHints":{"allow":["GET"]}}],"collection":[{"href":"https:\/\/nexgendecors.com\/fr\/wp-json\/wp\/v2\/product"}],"about":[{"href":"https:\/\/nexgendecors.com\/fr\/wp-json\/wp\/v2\/types\/product"}],"replies":[{"embeddable":true,"href":"https:\/\/nexgendecors.com\/fr\/wp-json\/wp\/v2\/comments?post=66371"}],"version-history":[{"count":0,"href":"https:\/\/nexgendecors.com\/fr\/wp-json\/wp\/v2\/product\/66371\/revisions"}],"wp:featuredmedia":[{"embeddable":true,"href":"https:\/\/nexgendecors.com\/fr\/wp-json\/wp\/v2\/media\/125611"}],"wp:attachment":[{"href":"https:\/\/nexgendecors.com\/fr\/wp-json\/wp\/v2\/media?parent=66371"}],"wp:term":[{"taxonomy":"product_brand","embeddable":true,"href":"https:\/\/nexgendecors.com\/fr\/wp-json\/wp\/v2\/product_brand?post=66371"},{"taxonomy":"product_cat","embeddable":true,"href":"https:\/\/nexgendecors.com\/fr\/wp-json\/wp\/v2\/product_cat?post=66371"},{"taxonomy":"product_tag","embeddable":true,"href":"https:\/\/nexgendecors.com\/fr\/wp-json\/wp\/v2\/product_tag?post=66371"}],"curies":[{"name":"wp","href":"https:\/\/api.w.org\/{rel}","templated":true}]}}