{"id":66693,"date":"2025-01-26T03:09:49","date_gmt":"2025-01-26T03:09:49","guid":{"rendered":"https:\/\/nexgendecors.com\/product\/marble-tea-table-simple-small-tea-table-household-combination-table-can-be-customized-square-new-chinese-nordic-tea-table\/"},"modified":"2025-04-06T09:03:52","modified_gmt":"2025-04-06T09:03:52","slug":"marble-tea-table-simple-small-tea-table-household-combination-table-can-be-customized-square-new-chinese-nordic-tea-table","status":"publish","type":"product","link":"https:\/\/nexgendecors.com\/fr\/product\/marble-tea-table-simple-small-tea-table-household-combination-table-can-be-customized-square-new-chinese-nordic-tea-table\/","title":{"rendered":"Table \u00e0 th\u00e9 en marbre personnalisable \u2013 Style nordique, design carr\u00e9"},"content":{"rendered":"<ul>\n<li>\n<strong>taille<\/strong>:1.5&#215;0.85&#215;0.36m<\/li>\n<li>\n<strong>marque<\/strong>:#0 Usine<\/li>\n<li>\n<strong>mod\u00e8le<\/strong>:0327<\/li>\n<li>\n<strong>Y a-t-il un espace de stockage ?<\/strong>:Oui<\/li>\n<li>\n<strong>style<\/strong>:Classique<\/li>\n<li>\n<strong>Que ce soit avec un rouleau<\/strong>:Non<\/li>\n<li>\n<strong>Assembler<\/strong>:Non<\/li>\n<li>\n<strong>Table basse en forme d&#039;angle<\/strong>:Carr\u00e9<\/li>\n<li>\n<strong>Mat\u00e9riau de finition<\/strong>:marble<\/li>\n<li>\n<strong>Technologie de finition<\/strong>:Peinture<\/li>\n<li>\n<strong>Est-ce personnalisable ?<\/strong>:Oui<\/li>\n<li>\n<strong>forme<\/strong>:Carr\u00e9<\/li>\n<li>\n<strong>Mat\u00e9riel<\/strong>:marble<\/li>\n<li>\n<strong>Instructions d&#039;installation d\u00e9taill\u00e9es<\/strong>:Aucune instruction d&#039;installation<\/li>\n<li>\n<strong>Installation<\/strong>:Paquet<\/li>\n<li>\n<strong>Un taxi est-il disponible pour le transport ?<\/strong>:Non<\/li>\n<li>\n<strong>Positionnement de style<\/strong>:Style artistique<\/li>\n<li>\n<strong>Livraison\/installation disponible<\/strong>:autre<\/li>\n<li>\n<strong>Nombre de portes<\/strong>:Pas de porte<\/li>\n<li>\n<strong>trier par couleur<\/strong>:Milan gray + walnut 130*70*36cm, Milan gray + walnut 150*85*36cm, Venetian gray + walnut 130*70*36cm, Venetian gray + walnut 150*85*36cm, Ancient wood grain + black oak 130*70*36cm, Ancient wood grain + black oak 150*85*36cm, Jazz white + walnut 130*70*36cm, Jazz white + walnut 150*85*36cm, Jazz white + black oak 130*70*36cm, Milan gray + walnut 5 6*50*63.5cm, Milan Gray\/Jazz White\/Venetian Gray, etc., Milan Gray + Black Oak 130*70*36cm, Milan Gray + Black Oak 150*85*36cm, Venice Brown + Black Oak 140*80*36cm, Venice Brown + Black Oak 150*85*36cm, Milan Gray + Walnut 140*80*36cm, Jazz White + Black Oak 150*85*36cm, Fragrant Plum + Walnut 130*70*36cm, Fragrant Plum + Walnut 150*85*36cm<\/li>\n<li>\n<strong><\/strong>:<\/li>\n<\/ul>\n<p><img><\/p>","protected":false},"excerpt":{"rendered":"<p>Taille : 1,5 \u00d7 0,85 \u00d7 0,36 m Marque : #0 Mod\u00e8le d&#039;usine : 0327 Y a-t-il un espace de rangement ? : oui Style : classique Avec roulettes : non Assemblage : non Forme du coin de la table basse : carr\u00e9e Mat\u00e9riau de finition : finition en marbre<\/p>","protected":false},"featured_media":125981,"comment_status":"open","ping_status":"closed","template":"","meta":[],"product_brand":[],"product_cat":[30862,30971,30850,30857],"product_tag":[],"class_list":{"0":"post-66693","1":"product","2":"type-product","3":"status-publish","4":"has-post-thumbnail","6":"product_cat-wholesales-hotels","7":"product_cat-hp","8":"product_cat-wholesale-furniture","9":"product_cat-wholesale-sofa-table","11":"first","12":"instock","13":"taxable","14":"shipping-taxable","15":"purchasable","16":"product-type-variable"},"_links":{"self":[{"href":"https:\/\/nexgendecors.com\/fr\/wp-json\/wp\/v2\/product\/66693","targetHints":{"allow":["GET"]}}],"collection":[{"href":"https:\/\/nexgendecors.com\/fr\/wp-json\/wp\/v2\/product"}],"about":[{"href":"https:\/\/nexgendecors.com\/fr\/wp-json\/wp\/v2\/types\/product"}],"replies":[{"embeddable":true,"href":"https:\/\/nexgendecors.com\/fr\/wp-json\/wp\/v2\/comments?post=66693"}],"version-history":[{"count":0,"href":"https:\/\/nexgendecors.com\/fr\/wp-json\/wp\/v2\/product\/66693\/revisions"}],"wp:featuredmedia":[{"embeddable":true,"href":"https:\/\/nexgendecors.com\/fr\/wp-json\/wp\/v2\/media\/125981"}],"wp:attachment":[{"href":"https:\/\/nexgendecors.com\/fr\/wp-json\/wp\/v2\/media?parent=66693"}],"wp:term":[{"taxonomy":"product_brand","embeddable":true,"href":"https:\/\/nexgendecors.com\/fr\/wp-json\/wp\/v2\/product_brand?post=66693"},{"taxonomy":"product_cat","embeddable":true,"href":"https:\/\/nexgendecors.com\/fr\/wp-json\/wp\/v2\/product_cat?post=66693"},{"taxonomy":"product_tag","embeddable":true,"href":"https:\/\/nexgendecors.com\/fr\/wp-json\/wp\/v2\/product_tag?post=66693"}],"curies":[{"name":"wp","href":"https:\/\/api.w.org\/{rel}","templated":true}]}}