{"id":66804,"date":"2025-01-26T03:10:07","date_gmt":"2025-01-26T03:10:07","guid":{"rendered":"https:\/\/nexgendecors.com\/product\/master-design-small-apartment-backrest-sofa-nordic-light-luxury-fabric-living-room-bench-simple-modern-childrens-long-dining-chair\/"},"modified":"2025-04-06T09:04:19","modified_gmt":"2025-04-06T09:04:19","slug":"master-design-small-apartment-backrest-sofa-nordic-light-luxury-fabric-living-room-bench-simple-modern-childrens-long-dining-chair","status":"publish","type":"product","link":"https:\/\/nexgendecors.com\/fr\/product\/master-design-small-apartment-backrest-sofa-nordic-light-luxury-fabric-living-room-bench-simple-modern-childrens-long-dining-chair\/","title":{"rendered":"Nordic Light Luxury Fabric Sofa Bench for Small Spaces"},"content":{"rendered":"<ul>\n<li>\n<strong>marque<\/strong>:autre\/autre<\/li>\n<li>\n<strong>mod\u00e8le<\/strong>:2023513668686<\/li>\n<li>\n<strong>Mat\u00e9riel<\/strong>:M\u00e9tal<\/li>\n<li>\n<strong>Tissu<\/strong>:Coton et lin<\/li>\n<li>\n<strong>style<\/strong>:Moderne et simple<\/li>\n<li>\n<strong>Combien de personnes sont assises<\/strong>:autre<\/li>\n<li>\n<strong>trier par couleur<\/strong>:1.2m, 1.4m, 1.5m, 1.6m, 1.8m, color and size, customized<\/li>\n<li>\n<strong>Remplissage<\/strong>:\u00e9ponge<\/li>\n<li>\n<strong>Technologie structurelle<\/strong>:Artisanat du bois<\/li>\n<li>\n<strong>Technologie des structures en bois<\/strong>:autre<\/li>\n<li>\n<strong>Est-ce personnalisable ?<\/strong>:Oui<\/li>\n<li>\n<strong>Combinaison de canap\u00e9<\/strong>:autre<\/li>\n<li>\n<strong>Est-il amovible et lavable ?<\/strong>:Non<\/li>\n<li>\n<strong>Fonctionnalit\u00e9s suppl\u00e9mentaires<\/strong>:il peut bouger<\/li>\n<li>\n<strong>Appropri\u00e9<\/strong>:Adultes<\/li>\n<li>\n<strong>Y a-t-il un espace de stockage ?<\/strong>:Non<\/li>\n<li>\n<strong>Livraison\/installation disponible<\/strong>:Others, Nanchang, Harbin, Dalian, Shenyang, Xi&#8217;an, Guiyang, Zhengzhou, Jinhua, Changsha, Beijing, Changzhou, Shanghai, Dongguan, Guangzhou, Foshan, Shenzhen, Hangzhou, Fuzhou, Ningbo, Wenzhou, Nanjing, Chengdu, Nanning, Qingdao, Suzhou, Taizhou, Tianjin, Wuxi, Wuhan, Xiamen, Chongqing<\/li>\n<li>\n<strong>Origine<\/strong>:Shanghai<\/li>\n<li>\n<strong>ville<\/strong>:Shanghai<\/li>\n<li>\n<strong>Assembler<\/strong>:Non<\/li>\n<li>\n<strong>Un taxi est-il disponible pour le transport ?<\/strong>:Non<\/li>\n<li>\n<strong>Duret\u00e9 du remplissage<\/strong>:Duret\u00e9 et douceur mod\u00e9r\u00e9es<\/li>\n<li>\n<strong>Positionnement de style<\/strong>:Style artistique<\/li>\n<li>\n<strong><\/strong>:<\/li>\n<\/ul>","protected":false},"excerpt":{"rendered":"<p>brand:other\/other model:2023513668686 Material:Metal Fabric:Cotton and Linen style:Modern and simple How many people sit:other sort by color:1.2m, 1.4m, 1.5m, 1.6m, 1.8m,<\/p>","protected":false},"featured_media":126051,"comment_status":"open","ping_status":"closed","template":"","meta":[],"product_brand":[],"product_cat":[30971,30850],"product_tag":[15654],"class_list":{"0":"post-66804","1":"product","2":"type-product","3":"status-publish","4":"has-post-thumbnail","6":"product_cat-hp","7":"product_cat-wholesale-furniture","8":"product_tag-taobao","10":"first","11":"instock","12":"sale","13":"taxable","14":"shipping-taxable","15":"purchasable","16":"product-type-variable"},"_links":{"self":[{"href":"https:\/\/nexgendecors.com\/fr\/wp-json\/wp\/v2\/product\/66804","targetHints":{"allow":["GET"]}}],"collection":[{"href":"https:\/\/nexgendecors.com\/fr\/wp-json\/wp\/v2\/product"}],"about":[{"href":"https:\/\/nexgendecors.com\/fr\/wp-json\/wp\/v2\/types\/product"}],"replies":[{"embeddable":true,"href":"https:\/\/nexgendecors.com\/fr\/wp-json\/wp\/v2\/comments?post=66804"}],"version-history":[{"count":0,"href":"https:\/\/nexgendecors.com\/fr\/wp-json\/wp\/v2\/product\/66804\/revisions"}],"wp:featuredmedia":[{"embeddable":true,"href":"https:\/\/nexgendecors.com\/fr\/wp-json\/wp\/v2\/media\/126051"}],"wp:attachment":[{"href":"https:\/\/nexgendecors.com\/fr\/wp-json\/wp\/v2\/media?parent=66804"}],"wp:term":[{"taxonomy":"product_brand","embeddable":true,"href":"https:\/\/nexgendecors.com\/fr\/wp-json\/wp\/v2\/product_brand?post=66804"},{"taxonomy":"product_cat","embeddable":true,"href":"https:\/\/nexgendecors.com\/fr\/wp-json\/wp\/v2\/product_cat?post=66804"},{"taxonomy":"product_tag","embeddable":true,"href":"https:\/\/nexgendecors.com\/fr\/wp-json\/wp\/v2\/product_tag?post=66804"}],"curies":[{"name":"wp","href":"https:\/\/api.w.org\/{rel}","templated":true}]}}