{"id":66950,"date":"2025-01-26T03:10:25","date_gmt":"2025-01-26T03:10:25","guid":{"rendered":"https:\/\/nexgendecors.com\/product\/medieval-shoe-cabinet-entrance-cabinet-french-retro-dining-sideboard-living-room-decoration-storage-cabinet-sideboard-furniture-customization-2\/"},"modified":"2025-04-06T09:04:32","modified_gmt":"2025-04-06T09:04:32","slug":"medieval-shoe-cabinet-entrance-cabinet-french-retro-dining-sideboard-living-room-decoration-storage-cabinet-sideboard-furniture-customization-2","status":"publish","type":"product","link":"https:\/\/nexgendecors.com\/fr\/product\/medieval-shoe-cabinet-entrance-cabinet-french-retro-dining-sideboard-living-room-decoration-storage-cabinet-sideboard-furniture-customization-2\/","title":{"rendered":"Meuble \u00e0 chaussures et de rangement m\u00e9di\u00e9val r\u00e9tro fran\u00e7ais"},"content":{"rendered":"<ul>\n<li>\n<strong>marque<\/strong>:Bolest<\/li>\n<li>\n<strong>mod\u00e8le<\/strong>:2024610<\/li>\n<li>\n<strong>style<\/strong>:Style m\u00e9di\u00e9val<\/li>\n<li>\n<strong>Assembler<\/strong>:Non<\/li>\n<li>\n<strong>Is the partition adjustable?<\/strong>:Oui<\/li>\n<li>\n<strong>Mat\u00e9riau de finition<\/strong>:Bois<\/li>\n<li>\n<strong>Fonctionnalit\u00e9s suppl\u00e9mentaires<\/strong>:Multifonction<\/li>\n<li>\n<strong>Est-ce personnalisable ?<\/strong>:Oui<\/li>\n<li>\n<strong>M\u00e9thode d&#039;ouverture et de fermeture<\/strong>:Double door<\/li>\n<li>\n<strong>Mat\u00e9riel<\/strong>:Bois<\/li>\n<li>\n<strong>Mat\u00e9riau en bois<\/strong>:bouleau<\/li>\n<li>\n<strong>Instructions d&#039;installation d\u00e9taill\u00e9es<\/strong>:Aucune instruction d&#039;installation<\/li>\n<li>\n<strong>Structure du meuble<\/strong>:Structure de cadre en bo\u00eete<\/li>\n<li>\n<strong>Installation<\/strong>:Paquet<\/li>\n<li>\n<strong>mod\u00e8le<\/strong>:Art<\/li>\n<li>\n<strong>Nombre de portes<\/strong>:4 doors<\/li>\n<li>\n<strong>trier par couleur<\/strong>:Wood color 1 meter, wood color 1.2 meters, wood color 1.6 meters, cream color 1 meter, cream color 1.2 meters, cream color 1.6 meters<\/li>\n<li>\n<strong><\/strong>:<\/li>\n<\/ul>\n<p><img><\/p>","protected":false},"excerpt":{"rendered":"<p>Marque : Bolest Mod\u00e8le : 2024610 Style : Style m\u00e9di\u00e9val Assemblage : non La cloison est-elle r\u00e9glable ? : oui Mat\u00e9riau de finition : Bois Caract\u00e9ristiques suppl\u00e9mentaires : Multifonction Est-elle personnalisable ? : oui M\u00e9thode d&#039;ouverture et de fermeture : Double<\/p>","protected":false},"featured_media":126155,"comment_status":"open","ping_status":"closed","template":"","meta":[],"product_brand":[],"product_cat":[30858,30862,30971,30850,30851],"product_tag":[],"class_list":{"0":"post-66950","1":"product","2":"type-product","3":"status-publish","4":"has-post-thumbnail","6":"product_cat-wholesale-bedroom","7":"product_cat-wholesales-hotels","8":"product_cat-hp","9":"product_cat-wholesale-furniture","10":"product_cat-wholesale-cabinets","12":"first","13":"instock","14":"taxable","15":"shipping-taxable","16":"purchasable","17":"product-type-variable"},"_links":{"self":[{"href":"https:\/\/nexgendecors.com\/fr\/wp-json\/wp\/v2\/product\/66950","targetHints":{"allow":["GET"]}}],"collection":[{"href":"https:\/\/nexgendecors.com\/fr\/wp-json\/wp\/v2\/product"}],"about":[{"href":"https:\/\/nexgendecors.com\/fr\/wp-json\/wp\/v2\/types\/product"}],"replies":[{"embeddable":true,"href":"https:\/\/nexgendecors.com\/fr\/wp-json\/wp\/v2\/comments?post=66950"}],"version-history":[{"count":0,"href":"https:\/\/nexgendecors.com\/fr\/wp-json\/wp\/v2\/product\/66950\/revisions"}],"wp:featuredmedia":[{"embeddable":true,"href":"https:\/\/nexgendecors.com\/fr\/wp-json\/wp\/v2\/media\/126155"}],"wp:attachment":[{"href":"https:\/\/nexgendecors.com\/fr\/wp-json\/wp\/v2\/media?parent=66950"}],"wp:term":[{"taxonomy":"product_brand","embeddable":true,"href":"https:\/\/nexgendecors.com\/fr\/wp-json\/wp\/v2\/product_brand?post=66950"},{"taxonomy":"product_cat","embeddable":true,"href":"https:\/\/nexgendecors.com\/fr\/wp-json\/wp\/v2\/product_cat?post=66950"},{"taxonomy":"product_tag","embeddable":true,"href":"https:\/\/nexgendecors.com\/fr\/wp-json\/wp\/v2\/product_tag?post=66950"}],"curies":[{"name":"wp","href":"https:\/\/api.w.org\/{rel}","templated":true}]}}