{"id":67031,"date":"2025-01-26T03:10:32","date_gmt":"2025-01-26T03:10:32","guid":{"rendered":"https:\/\/nexgendecors.com\/product\/medieval-style-rock-plate-small-round-table-home-round-dining-table-small-apartment-round-dining-table-net-celebrity-retro-negotiation-table-and-chair-combination\/"},"modified":"2025-04-06T09:04:42","modified_gmt":"2025-04-06T09:04:42","slug":"medieval-style-rock-plate-small-round-table-home-round-dining-table-small-apartment-round-dining-table-net-celebrity-retro-negotiation-table-and-chair-combination","status":"publish","type":"product","link":"https:\/\/nexgendecors.com\/fr\/product\/medieval-style-rock-plate-small-round-table-home-round-dining-table-small-apartment-round-dining-table-net-celebrity-retro-negotiation-table-and-chair-combination\/","title":{"rendered":"Ensemble table et chaises rondes m\u00e9di\u00e9vales pour petits espaces"},"content":{"rendered":"<ul>\n<li>\n<strong>marque<\/strong>:OLOMA<\/li>\n<li>\n<strong>mod\u00e8le<\/strong>:1188<\/li>\n<li>\n<strong>style<\/strong>:Classique<\/li>\n<li>\n<strong>Assembler<\/strong>:Oui<\/li>\n<li>\n<strong>Est-ce \u00e9volutif ?<\/strong>:Non<\/li>\n<li>\n<strong>La pr\u00e9vente est-elle disponible ?<\/strong>:Oui<\/li>\n<li>\n<strong>Mat\u00e9riau de finition<\/strong>:Panneau de roche<\/li>\n<li>\n<strong>S&#039;il dispose d&#039;une fonction de cuisson \u00e0 induction<\/strong>:Non<\/li>\n<li>\n<strong>volume du colis<\/strong>:1<\/li>\n<li>\n<strong>Est-ce personnalisable ?<\/strong>:Oui<\/li>\n<li>\n<strong>forme<\/strong>:Rond<\/li>\n<li>\n<strong>Fonction<\/strong>:D\u00e9montage<\/li>\n<li>\n<strong>Nombre de couches<\/strong>:1 histoire<\/li>\n<li>\n<strong>Positionnement de style<\/strong>:Qualit\u00e9 Luxe<\/li>\n<li>\n<strong>trier par couleur<\/strong>:Antique round table [0.7m] Travertine rock slab + 304 stainless steel frame Antique round table [0.8m] Travertine rock slab + 304 stainless steel frame Antique round table [0.9m] Travertine rock slab + 304 stainless steel frame Antique round table [1m] Travertine rock slab + 304 stainless steel frame Antique round table [1.1m] Travertine rock slab + 304 stainless steel frame Antique round table [1.2m] Travertine rock slab + 304 stainless steel frame [0.7m round table + 2 Sisca chairs] Combination [0.8m round table + 2 Sisca chairs] Combination [0.9m round table + 2 Sisca chairs] Combination [1m round table + 2 Sisca chairs] Combination [1.1m round table + 2 Sisca chairs] Combination [1.2m round table + 2 Sisca chairs] Combination [0. 7-meter round table + 4 Siska chairs] Combination [0.8-meter round table + 4 Siska chairs] Combination [0.9-meter round table + 4 Siska chairs] Combination [1-meter round table + 4 Siska chairs] Combination [1.1-meter round table + 4 Siska chairs] Combination [1.2-meter round table + 4 Siska chairs] Combination [0.9-meter round table + 4 ant chairs] Combination [1-meter round table + 4 ant chairs] Combination [1.1-meter round table + 4 ant chairs] Combination [1.2-meter round table + 4 ant chairs] Combination [0.9-meter round table + 4 Sonnet chairs] Combination [1-meter round table + 4 Sonnet chairs] Combination [1.1-meter round table + 4 Sonnet chairs] Combination [1.2-meter round table + 4 Sonnet chairs] Combination [More DIY matching effects] Please consult customer service for details~~ [More tabletop materials available] Please consult customer service for details~~ For more dining chairs [matching], please consult customer service~ For more dining chairs [matching 2], please consult customer service~<\/li>\n<li>\n<strong><\/strong>:<\/li>\n<\/ul>\n<p><img><\/p>","protected":false},"excerpt":{"rendered":"<p>Marque : OLOMA Mod\u00e8le : 1188 Style : Classique Assemblage : oui Est-il \u00e9volutif ? : non La pr\u00e9vente est-elle disponible ? : oui Mat\u00e9riau de finition : Panneau de roche S&#039;il a une fonction de cuisini\u00e8re \u00e0 induction : non paquet<\/p>","protected":false},"featured_media":126237,"comment_status":"open","ping_status":"closed","template":"","meta":[],"product_brand":[],"product_cat":[30855,30852,30862,30971,30860,30861],"product_tag":[],"class_list":{"0":"post-67031","1":"product","2":"type-product","3":"status-publish","4":"has-post-thumbnail","6":"product_cat-wholesale-chairs","7":"product_cat-dining-set","8":"product_cat-wholesales-hotels","9":"product_cat-hp","10":"product_cat-wholesale-restaurant","11":"product_cat-wholesale-tables","13":"first","14":"instock","15":"sale","16":"taxable","17":"shipping-taxable","18":"purchasable","19":"product-type-variable"},"_links":{"self":[{"href":"https:\/\/nexgendecors.com\/fr\/wp-json\/wp\/v2\/product\/67031","targetHints":{"allow":["GET"]}}],"collection":[{"href":"https:\/\/nexgendecors.com\/fr\/wp-json\/wp\/v2\/product"}],"about":[{"href":"https:\/\/nexgendecors.com\/fr\/wp-json\/wp\/v2\/types\/product"}],"replies":[{"embeddable":true,"href":"https:\/\/nexgendecors.com\/fr\/wp-json\/wp\/v2\/comments?post=67031"}],"version-history":[{"count":0,"href":"https:\/\/nexgendecors.com\/fr\/wp-json\/wp\/v2\/product\/67031\/revisions"}],"wp:featuredmedia":[{"embeddable":true,"href":"https:\/\/nexgendecors.com\/fr\/wp-json\/wp\/v2\/media\/126237"}],"wp:attachment":[{"href":"https:\/\/nexgendecors.com\/fr\/wp-json\/wp\/v2\/media?parent=67031"}],"wp:term":[{"taxonomy":"product_brand","embeddable":true,"href":"https:\/\/nexgendecors.com\/fr\/wp-json\/wp\/v2\/product_brand?post=67031"},{"taxonomy":"product_cat","embeddable":true,"href":"https:\/\/nexgendecors.com\/fr\/wp-json\/wp\/v2\/product_cat?post=67031"},{"taxonomy":"product_tag","embeddable":true,"href":"https:\/\/nexgendecors.com\/fr\/wp-json\/wp\/v2\/product_tag?post=67031"}],"curies":[{"name":"wp","href":"https:\/\/api.w.org\/{rel}","templated":true}]}}