{"id":67797,"date":"2025-01-26T03:11:56","date_gmt":"2025-01-26T03:11:56","guid":{"rendered":"https:\/\/nexgendecors.com\/product\/milliard-4-5-inch-memory-foam-replacement-mattress-with-breathable-waterproof-and-washable-cover-for-full-size-sleeper-sofa-and-couch-beds-sofa-not-included-full1711879818165\/"},"modified":"2025-04-06T09:06:31","modified_gmt":"2025-04-06T09:06:31","slug":"milliard-4-5-inch-memory-foam-replacement-mattress-with-breathable-waterproof-and-washable-cover-for-full-size-sleeper-sofa-and-couch-beds-sofa-not-included-full1711879818165","status":"publish","type":"product","link":"https:\/\/nexgendecors.com\/fr\/product\/milliard-4-5-inch-memory-foam-replacement-mattress-with-breathable-waterproof-and-washable-cover-for-full-size-sleeper-sofa-and-couch-beds-sofa-not-included-full1711879818165\/","title":{"rendered":"Milliard 4.5\u2033 Matelas de canap\u00e9-lit en mousse \u00e0 m\u00e9moire de forme - Taille compl\u00e8te"},"content":{"rendered":"<p data-mce-fragment=\"1\">\ud83d\udca4 <strong data-mce-fragment=\"1\">Experience the Ultimate Comfort:<\/strong> Upgrade your pull-out sofa with the Milliard Memory Foam Sleeper Sofabed Mattress, the premium replacement for your old bed spring mattress. Feel the difference that foam makes and indulge in sweet dreams every night.<\/p>\n<p data-mce-fragment=\"1\">\ud83c\udf1f <strong data-mce-fragment=\"1\">Conception innovante :<\/strong> Our bi-layered mattress combines a 3-inch firm polyurethane foam base with a 1.5-inch soft memory foam topping. This unique combination conforms to your body contours, providing both support and comfort. Compatible with most folding couch bed frames, it&#8217;s also ideal for boats, campers, and RVs.<\/p>\n<p data-mce-fragment=\"1\">\ud83d\udecc <strong data-mce-fragment=\"1\">Sleep Soundly:<\/strong> Say goodbye to rough nights with our jacquard waterproof soft cover. Not only is it incredibly soft and comfortable, but it&#8217;s also ventilated to dissipate body heat, ensuring you sleep soundly without feeling stifled. Plus, it&#8217;s removable and machine washable for easy maintenance.<\/p>\n<p data-mce-fragment=\"1\">\ud83c\udf31 <strong data-mce-fragment=\"1\">Uncompromising Quality:<\/strong> Quality is our mission, which is why our premium memory foam surpasses CertiPUR-US requirements. Our proprietary foam blend ensures an unrivaled sleep experience, maintaining its shape and comfort for years to come.<\/p>\n<p data-mce-fragment=\"1\">\ud83d\udccf <strong data-mce-fragment=\"1\">Ajustement parfait :<\/strong> Our full-size pullout mattress measures 73 inches x 52 inches x 4.5 inches when flat, making it compatible with most major convertible sofa brands. The zippered mattress cover is removable and machine washable, while the vacuum packaging ensures convenient delivery and peace of mind that you&#8217;re the first to touch your new mattress.<\/p>\n<div><\/div>","protected":false},"excerpt":{"rendered":"<p>\ud83d\udca4 Faites l'exp\u00e9rience du confort ultime : Am\u00e9liorez votre canap\u00e9 avec le matelas Milliard Memory Foam Sleeper Sofabed Mattress, le matelas de remplacement de premi\u00e8re qualit\u00e9 pour les canap\u00e9s-lits.<\/p>","protected":false},"featured_media":126924,"comment_status":"open","ping_status":"closed","template":"","meta":[],"product_brand":[],"product_cat":[30815,30971,30846,32,30873],"product_tag":[],"class_list":{"0":"post-67797","1":"product","2":"type-product","3":"status-publish","4":"has-post-thumbnail","6":"product_cat-beds","7":"product_cat-hp","8":"product_cat-living-room","9":"product_cat-residential-furniture","10":"product_cat-sofa","12":"first","13":"instock","14":"taxable","15":"shipping-taxable","16":"purchasable","17":"product-type-variable"},"_links":{"self":[{"href":"https:\/\/nexgendecors.com\/fr\/wp-json\/wp\/v2\/product\/67797","targetHints":{"allow":["GET"]}}],"collection":[{"href":"https:\/\/nexgendecors.com\/fr\/wp-json\/wp\/v2\/product"}],"about":[{"href":"https:\/\/nexgendecors.com\/fr\/wp-json\/wp\/v2\/types\/product"}],"replies":[{"embeddable":true,"href":"https:\/\/nexgendecors.com\/fr\/wp-json\/wp\/v2\/comments?post=67797"}],"version-history":[{"count":0,"href":"https:\/\/nexgendecors.com\/fr\/wp-json\/wp\/v2\/product\/67797\/revisions"}],"wp:featuredmedia":[{"embeddable":true,"href":"https:\/\/nexgendecors.com\/fr\/wp-json\/wp\/v2\/media\/126924"}],"wp:attachment":[{"href":"https:\/\/nexgendecors.com\/fr\/wp-json\/wp\/v2\/media?parent=67797"}],"wp:term":[{"taxonomy":"product_brand","embeddable":true,"href":"https:\/\/nexgendecors.com\/fr\/wp-json\/wp\/v2\/product_brand?post=67797"},{"taxonomy":"product_cat","embeddable":true,"href":"https:\/\/nexgendecors.com\/fr\/wp-json\/wp\/v2\/product_cat?post=67797"},{"taxonomy":"product_tag","embeddable":true,"href":"https:\/\/nexgendecors.com\/fr\/wp-json\/wp\/v2\/product_tag?post=67797"}],"curies":[{"name":"wp","href":"https:\/\/api.w.org\/{rel}","templated":true}]}}