{"id":68090,"date":"2025-01-26T03:12:55","date_gmt":"2025-01-26T03:12:55","guid":{"rendered":"https:\/\/nexgendecors.com\/product\/modern-creative-special-shaped-fiberglass-geometric-armrest-leisure-chair-designer-concubine-lazy-recliner-hotel-model-room\/"},"modified":"2025-04-06T09:07:44","modified_gmt":"2025-04-06T09:07:44","slug":"modern-creative-special-shaped-fiberglass-geometric-armrest-leisure-chair-designer-concubine-lazy-recliner-hotel-model-room","status":"publish","type":"product","link":"https:\/\/nexgendecors.com\/fr\/product\/modern-creative-special-shaped-fiberglass-geometric-armrest-leisure-chair-designer-concubine-lazy-recliner-hotel-model-room\/","title":{"rendered":"Fauteuil inclinable g\u00e9om\u00e9trique en fibre de verre \u2013 Design de loisirs moderne"},"content":{"rendered":"<ul>\n<li>\n<strong>marque<\/strong>:Sea Saint Residence<\/li>\n<li>\n<strong>mod\u00e8le<\/strong>:239<\/li>\n<li>\n<strong>Mat\u00e9riel<\/strong>:Fibre de verre<\/li>\n<li>\n<strong>\u00e9l\u00e9ments populaires<\/strong>:Conception principale, forme sp\u00e9ciale<\/li>\n<li>\n<strong>trier par couleur<\/strong>:Blue, red, wine red, black, no armrests (style 2), contact customer service for more color customization, size 160*85*84cm<\/li>\n<li>\n<strong><\/strong>:<\/li>\n<\/ul>","protected":false},"excerpt":{"rendered":"<p>Marque : Sea Saint Residence Mod\u00e8le : 239 Mat\u00e9riau : Fibre de verre \u00c9l\u00e9ments populaires : Master Design, forme sp\u00e9ciale Trier par couleur : Bleu, rouge, rouge vin, noir, sans accoudoirs (style<\/p>","protected":false},"featured_media":127421,"comment_status":"open","ping_status":"closed","template":"","meta":[],"product_brand":[],"product_cat":[30902,30855,30862,30971,30850],"product_tag":[],"class_list":{"0":"post-68090","1":"product","2":"type-product","3":"status-publish","4":"has-post-thumbnail","6":"product_cat-bs-chairs","7":"product_cat-wholesale-chairs","8":"product_cat-wholesales-hotels","9":"product_cat-hp","10":"product_cat-wholesale-furniture","12":"first","13":"instock","14":"sale","15":"taxable","16":"shipping-taxable","17":"purchasable","18":"product-type-variable"},"_links":{"self":[{"href":"https:\/\/nexgendecors.com\/fr\/wp-json\/wp\/v2\/product\/68090","targetHints":{"allow":["GET"]}}],"collection":[{"href":"https:\/\/nexgendecors.com\/fr\/wp-json\/wp\/v2\/product"}],"about":[{"href":"https:\/\/nexgendecors.com\/fr\/wp-json\/wp\/v2\/types\/product"}],"replies":[{"embeddable":true,"href":"https:\/\/nexgendecors.com\/fr\/wp-json\/wp\/v2\/comments?post=68090"}],"version-history":[{"count":0,"href":"https:\/\/nexgendecors.com\/fr\/wp-json\/wp\/v2\/product\/68090\/revisions"}],"wp:featuredmedia":[{"embeddable":true,"href":"https:\/\/nexgendecors.com\/fr\/wp-json\/wp\/v2\/media\/127421"}],"wp:attachment":[{"href":"https:\/\/nexgendecors.com\/fr\/wp-json\/wp\/v2\/media?parent=68090"}],"wp:term":[{"taxonomy":"product_brand","embeddable":true,"href":"https:\/\/nexgendecors.com\/fr\/wp-json\/wp\/v2\/product_brand?post=68090"},{"taxonomy":"product_cat","embeddable":true,"href":"https:\/\/nexgendecors.com\/fr\/wp-json\/wp\/v2\/product_cat?post=68090"},{"taxonomy":"product_tag","embeddable":true,"href":"https:\/\/nexgendecors.com\/fr\/wp-json\/wp\/v2\/product_tag?post=68090"}],"curies":[{"name":"wp","href":"https:\/\/api.w.org\/{rel}","templated":true}]}}