{"id":68160,"date":"2025-01-26T03:13:13","date_gmt":"2025-01-26T03:13:13","guid":{"rendered":"https:\/\/nexgendecors.com\/product\/modern-simple-japanese-nail-table-and-chair-set-internet-celebrity-shop-silver-nail-table-single-double-special-double-nail-table\/"},"modified":"2025-04-06T09:08:08","modified_gmt":"2025-04-06T09:08:08","slug":"modern-simple-japanese-nail-table-and-chair-set-internet-celebrity-shop-silver-nail-table-single-double-special-double-nail-table","status":"publish","type":"product","link":"https:\/\/nexgendecors.com\/fr\/product\/modern-simple-japanese-nail-table-and-chair-set-internet-celebrity-shop-silver-nail-table-single-double-special-double-nail-table\/","title":{"rendered":"Ensemble table et chaises japonaises modernes pour manucure \u2013 Chic et polyvalent"},"content":{"rendered":"<ul>\n<li>\n<strong>marque<\/strong>:Zhongmin Yunshang<\/li>\n<li>\n<strong>mod\u00e8le<\/strong>:ZMYS0147<\/li>\n<li>\n<strong>Fonction<\/strong>:Anti-fouling and dirt-resistant<\/li>\n<li>\n<strong>Mat\u00e9riel<\/strong>:Iron rock slab soft package<\/li>\n<li>\n<strong>style<\/strong>:Style de luxe l\u00e9ger<\/li>\n<li>\n<strong>Origine<\/strong>:Province du Fujian<\/li>\n<li>\n<strong>trier par couleur<\/strong>:(Silver) Goddess Nail Art Table 80x45x78 (Silver) Goddess Nail Art Table 100x45x78 (Silver) Goddess Nail Art Table 120x45x78 (Silver) Goddess Nail Art Table 140x45x78 Peacock Chair (Color Note) (Silver) Round Stool (Color Note) (Silver) Red Lip Chair (Color Note) (Silver) Meilin Chair (Color Note) (Silver) Scallop Chair (Color Note) (Silver) Japanese Cicada Chair (Color Note) (Silver) Mermaid Chair (Color Note) (Silver) Water Drop Chair (Color Note) (Silver) Princess Chair (Color Note) (Silver) Lotus Leaf Chair (Color Note) Cactus Chair (Color Note) (Silver) Lipstick Sofa (Color Note) Hippo Chair (Color Note) (Silver) Football Chair (Color Note) (Silver) Arc Chair (Color Note) (Silver) Swallow Chair (color note) (Silver) Linear U-shaped sofa (color note) (Silver) U-shaped sofa (color note) (Silver) Butterfly Chair (color note)<\/li>\n<li>\n<strong>Package Type<\/strong>:Official standard<\/li>\n<li>\n<strong>Taille du paquet<\/strong>:0<\/li>\n<li>\n<strong>Poids du colis<\/strong>:0<\/li>\n<li>\n<strong>Normes environnementales<\/strong>:green design<\/li>\n<li>\n<strong>Est-ce personnalisable ?<\/strong>:Oui<\/li>\n<li>\n<strong>La pr\u00e9vente est-elle disponible ?<\/strong>:Non<\/li>\n<li>\n<strong><\/strong>:<\/li>\n<\/ul>\n<p><img><\/p>","protected":false},"excerpt":{"rendered":"<p>Marque : Zhongmin Yunshang Mod\u00e8le : ZMYS0147 Fonction : Anti-salissure et r\u00e9sistant \u00e0 la salet\u00e9 Mat\u00e9riau : Dalle de roche en fer Style d&#039;emballage souple : Style de luxe l\u00e9ger Origine : Province du Fujian Trier par couleur : (Argent) D\u00e9esse<\/p>","protected":false},"featured_media":127513,"comment_status":"open","ping_status":"closed","template":"","meta":[],"product_brand":[],"product_cat":[30971,30865],"product_tag":[],"class_list":{"0":"post-68160","1":"product","2":"type-product","3":"status-publish","4":"has-post-thumbnail","6":"product_cat-hp","7":"product_cat-wholesales-salons-shops","9":"first","10":"instock","11":"sale","12":"taxable","13":"shipping-taxable","14":"purchasable","15":"product-type-variable"},"_links":{"self":[{"href":"https:\/\/nexgendecors.com\/fr\/wp-json\/wp\/v2\/product\/68160","targetHints":{"allow":["GET"]}}],"collection":[{"href":"https:\/\/nexgendecors.com\/fr\/wp-json\/wp\/v2\/product"}],"about":[{"href":"https:\/\/nexgendecors.com\/fr\/wp-json\/wp\/v2\/types\/product"}],"replies":[{"embeddable":true,"href":"https:\/\/nexgendecors.com\/fr\/wp-json\/wp\/v2\/comments?post=68160"}],"version-history":[{"count":0,"href":"https:\/\/nexgendecors.com\/fr\/wp-json\/wp\/v2\/product\/68160\/revisions"}],"wp:featuredmedia":[{"embeddable":true,"href":"https:\/\/nexgendecors.com\/fr\/wp-json\/wp\/v2\/media\/127513"}],"wp:attachment":[{"href":"https:\/\/nexgendecors.com\/fr\/wp-json\/wp\/v2\/media?parent=68160"}],"wp:term":[{"taxonomy":"product_brand","embeddable":true,"href":"https:\/\/nexgendecors.com\/fr\/wp-json\/wp\/v2\/product_brand?post=68160"},{"taxonomy":"product_cat","embeddable":true,"href":"https:\/\/nexgendecors.com\/fr\/wp-json\/wp\/v2\/product_cat?post=68160"},{"taxonomy":"product_tag","embeddable":true,"href":"https:\/\/nexgendecors.com\/fr\/wp-json\/wp\/v2\/product_tag?post=68160"}],"curies":[{"name":"wp","href":"https:\/\/api.w.org\/{rel}","templated":true}]}}