{"id":68237,"date":"2025-01-26T03:13:31","date_gmt":"2025-01-26T03:13:31","guid":{"rendered":"https:\/\/nexgendecors.com\/product\/modern-light-luxury-restaurant-chandelier-bar-simple-atmosphere-three-head-dining-table-one-line-long-square-dining-room-crystal-lamp\/"},"modified":"2025-04-06T09:08:21","modified_gmt":"2025-04-06T09:08:21","slug":"modern-light-luxury-restaurant-chandelier-bar-simple-atmosphere-three-head-dining-table-one-line-long-square-dining-room-crystal-lamp","status":"publish","type":"product","link":"https:\/\/nexgendecors.com\/fr\/product\/modern-light-luxury-restaurant-chandelier-bar-simple-atmosphere-three-head-dining-table-one-line-long-square-dining-room-crystal-lamp\/","title":{"rendered":"Elegant Crystal Chandelier for Modern Dining Spaces"},"content":{"rendered":"<ul>\n<li>\n<strong>style<\/strong>:Simple et moderne<\/li>\n<li>\n<strong>Type de lustre<\/strong>:Crystal chandeliers<\/li>\n<li>\n<strong>Mat\u00e9riau principal du corps de la lampe<\/strong>:fer<\/li>\n<li>\n<strong>Mat\u00e9riau principal de l&#039;abat-jour<\/strong>:cristal<\/li>\n<li>\n<strong>Tension<\/strong>:111V~240V (inclus)<\/li>\n<li>\n<strong>Nombre d&#039;accessoires<\/strong>:23<\/li>\n<li>\n<strong>Forme de la lampe<\/strong>:Lustre<\/li>\n<li>\n<strong>Que ce soit un contr\u00f4le intelligent<\/strong>:Non<\/li>\n<li>\n<strong>Nombre de t\u00eates de lampe<\/strong>:3<\/li>\n<li>\n<strong>Mat\u00e9riau auxiliaire du corps de la lampe<\/strong>:fer<\/li>\n<li>\n<strong>Service en ville<\/strong>:Livraison \u00e0 domicile par des vendeurs locaux<\/li>\n<li>\n<strong>Composants certifi\u00e9s 3c<\/strong>:Whole lamp<\/li>\n<li>\n<strong>P\u00e9riode de garantie<\/strong>:3 ans<\/li>\n<li>\n<strong>Zone d&#039;irradiation<\/strong>:5\u33a1-10\u33a1<\/li>\n<li>\n<strong>La lampe a-t-elle une source lumineuse ?<\/strong>:Non<\/li>\n<li>\n<strong>type de source lumineuse<\/strong>:Lumi\u00e8res LED<\/li>\n<li>\n<strong>Nombre de sources lumineuses<\/strong>:3<\/li>\n<li>\n<strong>Technologie<\/strong>:Gla\u00e7age \u00e0 la peinture en a\u00e9rosol<\/li>\n<li>\n<strong>trier par couleur<\/strong>:3-head square hood &#8211; applicable to 5-10\u33a1 &#8211; LED white light, 3-head square hood &#8211; applicable to 5-10\u33a1 &#8211; LED warm light, 3-head square hood &#8211; applicable to 5-10\u33a1 &#8211; LED tricolor light, 4-head square hood &#8211; applicable to 8-12\u33a1 &#8211; LED white light, 4-head square hood &#8211; applicable to 8-12\u33a1 &#8211; LED warm light, 4-head square hood &#8211; applicable to 8-12\u33a1 &#8211; LED tricolor light, 3-head round hood &#8211; applicable to 5-10\u33a1 &#8211; LED white light, 3-head round hood &#8211; applicable to 5-10\u33a1 &#8211; LED warm light, 3-head round hood &#8211; applicable to 5-10\u33a1 &#8211; LED tricolor light, 4-head round hood &#8211; applicable to 8-12\u33a1 &#8211; LED white light, 4-head round hood &#8211; applicable to 8-12\u33a1 &#8211; LED warm light, 4-head round hood &#8211; applicable to 8-12\u33a1 &#8211; LED tricolor light<\/li>\n<li>\n<strong>marque<\/strong>:Tim Ngai<\/li>\n<li>\n<strong>mod\u00e8le<\/strong>:TY-MD007 3\u00d7MAX15W<\/li>\n<li>\n<strong>Mod\u00e8le de composant certifi\u00e9 3c<\/strong>:TY-MD007 3\u00d7MAX15W<\/li>\n<li>\n<strong>Type de contr\u00f4le<\/strong>:Contr\u00f4le non intelligent<\/li>\n<li>\n<strong>Type intelligent<\/strong>:Autres renseignements<\/li>\n<li>\n<strong>Mat\u00e9riau auxiliaire pour abat-jour<\/strong>:cristal<\/li>\n<li>\n<strong>Origine<\/strong>:Chine continentale<\/li>\n<li>\n<strong>Temp\u00e9rature de couleur de la source lumineuse Valeur K<\/strong>:3000K<\/li>\n<li>\n<strong>Temp\u00e9rature de couleur<\/strong>:Lumi\u00e8re tricolore<\/li>\n<li>\n<strong>Num\u00e9ro de certificat 3C<\/strong>:2024371001000002<\/li>\n<li>\n<strong><\/strong>:<\/li>\n<\/ul>\n<p><img><\/p>","protected":false},"excerpt":{"rendered":"<p>style:Simple and modern Chandelier Type:Crystal chandeliers Main material of lamp body:iron Lampshade main material:crystal Voltage:111V~240V (inclusive) Number of accessories:23 Lamp<\/p>","protected":false},"featured_media":127605,"comment_status":"open","ping_status":"closed","template":"","meta":[],"product_brand":[],"product_cat":[30971,30864],"product_tag":[],"class_list":{"0":"post-68237","1":"product","2":"type-product","3":"status-publish","4":"has-post-thumbnail","6":"product_cat-hp","7":"product_cat-new-wholesales-lights","9":"first","10":"instock","11":"taxable","12":"shipping-taxable","13":"purchasable","14":"product-type-variable"},"_links":{"self":[{"href":"https:\/\/nexgendecors.com\/fr\/wp-json\/wp\/v2\/product\/68237","targetHints":{"allow":["GET"]}}],"collection":[{"href":"https:\/\/nexgendecors.com\/fr\/wp-json\/wp\/v2\/product"}],"about":[{"href":"https:\/\/nexgendecors.com\/fr\/wp-json\/wp\/v2\/types\/product"}],"replies":[{"embeddable":true,"href":"https:\/\/nexgendecors.com\/fr\/wp-json\/wp\/v2\/comments?post=68237"}],"version-history":[{"count":0,"href":"https:\/\/nexgendecors.com\/fr\/wp-json\/wp\/v2\/product\/68237\/revisions"}],"wp:featuredmedia":[{"embeddable":true,"href":"https:\/\/nexgendecors.com\/fr\/wp-json\/wp\/v2\/media\/127605"}],"wp:attachment":[{"href":"https:\/\/nexgendecors.com\/fr\/wp-json\/wp\/v2\/media?parent=68237"}],"wp:term":[{"taxonomy":"product_brand","embeddable":true,"href":"https:\/\/nexgendecors.com\/fr\/wp-json\/wp\/v2\/product_brand?post=68237"},{"taxonomy":"product_cat","embeddable":true,"href":"https:\/\/nexgendecors.com\/fr\/wp-json\/wp\/v2\/product_cat?post=68237"},{"taxonomy":"product_tag","embeddable":true,"href":"https:\/\/nexgendecors.com\/fr\/wp-json\/wp\/v2\/product_tag?post=68237"}],"curies":[{"name":"wp","href":"https:\/\/api.w.org\/{rel}","templated":true}]}}