{"id":68477,"date":"2025-01-26T03:13:53","date_gmt":"2025-01-26T03:13:53","guid":{"rendered":"https:\/\/nexgendecors.com\/product\/internet-celebrity-nail-table-and-chair-set-marble-simple-modern-single-double-nail-table-nail-table-sofa-table-chair\/"},"modified":"2025-04-06T09:08:43","modified_gmt":"2025-04-06T09:08:43","slug":"internet-celebrity-nail-table-and-chair-set-marble-simple-modern-single-double-nail-table-nail-table-sofa-table-chair","status":"publish","type":"product","link":"https:\/\/nexgendecors.com\/fr\/product\/internet-celebrity-nail-table-and-chair-set-marble-simple-modern-single-double-nail-table-nail-table-sofa-table-chair\/","title":{"rendered":"Ensemble table et chaises en marbre moderne \u2013 Chic et polyvalent"},"content":{"rendered":"<ul>\n<li>\n<strong>marque<\/strong>:Zhongmin Yunshang<\/li>\n<li>\n<strong>mod\u00e8le<\/strong>:ZMYS002<\/li>\n<li>\n<strong>Fonction<\/strong>:Storage and dirt-resistant<\/li>\n<li>\n<strong>Mat\u00e9riel<\/strong>:Iron rock slab soft package<\/li>\n<li>\n<strong>style<\/strong>:Style de luxe l\u00e9ger<\/li>\n<li>\n<strong>Origine<\/strong>:Province du Fujian<\/li>\n<li>\n<strong>trier par couleur<\/strong>:Muse Nail Art Table 80x45x78 Muse Nail Art Table 100x45x78 Muse Nail Art Table 120x45x78 Muse Nail Art Table 140x45x78 Round Stool (Color Note) Double Round Stool (Color Note) New U-shaped Sofa (Color Note) Princess Chair (Color Note) Curved Chair (Color Note) Soft-Packed Nail Art Table 80x45x78 (Color Note) Soft-Packed Nail Art Table 100x45x78 (Color Note) Soft-Packed Nail Art Table 120x45x78 (Color Note) Nail Art Table 140x45x78 (Color Note) Nail Art Table 160x45x78 (Color Note) Nail Art Table 180x45x78 (Color Note) Nail Art Table 200x45x78 (Color Note) Peacock Chair (color notes) Meilin Chair (color notes) Mermaid Chair (color notes) Lipstick Sofa (color notes)<\/li>\n<li>\n<strong>Package Type<\/strong>:Official standard<\/li>\n<li>\n<strong>Taille du paquet<\/strong>:0<\/li>\n<li>\n<strong>Poids du colis<\/strong>:0<\/li>\n<li>\n<strong>Normes environnementales<\/strong>:green design<\/li>\n<li>\n<strong>Est-ce personnalisable ?<\/strong>:Oui<\/li>\n<li>\n<strong>La pr\u00e9vente est-elle disponible ?<\/strong>:Non<\/li>\n<li>\n<strong><\/strong>:<\/li>\n<\/ul>\n<p><img><\/p>","protected":false},"excerpt":{"rendered":"<p>Marque : Zhongmin Yunshang Mod\u00e8le : ZMYS002 Fonction : Stockage et r\u00e9sistant \u00e0 la salet\u00e9 Mat\u00e9riau : Dalle de roche en fer Emballage souple Style : Style de luxe l\u00e9ger Origine : Province du Fujian Trier par couleur : Muse Nail<\/p>","protected":false},"featured_media":127842,"comment_status":"open","ping_status":"closed","template":"","meta":[],"product_brand":[],"product_cat":[30971,30865],"product_tag":[],"class_list":{"0":"post-68477","1":"product","2":"type-product","3":"status-publish","4":"has-post-thumbnail","6":"product_cat-hp","7":"product_cat-wholesales-salons-shops","9":"first","10":"instock","11":"sale","12":"taxable","13":"shipping-taxable","14":"purchasable","15":"product-type-variable"},"_links":{"self":[{"href":"https:\/\/nexgendecors.com\/fr\/wp-json\/wp\/v2\/product\/68477","targetHints":{"allow":["GET"]}}],"collection":[{"href":"https:\/\/nexgendecors.com\/fr\/wp-json\/wp\/v2\/product"}],"about":[{"href":"https:\/\/nexgendecors.com\/fr\/wp-json\/wp\/v2\/types\/product"}],"replies":[{"embeddable":true,"href":"https:\/\/nexgendecors.com\/fr\/wp-json\/wp\/v2\/comments?post=68477"}],"version-history":[{"count":0,"href":"https:\/\/nexgendecors.com\/fr\/wp-json\/wp\/v2\/product\/68477\/revisions"}],"wp:featuredmedia":[{"embeddable":true,"href":"https:\/\/nexgendecors.com\/fr\/wp-json\/wp\/v2\/media\/127842"}],"wp:attachment":[{"href":"https:\/\/nexgendecors.com\/fr\/wp-json\/wp\/v2\/media?parent=68477"}],"wp:term":[{"taxonomy":"product_brand","embeddable":true,"href":"https:\/\/nexgendecors.com\/fr\/wp-json\/wp\/v2\/product_brand?post=68477"},{"taxonomy":"product_cat","embeddable":true,"href":"https:\/\/nexgendecors.com\/fr\/wp-json\/wp\/v2\/product_cat?post=68477"},{"taxonomy":"product_tag","embeddable":true,"href":"https:\/\/nexgendecors.com\/fr\/wp-json\/wp\/v2\/product_tag?post=68477"}],"curies":[{"name":"wp","href":"https:\/\/api.w.org\/{rel}","templated":true}]}}