{"id":68772,"date":"2025-01-26T03:14:28","date_gmt":"2025-01-26T03:14:28","guid":{"rendered":"https:\/\/nexgendecors.com\/product\/modern-simple-designer-single-sofa-net-red-high-end-creative-living-room-single-chair-balcony-negotiation-light-luxury-leisure-chair\/"},"modified":"2025-04-06T09:09:12","modified_gmt":"2025-04-06T09:09:12","slug":"modern-simple-designer-single-sofa-net-red-high-end-creative-living-room-single-chair-balcony-negotiation-light-luxury-leisure-chair","status":"publish","type":"product","link":"https:\/\/nexgendecors.com\/fr\/product\/modern-simple-designer-single-sofa-net-red-high-end-creative-living-room-single-chair-balcony-negotiation-light-luxury-leisure-chair\/","title":{"rendered":"High-End Creative Single Sofa Chair for Luxury Living"},"content":{"rendered":"<ul>\n<li>\n<strong>marque<\/strong>:autre\/autre<\/li>\n<li>\n<strong>mod\u00e8le<\/strong>:2335<\/li>\n<li>\n<strong>Mat\u00e9riel<\/strong>:tissu<\/li>\n<li>\n<strong>mod\u00e8le<\/strong>:abstrait<\/li>\n<li>\n<strong>style<\/strong>:Style de luxe l\u00e9ger<\/li>\n<li>\n<strong>\u00e9l\u00e9ments populaires<\/strong>:Forme sp\u00e9ciale, \u00e9pissure, m\u00e9tal<\/li>\n<li>\n<strong>trier par couleur<\/strong>:Black microfiber leather, green cotton and linen, custom microfiber leather color, custom first layer cowhide<\/li>\n<li>\n<strong>Poids brut<\/strong>:35<\/li>\n<li>\n<strong>Remplissage<\/strong>:Goose down<\/li>\n<li>\n<strong>Est-ce personnalisable ?<\/strong>:Non<\/li>\n<li>\n<strong>Appropri\u00e9<\/strong>:G\u00e9n\u00e9ral<\/li>\n<li>\n<strong>Est-ce rempla\u00e7able ?<\/strong>:Non<\/li>\n<li>\n<strong>Livraison\/installation disponible<\/strong>:Shanghai, autres, P\u00e9kin, Nanjing, Nanchang, Harbin, Dalian, Tianjin, Ningbo, Guangzhou, Chengdu, Hangzhou, Wuhan, Shenyang, Shenzhen, Wenzhou, Suzhou, Xi&#039;an, Guiyang, Zhengzhou, Chongqing, Jinhua, Changsha, Dongguan, Fuzhou, Qingdao, Wuxi, Taizhou, Changzhou, Foshan, Xiamen, Nanning<\/li>\n<li>\n<strong>Assembler<\/strong>:Non<\/li>\n<li>\n<strong>volume du colis<\/strong>:0.65<\/li>\n<li>\n<strong>Un taxi est-il disponible pour le transport ?<\/strong>:Non<\/li>\n<li>\n<strong>Positionnement de style<\/strong>:Qualit\u00e9 Luxe<\/li>\n<li>\n<strong>Instructions d&#039;installation d\u00e9taill\u00e9es<\/strong>:Fournir des instructions d&#039;installation, une vid\u00e9o d&#039;installation et des outils d&#039;installation simples<\/li>\n<li>\n<strong><\/strong>:<\/li>\n<\/ul>\n<p><img><\/p>","protected":false},"excerpt":{"rendered":"<p>brand:other\/other model:2335 Material:cloth pattern:abstract style:Light luxury style popular elements:Special shape, splicing, metal sort by color:Black microfiber leather, green cotton and<\/p>","protected":false},"featured_media":128086,"comment_status":"open","ping_status":"closed","template":"","meta":[],"product_brand":[],"product_cat":[30855,30862,30971,30860,30850],"product_tag":[],"class_list":{"0":"post-68772","1":"product","2":"type-product","3":"status-publish","4":"has-post-thumbnail","6":"product_cat-wholesale-chairs","7":"product_cat-wholesales-hotels","8":"product_cat-hp","9":"product_cat-wholesale-restaurant","10":"product_cat-wholesale-furniture","12":"first","13":"instock","14":"taxable","15":"shipping-taxable","16":"purchasable","17":"product-type-variable"},"_links":{"self":[{"href":"https:\/\/nexgendecors.com\/fr\/wp-json\/wp\/v2\/product\/68772","targetHints":{"allow":["GET"]}}],"collection":[{"href":"https:\/\/nexgendecors.com\/fr\/wp-json\/wp\/v2\/product"}],"about":[{"href":"https:\/\/nexgendecors.com\/fr\/wp-json\/wp\/v2\/types\/product"}],"replies":[{"embeddable":true,"href":"https:\/\/nexgendecors.com\/fr\/wp-json\/wp\/v2\/comments?post=68772"}],"version-history":[{"count":0,"href":"https:\/\/nexgendecors.com\/fr\/wp-json\/wp\/v2\/product\/68772\/revisions"}],"wp:featuredmedia":[{"embeddable":true,"href":"https:\/\/nexgendecors.com\/fr\/wp-json\/wp\/v2\/media\/128086"}],"wp:attachment":[{"href":"https:\/\/nexgendecors.com\/fr\/wp-json\/wp\/v2\/media?parent=68772"}],"wp:term":[{"taxonomy":"product_brand","embeddable":true,"href":"https:\/\/nexgendecors.com\/fr\/wp-json\/wp\/v2\/product_brand?post=68772"},{"taxonomy":"product_cat","embeddable":true,"href":"https:\/\/nexgendecors.com\/fr\/wp-json\/wp\/v2\/product_cat?post=68772"},{"taxonomy":"product_tag","embeddable":true,"href":"https:\/\/nexgendecors.com\/fr\/wp-json\/wp\/v2\/product_tag?post=68772"}],"curies":[{"name":"wp","href":"https:\/\/api.w.org\/{rel}","templated":true}]}}