{"id":68778,"date":"2025-01-26T03:14:30","date_gmt":"2025-01-26T03:14:30","guid":{"rendered":"https:\/\/nexgendecors.com\/product\/modern-simple-designer-sofa-chair-net-red-cream-style-living-room-rotating-single-chair-love-chair-heart-shaped-makeup-chair\/"},"modified":"2025-03-08T15:02:23","modified_gmt":"2025-03-08T15:02:23","slug":"modern-simple-designer-sofa-chair-net-red-cream-style-living-room-rotating-single-chair-love-chair-heart-shaped-makeup-chair","status":"publish","type":"product","link":"https:\/\/nexgendecors.com\/fr\/product\/modern-simple-designer-sofa-chair-net-red-cream-style-living-room-rotating-single-chair-love-chair-heart-shaped-makeup-chair\/","title":{"rendered":"Fauteuil de maquillage rotatif en forme de c\u0153ur couleur cr\u00e8me \u2013 Design moderne"},"content":{"rendered":"<ul>\n<li>\n<strong>marque<\/strong>:HJTSL\/Hengjiu.Tianshili<\/li>\n<li>\n<strong>mod\u00e8le<\/strong>:H27<\/li>\n<li>\n<strong>\u00e9l\u00e9ments populaires<\/strong>:\u00c9tranger<\/li>\n<li>\n<strong>style<\/strong>:autre<\/li>\n<li>\n<strong>Assembler<\/strong>:Non<\/li>\n<li>\n<strong>Appropri\u00e9<\/strong>:Adultes<\/li>\n<li>\n<strong>Est-ce rempla\u00e7able ?<\/strong>:Non<\/li>\n<li>\n<strong>Remplissage<\/strong>:\u00c9ponge en mousse hautement \u00e9lastique<\/li>\n<li>\n<strong>Est-ce personnalisable ?<\/strong>:Oui<\/li>\n<li>\n<strong>Mat\u00e9riel<\/strong>:tissu<\/li>\n<li>\n<strong>Instructions d&#039;installation d\u00e9taill\u00e9es<\/strong>:Fournir des instructions d&#039;installation<\/li>\n<li>\n<strong>mod\u00e8le<\/strong>:Art<\/li>\n<li>\n<strong>Un taxi est-il disponible pour le transport ?<\/strong>:Non<\/li>\n<li>\n<strong>Positionnement de style<\/strong>:Style artistique<\/li>\n<li>\n<strong>trier par couleur<\/strong>:Red imported fabric [360 degree rotation], blue imported fabric [360 degree rotation], other colors can be customized, please consult customer service<\/li>\n<\/ul>\n<p><img><\/p>","protected":false},"excerpt":{"rendered":"<p>Marque : HJTSL\/Hengjiu.Tianshili Mod\u00e8le : H27 \u00c9l\u00e9ments populaires : Alien Style : autre Assemblage : non Convient : adultes Est-il rempla\u00e7able ? : non Remplissage : \u00e9ponge en mousse hautement \u00e9lastique Est-il personnalisable ? : oui Mat\u00e9riau : tissu Instructions d&#039;installation<\/p>","protected":false},"featured_media":128096,"comment_status":"open","ping_status":"closed","template":"","meta":[],"product_brand":[],"product_cat":[30902,30855,30862,30971,30850],"product_tag":[],"class_list":{"0":"post-68778","1":"product","2":"type-product","3":"status-publish","4":"has-post-thumbnail","6":"product_cat-bs-chairs","7":"product_cat-wholesale-chairs","8":"product_cat-wholesales-hotels","9":"product_cat-hp","10":"product_cat-wholesale-furniture","12":"first","13":"instock","14":"taxable","15":"shipping-taxable","16":"purchasable","17":"product-type-variable"},"_links":{"self":[{"href":"https:\/\/nexgendecors.com\/fr\/wp-json\/wp\/v2\/product\/68778","targetHints":{"allow":["GET"]}}],"collection":[{"href":"https:\/\/nexgendecors.com\/fr\/wp-json\/wp\/v2\/product"}],"about":[{"href":"https:\/\/nexgendecors.com\/fr\/wp-json\/wp\/v2\/types\/product"}],"replies":[{"embeddable":true,"href":"https:\/\/nexgendecors.com\/fr\/wp-json\/wp\/v2\/comments?post=68778"}],"version-history":[{"count":0,"href":"https:\/\/nexgendecors.com\/fr\/wp-json\/wp\/v2\/product\/68778\/revisions"}],"wp:featuredmedia":[{"embeddable":true,"href":"https:\/\/nexgendecors.com\/fr\/wp-json\/wp\/v2\/media\/128096"}],"wp:attachment":[{"href":"https:\/\/nexgendecors.com\/fr\/wp-json\/wp\/v2\/media?parent=68778"}],"wp:term":[{"taxonomy":"product_brand","embeddable":true,"href":"https:\/\/nexgendecors.com\/fr\/wp-json\/wp\/v2\/product_brand?post=68778"},{"taxonomy":"product_cat","embeddable":true,"href":"https:\/\/nexgendecors.com\/fr\/wp-json\/wp\/v2\/product_cat?post=68778"},{"taxonomy":"product_tag","embeddable":true,"href":"https:\/\/nexgendecors.com\/fr\/wp-json\/wp\/v2\/product_tag?post=68778"}],"curies":[{"name":"wp","href":"https:\/\/api.w.org\/{rel}","templated":true}]}}