{"id":68788,"date":"2025-01-26T03:14:34","date_gmt":"2025-01-26T03:14:34","guid":{"rendered":"https:\/\/nexgendecors.com\/product\/modern-simple-high-back-boss-chair-ergonomic-large-chair-reclining-computer-chair-office-chair-leather-chair-home-chair\/"},"modified":"2025-03-11T07:57:51","modified_gmt":"2025-03-11T07:57:51","slug":"chaise-de-patron-moderne-simple-a-dossier-haut-chaise-ergonomique-grande-chaise-dordinateur-inclinable-chaise-de-bureau-chaise-en-cuir-chaise-de-maison","status":"publish","type":"product","link":"https:\/\/nexgendecors.com\/fr\/product\/chaise-de-patron-moderne-simple-a-dossier-haut-chaise-ergonomique-grande-chaise-dordinateur-inclinable-chaise-de-bureau-chaise-en-cuir-chaise-de-maison\/","title":{"rendered":"Fauteuil de bureau ergonomique \u00e0 dossier haut en cuir \u2013 Fauteuil de bureau inclinable"},"content":{"rendered":"<ul>\n<li>\n<strong>marque<\/strong>:Riz Bl\u00e9<\/li>\n<li>\n<strong>mod\u00e8le<\/strong>:701<\/li>\n<li>\n<strong>Mat\u00e9riau du si\u00e8ge<\/strong>:Autre<\/li>\n<li>\n<strong>Origine<\/strong>:Chine continentale<\/li>\n<li>\n<strong>province<\/strong>:Province du Guangdong<\/li>\n<li>\n<strong>trier par couleur<\/strong>:Dossier haut noyer noir Xipi dossier haut noyer noir cuir microfibre dossier haut noyer noir (assise cuir vachette) piano dossier haut blanc beige Xipi piano dossier haut blanc beige cuir microfibre piano dossier haut blanc beige (assise cuir vachette) piano dossier haut blanc orange Xipi piano dossier haut blanc orange cuir microfibre piano dossier haut blanc orange (assise cuir vachette) dossier bas noyer noir Xipi pieds roulants dossier bas noyer noir Xipi pieds fixes dossier bas noyer noir cuir microfibre pieds roulants dossier bas noyer noir (assise cuir vachette) pieds roulants piano dossier bas blanc beige Xipi pieds roulants piano dossier bas blanc beige Xipi pieds fixes piano dossier bas blanc beige cuir microfibre pieds roulants piano dossier bas blanc beige (assise cuir vachette) pieds roulants piano dossier bas blanc orange Xipi pieds roulants piano dossier bas blanc orange Xipi pieds fixes piano dossier bas blanc orange cuir microfibre pieds roulants piano dossier bas blanc orange (assise cuir vachette) pieds roulants dossier haut pieds roulants piano dossier haut blanc caf\u00e9 Xipi pieds roulants<\/li>\n<li>\n<strong>Mat\u00e9riau en tissu<\/strong>:Cuir artificiel<\/li>\n<li>\n<strong>Peut-il \u00eatre \u00e9lev\u00e9 ou abaiss\u00e9 ?<\/strong>:Oui<\/li>\n<li>\n<strong>Puis-je m&#039;allonger ?<\/strong>:Oui<\/li>\n<li>\n<strong>Mat\u00e9riau de pied cinq \u00e9toiles<\/strong>:Pieds en alliage d&#039;aluminium<\/li>\n<li>\n<strong>Type de main courante<\/strong>:Accoudoir fixe<\/li>\n<\/ul>\n<p><img><\/p>","protected":false},"excerpt":{"rendered":"<p>Marque : Rice Wheat Mod\u00e8le : 701 Mat\u00e9riau du si\u00e8ge : Autre Origine : Chine continentale Province : Province du Guangdong Trier par couleur : Dossier haut en noyer noir Xipi dossier haut en noyer noir<\/p>","protected":false},"featured_media":128110,"comment_status":"open","ping_status":"closed","template":"","meta":[],"product_brand":[],"product_cat":[30901,30971,30859],"product_tag":[],"class_list":{"0":"post-68788","1":"product","2":"type-product","3":"status-publish","4":"has-post-thumbnail","6":"product_cat-bs-office","7":"product_cat-hp","8":"product_cat-wholesale-office","10":"first","11":"instock","12":"sale","13":"taxable","14":"shipping-taxable","15":"purchasable","16":"product-type-variable"},"_links":{"self":[{"href":"https:\/\/nexgendecors.com\/fr\/wp-json\/wp\/v2\/product\/68788","targetHints":{"allow":["GET"]}}],"collection":[{"href":"https:\/\/nexgendecors.com\/fr\/wp-json\/wp\/v2\/product"}],"about":[{"href":"https:\/\/nexgendecors.com\/fr\/wp-json\/wp\/v2\/types\/product"}],"replies":[{"embeddable":true,"href":"https:\/\/nexgendecors.com\/fr\/wp-json\/wp\/v2\/comments?post=68788"}],"version-history":[{"count":0,"href":"https:\/\/nexgendecors.com\/fr\/wp-json\/wp\/v2\/product\/68788\/revisions"}],"wp:featuredmedia":[{"embeddable":true,"href":"https:\/\/nexgendecors.com\/fr\/wp-json\/wp\/v2\/media\/128110"}],"wp:attachment":[{"href":"https:\/\/nexgendecors.com\/fr\/wp-json\/wp\/v2\/media?parent=68788"}],"wp:term":[{"taxonomy":"product_brand","embeddable":true,"href":"https:\/\/nexgendecors.com\/fr\/wp-json\/wp\/v2\/product_brand?post=68788"},{"taxonomy":"product_cat","embeddable":true,"href":"https:\/\/nexgendecors.com\/fr\/wp-json\/wp\/v2\/product_cat?post=68788"},{"taxonomy":"product_tag","embeddable":true,"href":"https:\/\/nexgendecors.com\/fr\/wp-json\/wp\/v2\/product_tag?post=68788"}],"curies":[{"name":"wp","href":"https:\/\/api.w.org\/{rel}","templated":true}]}}