{"id":68908,"date":"2025-01-26T03:14:50","date_gmt":"2025-01-26T03:14:50","guid":{"rendered":"https:\/\/nexgendecors.com\/product\/modern-smart-home-theater-sofa-high-end-villa-space-electric-multifunctional-cabin-single-leather-sofa-recliner\/"},"modified":"2025-04-06T09:09:44","modified_gmt":"2025-04-06T09:09:44","slug":"canape-de-cinema-maison-intelligent-moderne-haut-de-gamme-villa-espace-electrique-multifonctionnel-cabine-simple-canape-en-cuir-inclinable","status":"publish","type":"product","link":"https:\/\/nexgendecors.com\/fr\/product\/canape-de-cinema-maison-intelligent-moderne-haut-de-gamme-villa-espace-electrique-multifonctionnel-cabine-simple-canape-en-cuir-inclinable\/","title":{"rendered":"Canap\u00e9 inclinable \u00e9lectrique haut de gamme pour home cin\u00e9mas intelligents"},"content":{"rendered":"<ul>\n<li>\n<strong>marque<\/strong>:Tigre rouge<\/li>\n<li>\n<strong>Num\u00e9ro de pi\u00e8ce<\/strong>:petit monde<\/li>\n<li>\n<strong>Mat\u00e9riel<\/strong>:Bois<\/li>\n<li>\n<strong>Mat\u00e9riau en bois<\/strong>:Pin<\/li>\n<li>\n<strong>mod\u00e8le<\/strong>:Art<\/li>\n<li>\n<strong>style<\/strong>:Simple et moderne<\/li>\n<li>\n<strong>Nombre de personnes applicable<\/strong>:individuel<\/li>\n<li>\n<strong>trier par couleur<\/strong>:Gris avec rouge, rouge avec gris, gris avec rouge, rouge avec gris, orange soleil<\/li>\n<li>\n<strong>Poids brut<\/strong>:85 kg<\/li>\n<li>\n<strong>Remplissage<\/strong>:\u00e9ponge<\/li>\n<li>\n<strong>Technologie structurelle<\/strong>:Artisanat du bois<\/li>\n<li>\n<strong>Technologie des structures en bois<\/strong>:autre<\/li>\n<li>\n<strong>Est-ce personnalisable ?<\/strong>:Oui<\/li>\n<li>\n<strong>Combinaison de canap\u00e9<\/strong>:autre<\/li>\n<li>\n<strong>Fonctionnalit\u00e9s suppl\u00e9mentaires<\/strong>:Multifonction<\/li>\n<li>\n<strong>Appropri\u00e9<\/strong>:Adultes<\/li>\n<li>\n<strong>Y a-t-il un espace de stockage ?<\/strong>:Non<\/li>\n<li>\n<strong>Processus de finition du tissu<\/strong>:Traitement sans fer<\/li>\n<li>\n<strong>Processus de finition du cuir<\/strong>:Gaufrage<\/li>\n<li>\n<strong>Mati\u00e8re cuir<\/strong>:Couche sup\u00e9rieure de cuir de vache<\/li>\n<li>\n<strong>Assembler<\/strong>:Oui<\/li>\n<li>\n<strong>volume du colis<\/strong>:1.3<\/li>\n<li>\n<strong>La pr\u00e9vente est-elle disponible ?<\/strong>:Oui<\/li>\n<li>\n<strong>Un taxi est-il disponible pour le transport ?<\/strong>:Oui<\/li>\n<li>\n<strong>Duret\u00e9 du remplissage<\/strong>:doux<\/li>\n<li>\n<strong>Positionnement de style<\/strong>:Qualit\u00e9 Luxe<\/li>\n<li>\n<strong>Instructions d&#039;installation d\u00e9taill\u00e9es<\/strong>:Fournir une vid\u00e9o d&#039;instructions d&#039;installation et un manuel d&#039;installation<\/li>\n<li>\n<strong>Gamme de finitions en cuir<\/strong>:Surface de contact<\/li>\n<li>\n<strong><\/strong>:<\/li>\n<\/ul>\n<p><img><\/p>","protected":false},"excerpt":{"rendered":"<p>Marque : Red Tiger Num\u00e9ro de pi\u00e8ce : small world Mat\u00e9riau : bois Mat\u00e9riau en bois : pin Motif : art Style : simple et moderne Nombre de personnes applicable : individuel Trier par couleur : gris avec<\/p>","protected":false},"featured_media":128208,"comment_status":"open","ping_status":"closed","template":"","meta":[],"product_brand":[],"product_cat":[30863,30971],"product_tag":[],"class_list":{"0":"post-68908","1":"product","2":"type-product","3":"status-publish","4":"has-post-thumbnail","6":"product_cat-wholesales-cinema-theater","7":"product_cat-hp","9":"first","10":"instock","11":"sale","12":"taxable","13":"shipping-taxable","14":"purchasable","15":"product-type-variable"},"_links":{"self":[{"href":"https:\/\/nexgendecors.com\/fr\/wp-json\/wp\/v2\/product\/68908","targetHints":{"allow":["GET"]}}],"collection":[{"href":"https:\/\/nexgendecors.com\/fr\/wp-json\/wp\/v2\/product"}],"about":[{"href":"https:\/\/nexgendecors.com\/fr\/wp-json\/wp\/v2\/types\/product"}],"replies":[{"embeddable":true,"href":"https:\/\/nexgendecors.com\/fr\/wp-json\/wp\/v2\/comments?post=68908"}],"version-history":[{"count":0,"href":"https:\/\/nexgendecors.com\/fr\/wp-json\/wp\/v2\/product\/68908\/revisions"}],"wp:featuredmedia":[{"embeddable":true,"href":"https:\/\/nexgendecors.com\/fr\/wp-json\/wp\/v2\/media\/128208"}],"wp:attachment":[{"href":"https:\/\/nexgendecors.com\/fr\/wp-json\/wp\/v2\/media?parent=68908"}],"wp:term":[{"taxonomy":"product_brand","embeddable":true,"href":"https:\/\/nexgendecors.com\/fr\/wp-json\/wp\/v2\/product_brand?post=68908"},{"taxonomy":"product_cat","embeddable":true,"href":"https:\/\/nexgendecors.com\/fr\/wp-json\/wp\/v2\/product_cat?post=68908"},{"taxonomy":"product_tag","embeddable":true,"href":"https:\/\/nexgendecors.com\/fr\/wp-json\/wp\/v2\/product_tag?post=68908"}],"curies":[{"name":"wp","href":"https:\/\/api.w.org\/{rel}","templated":true}]}}