{"id":68965,"date":"2025-01-26T03:15:01","date_gmt":"2025-01-26T03:15:01","guid":{"rendered":"https:\/\/nexgendecors.com\/product\/mofit-backsplash-tile-for-kitchen-peel-and-stick-self-adhesive-bathroom-wall-tiles-waterproof-3d-metal-and-marble-mosaic-panels-heat-resistant-white-gold-10sheets1706337335519\/"},"modified":"2025-04-06T09:09:56","modified_gmt":"2025-04-06T09:09:56","slug":"carrelage-de-credence-de-cuisine-mofit-autocollant-pour-salle-de-bain-impermeable-mosaique-3d-en-metal-et-marbre-resistant-a-la-chaleur-or-blanc-10-feuilles-1706337335519","status":"publish","type":"product","link":"https:\/\/nexgendecors.com\/fr\/product\/carrelage-de-credence-de-cuisine-mofit-autocollant-pour-salle-de-bain-impermeable-mosaique-3d-en-metal-et-marbre-resistant-a-la-chaleur-or-blanc-10-feuilles-1706337335519\/","title":{"rendered":"MOFIT 3D Metal &amp; Marble Peel and Stick Backsplash Tiles (carreaux de dosseret en m\u00e9tal et marbre)"},"content":{"rendered":"<p>\ud83c\udf1f <strong>Sublimez votre espace avec les carreaux de dosseret adh\u00e9sifs MOFIT<\/strong> \ud83c\udf1f<\/p>\n<p>\ud83d\udcab <strong>Conception de mosa\u00efque r\u00e9aliste :<\/strong> Les carreaux MOFIT pr\u00e9sentent une combinaison unique de r\u00e9sine plastique durable et de copeaux de m\u00e9tal bross\u00e9 avec une finition mate effet marbre, cr\u00e9ant un effet mosa\u00efque r\u00e9aliste. Coll\u00e9s \u00e0 la main sur le support adh\u00e9sif, ces carreaux offrent une alternative sup\u00e9rieure aux autocollants en vinyle classiques.<\/p>\n<p>\ud83c\udfe1 <strong>Utilisation polyvalente :<\/strong> Parfaits pour la d\u00e9coration et l&#039;am\u00e9nagement de votre maison, nos panneaux muraux 3D sont sp\u00e9cialement con\u00e7us pour diverses applications\u00a0: murs de cuisine, cr\u00e9dences de salle de bain, buanderies, miroirs, chemin\u00e9es, douches, camping-cars, escaliers, placards, etc. Transformez n&#039;importe quel espace en toute simplicit\u00e9\u00a0! \u2728<\/p>\n<p>\ud83d\udd12 <strong>Construction durable :<\/strong> Notre cr\u00e9dence en mosa\u00efque offre une \u00e9paisseur de 3 mm, ce qui la rend plus \u00e9paisse et plus durable que les carreaux en vinyle adh\u00e9sifs classiques. Chaque carreau embo\u00eetable mesure 30 x 29 cm, soit 5 carreaux par paquet couvrant 3,7 m\u00b2 et 10 carreaux par paquet couvrant 7,7 m\u00b2. Profitez d&#039;une esth\u00e9tique et d&#039;une fonctionnalit\u00e9 durables dans votre maison. \ud83d\udcaa<\/p>\n<p>\u2702\ufe0f <strong>Installation facile :<\/strong> Les carreaux MOFIT offrent une forte adh\u00e9rence et sont faciles \u00e0 poser et \u00e0 d\u00e9couper \u00e0 l&#039;aide d&#039;un cutter ou de ciseaux. Ils conviennent aux surfaces brillantes et planes comme le bois, le PVC, le m\u00e9tal, les murs en ciment et les murs peints. Gr\u00e2ce \u00e0 leur conception autocollante, profitez d&#039;une pose propre et sans joints en quelques heures seulement. \ud83d\udee0\ufe0f<\/p>\n<p>\ud83c\udf08 <strong>Cr\u00e9ez l&#039;espace de vos r\u00eaves :<\/strong> Avec les carreaux adh\u00e9sifs pour cr\u00e9dence MOFIT, les possibilit\u00e9s sont infinies. Sublimez la beaut\u00e9 de votre int\u00e9rieur avec simplicit\u00e9 et raffinement. Que vous r\u00e9noviez votre cuisine, votre salle de bain ou tout autre espace, nos carreaux sont la solution id\u00e9ale pour une transformation spectaculaire. \ud83c\udfe0\u2728<\/p>\n<p>Sublimez votre espace avec les carreaux de cr\u00e9dence adh\u00e9sifs MOFIT et profitez d&#039;un m\u00e9lange parfait de style, de durabilit\u00e9 et de facilit\u00e9 d&#039;installation. Donnez vie \u00e0 votre vision du design et transformez n&#039;importe quelle pi\u00e8ce en \u0153uvre d&#039;art. \u2728\ud83d\udd33<\/p>","protected":false},"excerpt":{"rendered":"<p>\ud83c\udf1f \u00c9levez votre espace avec les carreaux de dosseret Peel and Stick de MOFIT \ud83c\udf1f \ud83d\udcab Mosa\u00efque r\u00e9aliste : Les carreaux MOFIT se caract\u00e9risent par une<\/p>","protected":false},"featured_media":128297,"comment_status":"open","ping_status":"closed","template":"","meta":[],"product_brand":[],"product_cat":[30971,32],"product_tag":[],"class_list":{"0":"post-68965","1":"product","2":"type-product","3":"status-publish","4":"has-post-thumbnail","6":"product_cat-hp","7":"product_cat-residential-furniture","9":"first","10":"instock","11":"sale","12":"taxable","13":"shipping-taxable","14":"purchasable","15":"product-type-variable"},"_links":{"self":[{"href":"https:\/\/nexgendecors.com\/fr\/wp-json\/wp\/v2\/product\/68965","targetHints":{"allow":["GET"]}}],"collection":[{"href":"https:\/\/nexgendecors.com\/fr\/wp-json\/wp\/v2\/product"}],"about":[{"href":"https:\/\/nexgendecors.com\/fr\/wp-json\/wp\/v2\/types\/product"}],"replies":[{"embeddable":true,"href":"https:\/\/nexgendecors.com\/fr\/wp-json\/wp\/v2\/comments?post=68965"}],"version-history":[{"count":0,"href":"https:\/\/nexgendecors.com\/fr\/wp-json\/wp\/v2\/product\/68965\/revisions"}],"wp:featuredmedia":[{"embeddable":true,"href":"https:\/\/nexgendecors.com\/fr\/wp-json\/wp\/v2\/media\/128297"}],"wp:attachment":[{"href":"https:\/\/nexgendecors.com\/fr\/wp-json\/wp\/v2\/media?parent=68965"}],"wp:term":[{"taxonomy":"product_brand","embeddable":true,"href":"https:\/\/nexgendecors.com\/fr\/wp-json\/wp\/v2\/product_brand?post=68965"},{"taxonomy":"product_cat","embeddable":true,"href":"https:\/\/nexgendecors.com\/fr\/wp-json\/wp\/v2\/product_cat?post=68965"},{"taxonomy":"product_tag","embeddable":true,"href":"https:\/\/nexgendecors.com\/fr\/wp-json\/wp\/v2\/product_tag?post=68965"}],"curies":[{"name":"wp","href":"https:\/\/api.w.org\/{rel}","templated":true}]}}