{"id":68972,"date":"2025-01-26T03:15:02","date_gmt":"2025-01-26T03:15:02","guid":{"rendered":"https:\/\/nexgendecors.com\/product\/mofit-peel-and-stick-backsplash-for-kitchen-3d-wall-panel-peel-and-stick-tile-self-adhesive-backsplash-for-bathroom-tile-stickers-diamond-10sheets-white-gold1706337335454\/"},"modified":"2025-04-15T11:18:09","modified_gmt":"2025-04-15T11:18:09","slug":"dosseret-autocollant-mofit-pour-cuisine-panneau-mural-3d-carrelage-autocollant-pour-salle-de-bain-autocollants-diamant-10-feuilles-or-blanc-1706337335454","status":"publish","type":"product","link":"https:\/\/nexgendecors.com\/fr\/product\/dosseret-autocollant-mofit-pour-cuisine-panneau-mural-3d-carrelage-autocollant-pour-salle-de-bain-autocollants-diamant-10-feuilles-or-blanc-1706337335454\/","title":{"rendered":"Dosseret autocollant 3D MOFIT \u2013 Carreaux or blanc"},"content":{"rendered":"<p>\ud83c\udf1f <strong>Transformez-vous en toute simplicit\u00e9<\/strong>: Pr\u00e9sentation des carreaux de dosseret \u00e0 peler et \u00e0 coller de M MOFIT, votre solution id\u00e9ale pour des am\u00e9liorations de maison sans effort\u00a0!<\/p>\n<p>\ud83c\udfa8 <strong>Vari\u00e9t\u00e9 d&#039;options<\/strong>:D\u00e9couvrez notre gamme de couleurs, de textures, de tailles et de finitions, offrant des possibilit\u00e9s infinies pour votre vision du design.<\/p>\n<p>\ud83d\udcaa <strong>Construction durable<\/strong>:Fabriqu\u00e9s \u00e0 partir de r\u00e9sine plastique durable et d&#039;aluminium, ces carreaux sont con\u00e7us pour durer, garantissant une beaut\u00e9 \u00e0 long terme dans votre espace.<\/p>\n<p>\ud83d\udd27 <strong>Installation simple<\/strong>: L&#039;application par pelage et collage simplifie grandement l&#039;installation. Dites adieu aux joints salissants et bonjour \u00e0 une r\u00e9novation sans tracas\u00a0!<\/p>\n<p>\ud83c\udfe1 <strong>Utilisation polyvalente<\/strong>:Parfait pour les dosserets de cuisini\u00e8re, les panneaux muraux de douche et tout autre endroit o\u00f9 les propri\u00e9t\u00e9s d&#039;\u00e9tanch\u00e9it\u00e9 et de r\u00e9sistance \u00e0 la chaleur sont essentielles.<\/p>\n<p>\ud83d\udd25 <strong>R\u00e9sistant \u00e0 la chaleur et imperm\u00e9able<\/strong>:Nos carreaux sont con\u00e7us pour r\u00e9sister aux temp\u00e9ratures \u00e9lev\u00e9es et \u00e0 l&#039;humidit\u00e9, offrant ainsi une tranquillit\u00e9 d&#039;esprit dans les environnements de cuisine et de salle de bain.<\/p>\n<p>\ud83d\udd0d <strong>Apparence r\u00e9aliste<\/strong>: Appr\u00e9ciez l&#039;aspect du carrelage traditionnel sans les tracas. Nos stickers carrelage 3D offrent un rendu r\u00e9aliste qui sublimera n&#039;importe quel espace.<\/p>\n<p>\ud83d\udcd0 <strong>Sp\u00e9cifications du produit<\/strong>:<\/p>\n<ul>\n<li>Taille : 10 feuilles<\/li>\n<li>Couleur : Or blanc<\/li>\n<li>Forme : Rectangulaire<\/li>\n<li>Type de finition : Non poli<\/li>\n<li>Nombre d&#039;unit\u00e9s : 9,36 pieds carr\u00e9s<\/li>\n<li>Niveau de r\u00e9sistance \u00e0 l&#039;eau : \u00c9tanche<\/li>\n<\/ul>\n<p>\ud83d\uded2 <strong>D\u00e9couvrez la diff\u00e9rence<\/strong>: Rejoignez les innombrables clients satisfaits qui ont transform\u00e9 leur espace gr\u00e2ce aux carreaux de cr\u00e9dence adh\u00e9sifs M MOFIT. Adoptez d\u00e8s aujourd&#039;hui une libert\u00e9 de conception sans tracas\u00a0!<\/p>","protected":false},"excerpt":{"rendered":"<p>\ud83c\udf1f Transformez en toute simplicit\u00e9 : d\u00e9couvrez les carreaux de dosseret autocollants de M MOFIT, votre solution id\u00e9ale pour des am\u00e9liorations de maison sans effort ! \ud83c\udfa8<\/p>","protected":false},"featured_media":128307,"comment_status":"open","ping_status":"closed","template":"","meta":[],"product_brand":[],"product_cat":[30971,30986,30878],"product_tag":[],"class_list":{"0":"post-68972","1":"product","2":"type-product","3":"status-publish","4":"has-post-thumbnail","6":"product_cat-hp","7":"product_cat-tiles-wall-bricks","8":"product_cat-wall-panel","10":"first","11":"instock","12":"sale","13":"taxable","14":"shipping-taxable","15":"purchasable","16":"product-type-variable"},"_links":{"self":[{"href":"https:\/\/nexgendecors.com\/fr\/wp-json\/wp\/v2\/product\/68972","targetHints":{"allow":["GET"]}}],"collection":[{"href":"https:\/\/nexgendecors.com\/fr\/wp-json\/wp\/v2\/product"}],"about":[{"href":"https:\/\/nexgendecors.com\/fr\/wp-json\/wp\/v2\/types\/product"}],"replies":[{"embeddable":true,"href":"https:\/\/nexgendecors.com\/fr\/wp-json\/wp\/v2\/comments?post=68972"}],"version-history":[{"count":0,"href":"https:\/\/nexgendecors.com\/fr\/wp-json\/wp\/v2\/product\/68972\/revisions"}],"wp:featuredmedia":[{"embeddable":true,"href":"https:\/\/nexgendecors.com\/fr\/wp-json\/wp\/v2\/media\/128307"}],"wp:attachment":[{"href":"https:\/\/nexgendecors.com\/fr\/wp-json\/wp\/v2\/media?parent=68972"}],"wp:term":[{"taxonomy":"product_brand","embeddable":true,"href":"https:\/\/nexgendecors.com\/fr\/wp-json\/wp\/v2\/product_brand?post=68972"},{"taxonomy":"product_cat","embeddable":true,"href":"https:\/\/nexgendecors.com\/fr\/wp-json\/wp\/v2\/product_cat?post=68972"},{"taxonomy":"product_tag","embeddable":true,"href":"https:\/\/nexgendecors.com\/fr\/wp-json\/wp\/v2\/product_tag?post=68972"}],"curies":[{"name":"wp","href":"https:\/\/api.w.org\/{rel}","templated":true}]}}