{"id":69223,"date":"2025-01-26T03:16:41","date_gmt":"2025-01-26T03:16:41","guid":{"rendered":"https:\/\/nexgendecors.com\/product\/mopio-brooklyn-mid-century-modern-lift-top-coffee-table-waveform-panel-with-hidden-storage-sleek-curved-profile-lift-tabletop-dining-table-golden-oak-coffee-table1711879120169\/"},"modified":"2025-04-06T09:10:28","modified_gmt":"2025-04-06T09:10:28","slug":"mopio-brooklyn-mid-century-modern-lift-top-coffee-table-waveform-panel-with-hidden-storage-sleek-curved-profile-lift-tabletop-dining-table-golden-oak-coffee-table1711879120169","status":"publish","type":"product","link":"https:\/\/nexgendecors.com\/fr\/product\/mopio-brooklyn-mid-century-modern-lift-top-coffee-table-waveform-panel-with-hidden-storage-sleek-curved-profile-lift-tabletop-dining-table-golden-oak-coffee-table1711879120169\/","title":{"rendered":"Mopio Table basse \u00e0 plateau sur\u00e9lev\u00e9 - Ch\u00eane dor\u00e9"},"content":{"rendered":"<p data-mce-fragment=\"1\">\ud83d\udccf <strong data-mce-fragment=\"1\">Dimensions<\/strong>:<\/p>\n<ul data-mce-fragment=\"1\">\n<li data-mce-fragment=\"1\">Size: 35.5&#8243; (W) x 19.8&#8243; (D) x 16.5&#8243; (H) \ud83d\udcd0<\/li>\n<li data-mce-fragment=\"1\">Retours sans tracas sous 30 jours et garantie d&#039;un an \ud83d\udecd\ufe0f<\/li>\n<\/ul>\n<p data-mce-fragment=\"1\">\ud83c\udfa8 <strong data-mce-fragment=\"1\">Design \u00e9l\u00e9gant<\/strong>:<\/p>\n<ul data-mce-fragment=\"1\">\n<li data-mce-fragment=\"1\">Unique fluted panel design crafted with special technology \ud83c\udfa8<\/li>\n<li data-mce-fragment=\"1\">Rounded corners for a safer and softer look \ud83c\udf1f<\/li>\n<li data-mce-fragment=\"1\">Ideal for homes with little ones \ud83d\udc76<\/li>\n<\/ul>\n<p data-mce-fragment=\"1\">\u2b06\ufe0f <strong data-mce-fragment=\"1\">Lift Top Design<\/strong>:<\/p>\n<ul data-mce-fragment=\"1\">\n<li data-mce-fragment=\"1\">High-quality spring mechanism for smooth and quiet lifting\/lowering \u2699\ufe0f<\/li>\n<li data-mce-fragment=\"1\">Transform into a coffee table, workbench, or dining space from your sofa \ud83d\udecb\ufe0f<\/li>\n<\/ul>\n<p data-mce-fragment=\"1\">\ud83e\ude9a <strong data-mce-fragment=\"1\">Box Frame Leg<\/strong>:<\/p>\n<ul data-mce-fragment=\"1\">\n<li data-mce-fragment=\"1\">Even weight distribution across all 4 legs for stability \ud83e\uddb6<\/li>\n<li data-mce-fragment=\"1\">Say goodbye to wobbly tables! \ud83d\udeab<\/li>\n<\/ul>\n<p data-mce-fragment=\"1\">\ud83d\udce6 <strong data-mce-fragment=\"1\">Smart Storage<\/strong>:<\/p>\n<ul data-mce-fragment=\"1\">\n<li data-mce-fragment=\"1\">Two spacious hidden compartments under the tabletop \ud83d\udd75\ufe0f<\/li>\n<li data-mce-fragment=\"1\">Perfect for storing magazines, laptops, remotes, and more \ud83d\udcda\ud83d\udcbb<\/li>\n<\/ul>\n<p data-mce-fragment=\"1\">\ud83e\udeb5 <strong data-mce-fragment=\"1\">Mat\u00e9riau de haute qualit\u00e9<\/strong>:<\/p>\n<ul data-mce-fragment=\"1\">\n<li data-mce-fragment=\"1\">Bois d&#039;ing\u00e9nierie durable avec finition stratifi\u00e9e \ud83e\udeb5<\/li>\n<\/ul>\n<p data-mce-fragment=\"1\">\ud83c\udfa8 <strong data-mce-fragment=\"1\">Note<\/strong>:<\/p>\n<ul data-mce-fragment=\"1\">\n<li data-mce-fragment=\"1\">Variations de couleur dues \u00e0 l&#039;\u00e9clairage et aux param\u00e8tres de l&#039;appareil \ud83c\udf08<\/li>\n<li data-mce-fragment=\"1\">Measurements can differ up to 0.5 inches \ud83d\udccf<\/li>\n<li data-mce-fragment=\"1\">Please adjust for this when measuring before purchase \ud83d\uded2<\/li>\n<\/ul>\n<div><\/div>","protected":false},"excerpt":{"rendered":"<p>Dimensions : Taille : 35.5\u2033 (L) x 19.8\u2033 (P) x 16.5\u2033 (H) \ud83d\udcd0 Hassle-free 30-Day Returns &amp; 1-Year Warranty \ud83d\udecd\ufe0f \ud83c\udfa8<\/p>","protected":false},"featured_media":129001,"comment_status":"open","ping_status":"closed","template":"","meta":[],"product_brand":[],"product_cat":[30971,30846,32,30877],"product_tag":[],"class_list":{"0":"post-69223","1":"product","2":"type-product","3":"status-publish","4":"has-post-thumbnail","6":"product_cat-hp","7":"product_cat-living-room","8":"product_cat-residential-furniture","9":"product_cat-tv-tables","11":"first","12":"instock","13":"taxable","14":"shipping-taxable","15":"purchasable","16":"product-type-variable"},"_links":{"self":[{"href":"https:\/\/nexgendecors.com\/fr\/wp-json\/wp\/v2\/product\/69223","targetHints":{"allow":["GET"]}}],"collection":[{"href":"https:\/\/nexgendecors.com\/fr\/wp-json\/wp\/v2\/product"}],"about":[{"href":"https:\/\/nexgendecors.com\/fr\/wp-json\/wp\/v2\/types\/product"}],"replies":[{"embeddable":true,"href":"https:\/\/nexgendecors.com\/fr\/wp-json\/wp\/v2\/comments?post=69223"}],"version-history":[{"count":0,"href":"https:\/\/nexgendecors.com\/fr\/wp-json\/wp\/v2\/product\/69223\/revisions"}],"wp:featuredmedia":[{"embeddable":true,"href":"https:\/\/nexgendecors.com\/fr\/wp-json\/wp\/v2\/media\/129001"}],"wp:attachment":[{"href":"https:\/\/nexgendecors.com\/fr\/wp-json\/wp\/v2\/media?parent=69223"}],"wp:term":[{"taxonomy":"product_brand","embeddable":true,"href":"https:\/\/nexgendecors.com\/fr\/wp-json\/wp\/v2\/product_brand?post=69223"},{"taxonomy":"product_cat","embeddable":true,"href":"https:\/\/nexgendecors.com\/fr\/wp-json\/wp\/v2\/product_cat?post=69223"},{"taxonomy":"product_tag","embeddable":true,"href":"https:\/\/nexgendecors.com\/fr\/wp-json\/wp\/v2\/product_tag?post=69223"}],"curies":[{"name":"wp","href":"https:\/\/api.w.org\/{rel}","templated":true}]}}