{"id":69259,"date":"2025-01-26T03:16:47","date_gmt":"2025-01-26T03:16:47","guid":{"rendered":"https:\/\/nexgendecors.com\/product\/mopio-brooklyn-mid-century-modern-tv-stand-for-tvs-up-to-50-waveform-panel-sleek-curved-profile-with-adjustable-shelf-and-sturdy-box-frame-leg-golden-oak-571711879120153\/"},"modified":"2025-03-07T13:32:34","modified_gmt":"2025-03-07T13:32:34","slug":"mopio-brooklyn-mid-century-modern-tv-stand-for-tvs-up-to-50-waveform-panel-sleek-curved-profile-with-adjustable-shelf-and-sturdy-box-frame-leg-golden-oak-571711879120153","status":"publish","type":"product","link":"https:\/\/nexgendecors.com\/fr\/product\/mopio-brooklyn-mid-century-modern-tv-stand-for-tvs-up-to-50-waveform-panel-sleek-curved-profile-with-adjustable-shelf-and-sturdy-box-frame-leg-golden-oak-571711879120153\/","title":{"rendered":"Meuble TV moderne du milieu du si\u00e8cle Mopio \u2013 Ch\u00eane dor\u00e9, 57 pouces"},"content":{"rendered":"<div class=\"w-full text-token-text-primary\" dir=\"auto\" data-testid=\"conversation-turn-13\" data-mce-fragment=\"1\">\n<div class=\"px-4 py-2 justify-center text-base md:gap-6 m-auto\" data-mce-fragment=\"1\">\n<div class=\"flex flex-1 text-base mx-auto gap-3 juice:gap-4 juice:md:gap-6 md:px-5 lg:px-1 xl:px-5 md:max-w-3xl lg:max-w-[40rem] xl:max-w-[48rem]\" data-mce-fragment=\"1\">\n<div class=\"relative flex w-full flex-col agent-turn\" data-mce-fragment=\"1\">\n<div class=\"flex-col gap-1 md:gap-3\" data-mce-fragment=\"1\">\n<div class=\"flex flex-grow flex-col max-w-full\" data-mce-fragment=\"1\">\n<div data-message-author-role=\"assistant\" data-message-id=\"4b7f9942-a2fd-4ddc-a633-7ccc42056c94\" dir=\"auto\" class=\"min-h-[20px] text-message flex flex-col items-start gap-3 whitespace-pre-wrap break-words [.text-message+&#038;]:mt-5 overflow-x-auto\" data-mce-fragment=\"1\">\n<div class=\"markdown prose w-full break-words dark:prose-invert light\" data-mce-fragment=\"1\">\n<div data-testid=\"conversation-turn-13\" dir=\"auto\" class=\"w-full text-token-text-primary\">\n<div class=\"px-4 py-2 justify-center text-base md:gap-6 m-auto\">\n<div class=\"flex flex-1 text-base mx-auto gap-3 juice:gap-4 juice:md:gap-6 md:px-5 lg:px-1 xl:px-5 md:max-w-3xl lg:max-w-[40rem] xl:max-w-[48rem]\">\n<div class=\"relative flex w-full flex-col agent-turn\">\n<div class=\"flex-col gap-1 md:gap-3\">\n<div class=\"flex flex-grow flex-col max-w-full\">\n<div class=\"min-h-[20px] text-message flex flex-col items-start gap-3 whitespace-pre-wrap break-words [.text-message+&#038;]:mt-5 overflow-x-auto\" dir=\"auto\" data-message-id=\"4b7f9942-a2fd-4ddc-a633-7ccc42056c94\" data-message-author-role=\"assistant\">\n<div class=\"markdown prose w-full break-words dark:prose-invert light\">\n<p>\ud83d\udccf <strong>Dimensions<\/strong>:<\/p>\n<ul>\n<li>Dimensions globales : 57\u2033 (L) x 15,6\u2033 (P) x 19,3\u2033 (H) \ud83d\udccf<\/li>\n<li>Niche ouverte : 18,6\u2033 (L) x 13,4\u2033 (P) x 4,8\u2033 (H) \ud83d\udce6<\/li>\n<li>Rangement dissimul\u00e9\u00a0: 16,4\u00a0po (L) x 11,8\u00a0po (P) x 2,6\u00a0po (H) \ud83d\udce6<\/li>\n<li>Retours sans tracas sous 30 jours et garantie d&#039;un an \ud83d\udecd\ufe0f<\/li>\n<\/ul>\n<p>\ud83d\udce6 <strong>Grand espace de rangement<\/strong>:<\/p>\n<ul>\n<li>1 tiroir, 2 rangements dissimul\u00e9s avec \u00e9tag\u00e8res et 1 niche ouverte \ud83d\udce6<\/li>\n<li>Parfait pour organiser et d\u00e9sencombrer votre espace ! \ud83c\udfe1<\/li>\n<\/ul>\n<p>\ud83c\udf1f <strong>Conception unique<\/strong>:<\/p>\n<ul>\n<li>Special fluted panel design for a touch of elegance \ud83c\udfa8<\/li>\n<li>Coins arrondis pour plus de s\u00e9curit\u00e9 et un look plus doux \ud83d\udc76<\/li>\n<li>Cadre \u00e9pur\u00e9 pour une esth\u00e9tique moderne \ud83c\udf1f<\/li>\n<\/ul>\n<p>\ud83d\udd0d <strong>\u00c9tag\u00e8re r\u00e9glable<\/strong>:<\/p>\n<ul>\n<li>3 set positions to customize your storage needs \ud83d\udcda<\/li>\n<li>Adaptez l&#039;espace pour qu&#039;il accueille parfaitement vos objets ! \ud83d\udd04<\/li>\n<\/ul>\n<p>\ud83d\udcaa <strong>Construction robuste<\/strong>:<\/p>\n<ul>\n<li>Pieds \u00e0 cadre en caisson pour une r\u00e9partition \u00e9gale du poids \ud83e\uddb6<\/li>\n<li>Assure stabilit\u00e9 et durabilit\u00e9 pour une utilisation longue dur\u00e9e \ud83d\udcaa<\/li>\n<\/ul>\n<p>\ud83d\udd0c <strong>Gestion des c\u00e2bles<\/strong>:<\/p>\n<ul>\n<li>Trous pratiques \u00e0 l&#039;arri\u00e8re pour une organisation propre et ordonn\u00e9e des c\u00e2bles \ud83d\udda5\ufe0f<\/li>\n<li>Dites adieu aux c\u00e2bles encombrants ! \ud83d\udeab<\/li>\n<\/ul>\n<p>\ud83e\udeb5 <strong>Mat\u00e9riau de haute qualit\u00e9<\/strong>:<\/p>\n<ul>\n<li>Bois d&#039;ing\u00e9nierie durable avec finition stratifi\u00e9e \ud83e\udeb5<\/li>\n<\/ul>\n<p>\ud83c\udfa8 <strong>Note<\/strong>:<\/p>\n<ul>\n<li>Variations de couleur dues \u00e0 l&#039;\u00e9clairage et aux param\u00e8tres de l&#039;appareil \ud83c\udf08<\/li>\n<li>Measurements can differ up to 0.5 inches \ud83d\udccf<\/li>\n<li>Please adjust for this when measuring before purchase \ud83d\uded2<\/li>\n<\/ul>\n<\/div>\n<\/div>\n<\/div>\n<\/div>\n<\/div>\n<\/div>\n<\/div>\n<\/div>\n<\/div>\n<\/div>\n<\/div>\n<\/div>\n<\/div>\n<\/div>\n<\/div>\n<\/div>\n<div><\/div>","protected":false},"excerpt":{"rendered":"<p>\ud83d\udccf Dimensions : Hors tout : 57\u2033 (L) x 15,6\u2033 (P) x 19,3\u2033 (H) \ud83d\udccf Niche ouverte : 18,6\u2033 (L) x 13,4\u2033 (P) x<\/p>","protected":false},"featured_media":129114,"comment_status":"open","ping_status":"closed","template":"","meta":[],"product_brand":[],"product_cat":[30971,30846,32,30877],"product_tag":[],"class_list":{"0":"post-69259","1":"product","2":"type-product","3":"status-publish","4":"has-post-thumbnail","6":"product_cat-hp","7":"product_cat-living-room","8":"product_cat-residential-furniture","9":"product_cat-tv-tables","11":"first","12":"instock","13":"taxable","14":"shipping-taxable","15":"purchasable","16":"product-type-variable"},"_links":{"self":[{"href":"https:\/\/nexgendecors.com\/fr\/wp-json\/wp\/v2\/product\/69259","targetHints":{"allow":["GET"]}}],"collection":[{"href":"https:\/\/nexgendecors.com\/fr\/wp-json\/wp\/v2\/product"}],"about":[{"href":"https:\/\/nexgendecors.com\/fr\/wp-json\/wp\/v2\/types\/product"}],"replies":[{"embeddable":true,"href":"https:\/\/nexgendecors.com\/fr\/wp-json\/wp\/v2\/comments?post=69259"}],"version-history":[{"count":0,"href":"https:\/\/nexgendecors.com\/fr\/wp-json\/wp\/v2\/product\/69259\/revisions"}],"wp:featuredmedia":[{"embeddable":true,"href":"https:\/\/nexgendecors.com\/fr\/wp-json\/wp\/v2\/media\/129114"}],"wp:attachment":[{"href":"https:\/\/nexgendecors.com\/fr\/wp-json\/wp\/v2\/media?parent=69259"}],"wp:term":[{"taxonomy":"product_brand","embeddable":true,"href":"https:\/\/nexgendecors.com\/fr\/wp-json\/wp\/v2\/product_brand?post=69259"},{"taxonomy":"product_cat","embeddable":true,"href":"https:\/\/nexgendecors.com\/fr\/wp-json\/wp\/v2\/product_cat?post=69259"},{"taxonomy":"product_tag","embeddable":true,"href":"https:\/\/nexgendecors.com\/fr\/wp-json\/wp\/v2\/product_tag?post=69259"}],"curies":[{"name":"wp","href":"https:\/\/api.w.org\/{rel}","templated":true}]}}