{"id":69469,"date":"2025-01-26T03:17:17","date_gmt":"2025-01-26T03:17:17","guid":{"rendered":"https:\/\/nexgendecors.com\/product\/mopio-norwin-64-rustic-industrial-modern-tv-stand-media-cabinet-tv-console-suits-tv-up-to-70-inch-with-fluted-panel-sliding-door-adjustable-storage-shelves-sturdy-metal-legs-with-leveler17118797787"},"modified":"2025-04-06T09:11:30","modified_gmt":"2025-04-06T09:11:30","slug":"mopio-norwin-64-rustic-industrial-modern-tv-stand-media-cabinet-tv-console-suits-tv-up-to-70-inch-with-fluted-panel-sliding-door-adjustable-storage-shelves-sturdy-metal-legs-with-leveler1711879778767","status":"publish","type":"product","link":"https:\/\/nexgendecors.com\/fr\/product\/mopio-norwin-64-rustic-industrial-modern-tv-stand-media-cabinet-tv-console-suits-tv-up-to-70-inch-with-fluted-panel-sliding-door-adjustable-storage-shelves-sturdy-metal-legs-with-leveler1711879778767\/","title":{"rendered":"Mopio 64\u2033 Meuble TV industriel rustique avec portes coulissantes"},"content":{"rendered":"<p data-mce-fragment=\"1\"><strong data-mce-fragment=\"1\">Solid Iron Legs with Leveler<\/strong> \ud83e\ude9c:<\/p>\n<ul data-mce-fragment=\"1\">\n<li data-mce-fragment=\"1\">Sturdy and durable for worry-free use<\/li>\n<li data-mce-fragment=\"1\">Leveler adds extra stability without compromising aesthetics<\/li>\n<\/ul>\n<p data-mce-fragment=\"1\"><strong data-mce-fragment=\"1\">Elevated Storage<\/strong> \ud83d\udce6:<\/p>\n<ul data-mce-fragment=\"1\">\n<li data-mce-fragment=\"1\">Allows for easy cleaning access<\/li>\n<li data-mce-fragment=\"1\">Elevated iron legs for added convenience<\/li>\n<\/ul>\n<p data-mce-fragment=\"1\"><strong data-mce-fragment=\"1\">Color Variance Notice<\/strong> \ud83c\udf08:<\/p>\n<ul data-mce-fragment=\"1\">\n<li data-mce-fragment=\"1\">Expect slight color variance due to lighting and device settings<\/li>\n<\/ul>\n<div><\/div>","protected":false},"excerpt":{"rendered":"<p>Pieds en fer massif avec niveleur \ud83e\ude9c : Robuste et durable pour une utilisation sans souci Le niveleur ajoute une stabilit\u00e9 suppl\u00e9mentaire sans compromettre l'esth\u00e9tique Sur\u00e9lev\u00e9<\/p>","protected":false},"featured_media":129516,"comment_status":"open","ping_status":"closed","template":"","meta":[],"product_brand":[],"product_cat":[30971,30846,32,30877],"product_tag":[],"class_list":{"0":"post-69469","1":"product","2":"type-product","3":"status-publish","4":"has-post-thumbnail","6":"product_cat-hp","7":"product_cat-living-room","8":"product_cat-residential-furniture","9":"product_cat-tv-tables","11":"first","12":"instock","13":"taxable","14":"shipping-taxable","15":"purchasable","16":"product-type-variable"},"_links":{"self":[{"href":"https:\/\/nexgendecors.com\/fr\/wp-json\/wp\/v2\/product\/69469","targetHints":{"allow":["GET"]}}],"collection":[{"href":"https:\/\/nexgendecors.com\/fr\/wp-json\/wp\/v2\/product"}],"about":[{"href":"https:\/\/nexgendecors.com\/fr\/wp-json\/wp\/v2\/types\/product"}],"replies":[{"embeddable":true,"href":"https:\/\/nexgendecors.com\/fr\/wp-json\/wp\/v2\/comments?post=69469"}],"version-history":[{"count":0,"href":"https:\/\/nexgendecors.com\/fr\/wp-json\/wp\/v2\/product\/69469\/revisions"}],"wp:featuredmedia":[{"embeddable":true,"href":"https:\/\/nexgendecors.com\/fr\/wp-json\/wp\/v2\/media\/129516"}],"wp:attachment":[{"href":"https:\/\/nexgendecors.com\/fr\/wp-json\/wp\/v2\/media?parent=69469"}],"wp:term":[{"taxonomy":"product_brand","embeddable":true,"href":"https:\/\/nexgendecors.com\/fr\/wp-json\/wp\/v2\/product_brand?post=69469"},{"taxonomy":"product_cat","embeddable":true,"href":"https:\/\/nexgendecors.com\/fr\/wp-json\/wp\/v2\/product_cat?post=69469"},{"taxonomy":"product_tag","embeddable":true,"href":"https:\/\/nexgendecors.com\/fr\/wp-json\/wp\/v2\/product_tag?post=69469"}],"curies":[{"name":"wp","href":"https:\/\/api.w.org\/{rel}","templated":true}]}}