{"id":69480,"date":"2025-01-26T03:17:20","date_gmt":"2025-01-26T03:17:20","guid":{"rendered":"https:\/\/nexgendecors.com\/product\/mopio-norwin-storage-cabinet-modern-rustic-industrial-buffet-sideboard-accent-console-credenza-fluted-panel-doors-adjustable-shelves-sturdy-metal-legs-with-leveler-for-living-room-entryway-oak17118"},"modified":"2025-04-06T09:11:38","modified_gmt":"2025-04-06T09:11:38","slug":"meuble-de-rangement-mopio-norwin-buffet-industriel-rustique-moderne-console-daccent-credence-portes-a-panneaux-canneles-etageres-reglables-pieds-en-metal-robustes-avec-niveleur-pour-le","status":"publish","type":"product","link":"https:\/\/nexgendecors.com\/fr\/product\/meuble-de-rangement-mopio-norwin-buffet-industriel-rustique-moderne-console-daccent-credence-portes-a-panneaux-canneles-etageres-reglables-pieds-en-metal-robustes-avec-niveleur-pour-le\/","title":{"rendered":"Armoire de rangement industrielle rustique Mopio avec portes cannel\u00e9es"},"content":{"rendered":"<p data-mce-fragment=\"1\">\ud83d\udccf <strong data-mce-fragment=\"1\">Dimensions<\/strong>:<\/p>\n<ul data-mce-fragment=\"1\">\n<li data-mce-fragment=\"1\">Dimensions globales : 35,2\u2033 (L) x 16,4\u2033 (P) x 31,7\u2033 (H) \ud83d\udccf<\/li>\n<li data-mce-fragment=\"1\">Retours sans tracas sous 30 jours et garantie d&#039;un an \ud83d\udecd\ufe0f<\/li>\n<\/ul>\n<p data-mce-fragment=\"1\">\ud83c\udfa8 <strong data-mce-fragment=\"1\">Conception<\/strong>:<\/p>\n<ul data-mce-fragment=\"1\">\n<li data-mce-fragment=\"1\">M\u00e9lange de finitions effet fer et ch\u00eane pour un look contrast\u00e9 et audacieux \ud83c\udf1f<\/li>\n<li data-mce-fragment=\"1\">Accent parfait pour n&#039;importe quelle pi\u00e8ce avec des options de rangement ouvertes et ferm\u00e9es \ud83c\udfe0<\/li>\n<li data-mce-fragment=\"1\">Armoire 2 portes Norwin : exposez ou cachez selon vos pr\u00e9f\u00e9rences ! \ud83d\udeaa<\/li>\n<\/ul>\n<p data-mce-fragment=\"1\">\ud83d\udd0d <strong data-mce-fragment=\"1\">Flexibilit\u00e9<\/strong>:<\/p>\n<ul data-mce-fragment=\"1\">\n<li data-mce-fragment=\"1\">Deux espaces de rangement avec \u00e9tag\u00e8res r\u00e9glables \u00e0 3 hauteurs d\u00e9finies \ud83d\udcda<\/li>\n<li data-mce-fragment=\"1\">Deux niches ouvertes pour un espace d&#039;exposition suppl\u00e9mentaire \ud83c\udf1f<\/li>\n<li data-mce-fragment=\"1\">Personnalisez vos besoins de stockage sans effort ! \ud83d\udd04<\/li>\n<\/ul>\n<p data-mce-fragment=\"1\">\ud83d\udcaa <strong data-mce-fragment=\"1\">Pieds en fer massif<\/strong>:<\/p>\n<ul data-mce-fragment=\"1\">\n<li data-mce-fragment=\"1\">Robuste et durable pour une utilisation sans souci \ud83e\uddb6<\/li>\n<li data-mce-fragment=\"1\">Niveleur pour plus de stabilit\u00e9 sans compromettre l&#039;esth\u00e9tique \ud83c\udf1f<\/li>\n<\/ul>\n<p data-mce-fragment=\"1\">\ud83e\udeb5 <strong data-mce-fragment=\"1\">Mat\u00e9riau de haute qualit\u00e9<\/strong>:<\/p>\n<ul data-mce-fragment=\"1\">\n<li data-mce-fragment=\"1\">Bois d&#039;ing\u00e9nierie durable avec finition stratifi\u00e9e \ud83e\udeb5<\/li>\n<\/ul>\n<p data-mce-fragment=\"1\">\ud83c\udfa8 <strong data-mce-fragment=\"1\">Remarque sur la couleur et la mesure<\/strong>:<\/p>\n<ul data-mce-fragment=\"1\">\n<li data-mce-fragment=\"1\">Variations de couleur dues \u00e0 l&#039;\u00e9clairage et aux param\u00e8tres de l&#039;appareil \ud83c\udf08<\/li>\n<li data-mce-fragment=\"1\">Les mesures peuvent varier jusqu&#039;\u00e0 0,5 pouce en raison de la production de masse \ud83d\udccf<\/li>\n<li data-mce-fragment=\"1\">Veuillez ajuster lors de la mesure avant l&#039;achat \ud83d\uded2<\/li>\n<\/ul>\n<p data-mce-fragment=\"1\">\ud83d\udecd\ufe0f <strong data-mce-fragment=\"1\">Assurance client<\/strong>:<\/p>\n<ul data-mce-fragment=\"1\">\n<li data-mce-fragment=\"1\">Retours sans tracas sous 30 jours et garantie d&#039;un an \ud83d\udecd\ufe0f<\/li>\n<\/ul>\n<div><\/div>","protected":false},"excerpt":{"rendered":"<p>\ud83d\udccf Dimensions : Hors tout : 35,2\u2033 (L) x 16,4\u2033 (P) x 31,7\u2033 (H) \ud83d\udccf Retours sans tracas sous 30 jours et garantie d&#039;un an \ud83d\udecd\ufe0f \ud83c\udfa8<\/p>","protected":false},"featured_media":129534,"comment_status":"open","ping_status":"closed","template":"","meta":[],"product_brand":[],"product_cat":[30821,30971,30846,32],"product_tag":[],"class_list":{"0":"post-69480","1":"product","2":"type-product","3":"status-publish","4":"has-post-thumbnail","6":"product_cat-console-table","7":"product_cat-hp","8":"product_cat-living-room","9":"product_cat-residential-furniture","11":"first","12":"instock","13":"taxable","14":"shipping-taxable","15":"purchasable","16":"product-type-variable"},"_links":{"self":[{"href":"https:\/\/nexgendecors.com\/fr\/wp-json\/wp\/v2\/product\/69480","targetHints":{"allow":["GET"]}}],"collection":[{"href":"https:\/\/nexgendecors.com\/fr\/wp-json\/wp\/v2\/product"}],"about":[{"href":"https:\/\/nexgendecors.com\/fr\/wp-json\/wp\/v2\/types\/product"}],"replies":[{"embeddable":true,"href":"https:\/\/nexgendecors.com\/fr\/wp-json\/wp\/v2\/comments?post=69480"}],"version-history":[{"count":0,"href":"https:\/\/nexgendecors.com\/fr\/wp-json\/wp\/v2\/product\/69480\/revisions"}],"wp:featuredmedia":[{"embeddable":true,"href":"https:\/\/nexgendecors.com\/fr\/wp-json\/wp\/v2\/media\/129534"}],"wp:attachment":[{"href":"https:\/\/nexgendecors.com\/fr\/wp-json\/wp\/v2\/media?parent=69480"}],"wp:term":[{"taxonomy":"product_brand","embeddable":true,"href":"https:\/\/nexgendecors.com\/fr\/wp-json\/wp\/v2\/product_brand?post=69480"},{"taxonomy":"product_cat","embeddable":true,"href":"https:\/\/nexgendecors.com\/fr\/wp-json\/wp\/v2\/product_cat?post=69480"},{"taxonomy":"product_tag","embeddable":true,"href":"https:\/\/nexgendecors.com\/fr\/wp-json\/wp\/v2\/product_tag?post=69480"}],"curies":[{"name":"wp","href":"https:\/\/api.w.org\/{rel}","templated":true}]}}