{"id":69565,"date":"2025-01-26T03:17:33","date_gmt":"2025-01-26T03:17:33","guid":{"rendered":"https:\/\/nexgendecors.com\/product\/moroccan-cotton-pillow-homestay-decoration-45x45-pillowcase\/"},"modified":"2025-04-06T09:12:07","modified_gmt":"2025-04-06T09:12:07","slug":"taie-doreiller-marocaine-en-coton-decoration-dinterieur-45x45","status":"publish","type":"product","link":"https:\/\/nexgendecors.com\/fr\/product\/taie-doreiller-marocaine-en-coton-decoration-dinterieur-45x45\/","title":{"rendered":"Taie d&#039;oreiller marocaine en coton 45\u00d745 \u2013 D\u00e9coration d&#039;int\u00e9rieur \u00e9l\u00e9gante"},"content":{"rendered":"<p><strong data-mce-fragment=\"1\">Description:<\/strong><\/p>\n<ul class=\"a-unordered-list a-vertical a-spacing-mini\">\n<li><span class=\"a-list-item\">Taille : 45 x 45 cm (\u00e9tant donn\u00e9 que toutes les housses de coussin sont faites \u00e0 la main, il peut y avoir un \u00e9cart de 1 cm \u00e0 2 cm)<\/span><\/li>\n<li><span class=\"a-list-item\">Mati\u00e8re : Cette housse de coussin est en polyester et viscose. Les parties touffet\u00e9es sont ultra douces, moelleuses et tr\u00e8s agr\u00e9ables au toucher. Une finition soign\u00e9e permet un capitonnage dense et esth\u00e9tique.<\/span><\/li>\n<li><span class=\"a-list-item\">D\u00e9coration parfaite : Cette housse de coussin boh\u00e8me touffet\u00e9e, d&#039;une couleur neutre, s&#039;harmonise avec diff\u00e9rents styles de d\u00e9coration. Elle est parfaite pour d\u00e9corer un canap\u00e9, une chambre, un bureau, un salon, une f\u00eate, etc. et apportera une touche d\u00e9licate et \u00e9l\u00e9gante \u00e0 votre pi\u00e8ce. C&#039;est \u00e9galement un excellent cadeau pour vos proches.<\/span><\/li>\n<\/ul>","protected":false},"excerpt":{"rendered":"<p>Description : Dimensions : 45 x 45 cm (\u00e9tant donn\u00e9 que toutes les housses de coussin sont faites \u00e0 la main, il peut y avoir un \u00e9cart de 1 cm)<\/p>","protected":false},"featured_media":129720,"comment_status":"open","ping_status":"closed","template":"","meta":[],"product_brand":[],"product_cat":[30823,30828,30971],"product_tag":[12259,12260],"class_list":{"0":"post-69565","1":"product","2":"type-product","3":"status-publish","4":"has-post-thumbnail","6":"product_cat-cushions-throuws","7":"product_cat-furnishing","8":"product_cat-hp","9":"product_tag-_wf_cus","10":"product_tag-_wf_exc","12":"first","13":"instock","14":"sale","15":"taxable","16":"shipping-taxable","17":"purchasable","18":"product-type-variable"},"_links":{"self":[{"href":"https:\/\/nexgendecors.com\/fr\/wp-json\/wp\/v2\/product\/69565","targetHints":{"allow":["GET"]}}],"collection":[{"href":"https:\/\/nexgendecors.com\/fr\/wp-json\/wp\/v2\/product"}],"about":[{"href":"https:\/\/nexgendecors.com\/fr\/wp-json\/wp\/v2\/types\/product"}],"replies":[{"embeddable":true,"href":"https:\/\/nexgendecors.com\/fr\/wp-json\/wp\/v2\/comments?post=69565"}],"version-history":[{"count":0,"href":"https:\/\/nexgendecors.com\/fr\/wp-json\/wp\/v2\/product\/69565\/revisions"}],"wp:featuredmedia":[{"embeddable":true,"href":"https:\/\/nexgendecors.com\/fr\/wp-json\/wp\/v2\/media\/129720"}],"wp:attachment":[{"href":"https:\/\/nexgendecors.com\/fr\/wp-json\/wp\/v2\/media?parent=69565"}],"wp:term":[{"taxonomy":"product_brand","embeddable":true,"href":"https:\/\/nexgendecors.com\/fr\/wp-json\/wp\/v2\/product_brand?post=69565"},{"taxonomy":"product_cat","embeddable":true,"href":"https:\/\/nexgendecors.com\/fr\/wp-json\/wp\/v2\/product_cat?post=69565"},{"taxonomy":"product_tag","embeddable":true,"href":"https:\/\/nexgendecors.com\/fr\/wp-json\/wp\/v2\/product_tag?post=69565"}],"curies":[{"name":"wp","href":"https:\/\/api.w.org\/{rel}","templated":true}]}}