{"id":69592,"date":"2025-01-26T03:17:37","date_gmt":"2025-01-26T03:17:37","guid":{"rendered":"https:\/\/nexgendecors.com\/product\/moroccan-jebbala-ethnic-style-tufted-pillow-living-room-sofa-cushion\/"},"modified":"2025-04-06T09:12:20","modified_gmt":"2025-04-06T09:12:20","slug":"coussin-de-canape-de-salon-en-jebbala-marocain-de-style-ethnique","status":"publish","type":"product","link":"https:\/\/nexgendecors.com\/fr\/product\/coussin-de-canape-de-salon-en-jebbala-marocain-de-style-ethnique\/","title":{"rendered":"Coussin Jebbala marocain capitonn\u00e9 pour canap\u00e9 de salon"},"content":{"rendered":"<p><strong>Description:<\/strong><\/p>\n<p>\u2714 Mat\u00e9riau : Ce coussin \u00e0 pompons touffet\u00e9s est fabriqu\u00e9 en m\u00e9lange de coton et de lin. Inodore, il est confortable et respirant. Un savoir-faire exceptionnel rend les parties touffet\u00e9es et les pompons plus denses et plus beaux.<br \/>\u2714 Dimensions\u00a0: environ 45\u00a0\u00d7\u00a045\u00a0cm. Couverture uniquement, sans insert. Motif recto, l&#039;autre c\u00f4t\u00e9 est vierge. Veuillez pr\u00e9voir une l\u00e9g\u00e8re marge d&#039;erreur en raison des mesures manuelles.<br \/>\u2714 Fermeture \u00e9clair invisible : ces housses d&#039;oreiller sont dot\u00e9es d&#039;une fermeture \u00e9clair invisible pour plus d&#039;\u00e9l\u00e9gance, d&#039;une fermeture \u00e9clair robuste et lisse ; grande ouverture pour une insertion et un retrait faciles des oreillers<br \/>\u2714 D\u00e9coration : Cette taie d&#039;oreiller capitonn\u00e9e s&#039;harmonise parfaitement avec une vari\u00e9t\u00e9 de styles de d\u00e9coration. Id\u00e9ale pour d\u00e9corer un salon, une chambre, une terrasse, une pelouse, un porche, un balcon, un canap\u00e9, etc.<br \/>\u2714 Lavage : Lavage en machine \u00e0 froid s\u00e9par\u00e9ment, cycle d\u00e9licat uniquement, ne pas blanchir. \u00c9viter le trempage prolong\u00e9. Ne pas utiliser de brosse pour le nettoyage. S\u00e9chage \u00e0 plat.<\/p>","protected":false},"excerpt":{"rendered":"<p>Description : \u2714 Mat\u00e9riau : Ce coussin \u00e0 pompons est fabriqu\u00e9 en m\u00e9lange de coton et de lin. Il est confortable et respirant. Superbe savoir-faire.<\/p>","protected":false},"featured_media":129747,"comment_status":"open","ping_status":"closed","template":"","meta":[],"product_brand":[],"product_cat":[30823,30828,30971],"product_tag":[12259,12260],"class_list":{"0":"post-69592","1":"product","2":"type-product","3":"status-publish","4":"has-post-thumbnail","6":"product_cat-cushions-throuws","7":"product_cat-furnishing","8":"product_cat-hp","9":"product_tag-_wf_cus","10":"product_tag-_wf_exc","12":"first","13":"instock","14":"sale","15":"taxable","16":"shipping-taxable","17":"purchasable","18":"product-type-variable"},"_links":{"self":[{"href":"https:\/\/nexgendecors.com\/fr\/wp-json\/wp\/v2\/product\/69592","targetHints":{"allow":["GET"]}}],"collection":[{"href":"https:\/\/nexgendecors.com\/fr\/wp-json\/wp\/v2\/product"}],"about":[{"href":"https:\/\/nexgendecors.com\/fr\/wp-json\/wp\/v2\/types\/product"}],"replies":[{"embeddable":true,"href":"https:\/\/nexgendecors.com\/fr\/wp-json\/wp\/v2\/comments?post=69592"}],"version-history":[{"count":0,"href":"https:\/\/nexgendecors.com\/fr\/wp-json\/wp\/v2\/product\/69592\/revisions"}],"wp:featuredmedia":[{"embeddable":true,"href":"https:\/\/nexgendecors.com\/fr\/wp-json\/wp\/v2\/media\/129747"}],"wp:attachment":[{"href":"https:\/\/nexgendecors.com\/fr\/wp-json\/wp\/v2\/media?parent=69592"}],"wp:term":[{"taxonomy":"product_brand","embeddable":true,"href":"https:\/\/nexgendecors.com\/fr\/wp-json\/wp\/v2\/product_brand?post=69592"},{"taxonomy":"product_cat","embeddable":true,"href":"https:\/\/nexgendecors.com\/fr\/wp-json\/wp\/v2\/product_cat?post=69592"},{"taxonomy":"product_tag","embeddable":true,"href":"https:\/\/nexgendecors.com\/fr\/wp-json\/wp\/v2\/product_tag?post=69592"}],"curies":[{"name":"wp","href":"https:\/\/api.w.org\/{rel}","templated":true}]}}