{"id":69599,"date":"2025-01-26T03:17:41","date_gmt":"2025-01-26T03:17:41","guid":{"rendered":"https:\/\/nexgendecors.com\/product\/ins-moroccan-ethnic-style-round-cushion-living-room-sofa-pillow-bohemian-homestay-indian-handmade-pillow\/"},"modified":"2025-04-06T09:12:24","modified_gmt":"2025-04-06T09:12:24","slug":"ins-moroccan-ethnic-style-round-cushion-living-room-sofa-pillow-bohemian-homestay-indian-handmade-pillow","status":"publish","type":"product","link":"https:\/\/nexgendecors.com\/fr\/product\/ins-moroccan-ethnic-style-round-cushion-living-room-sofa-pillow-bohemian-homestay-indian-handmade-pillow\/","title":{"rendered":"Taie d&#039;oreiller marocaine brod\u00e9e \u00e0 la main \u2013 D\u00e9coration boh\u00e8me chic"},"content":{"rendered":"<div id=\"J_BrandAttr\"><\/div>\n<p align=\"left\"><b><span lang=\"EN-US\"><span>Sp\u00e9cification<\/span><\/span><\/b><span lang=\"EN-US\"><span><br \/><\/span><\/span><\/p>\n<ul>\n<li><span lang=\"EN-US\"><span>Material:Polyester<\/span><\/span><\/li>\n<li><span lang=\"EN-US\"><span>Size: 45x45cm<\/span><\/span><\/li>\n<\/ul>\n<p align=\"left\"><span><b><span lang=\"EN-US\">Caract\u00e9ristiques:<\/span><\/b><\/span><span><br \/><\/span><\/p>\n<ul>\n<li><span><span lang=\"EN-US\">It will provide a warm and comfortable feeling with you<\/span><\/span><\/li>\n<li><span><span lang=\"EN-US\">Perfect for adding a decorative touch to any sofa, bed or chair.<\/span><\/span><\/li>\n<li><span><span lang=\"EN-US\">OCCASION: Can be used as floor pillows for living room,bedroom,baby rooms;soft cushion for chair,bedside,bay window pad, pet bed,sofa throw pillows.etc<\/span><\/span><\/li>\n<li><span><span lang=\"EN-US\">Can be as great gift for Family, Friends and Colleagues.<\/span><\/span><\/li>\n<\/ul>\n<p align=\"left\"><span><\/span><span><b><span lang=\"EN-US\"><br \/>Package include:<\/span><\/b><b><span lang=\"EN-US\"><\/span><\/b><br \/><span lang=\"EN-US\">1 x pillow core<\/span><\/span><\/p>\n<ul id=\"J_AttrUL\"><!-- \u5065\u5b57\u53f7\u76f8\u5173--><\/ul>","protected":false},"excerpt":{"rendered":"<p>Sp\u00e9cification Mat\u00e9riau : polyester Taille : 45 x 45 cm Caract\u00e9ristiques : il vous procurera une sensation de chaleur et de confort. Parfait pour ajouter une touche d\u00e9corative.<\/p>","protected":false},"featured_media":129755,"comment_status":"open","ping_status":"closed","template":"","meta":[],"product_brand":[],"product_cat":[30823,30971],"product_tag":[],"class_list":{"0":"post-69599","1":"product","2":"type-product","3":"status-publish","4":"has-post-thumbnail","6":"product_cat-cushions-throuws","7":"product_cat-hp","9":"first","10":"instock","11":"sale","12":"taxable","13":"shipping-taxable","14":"purchasable","15":"product-type-variable"},"_links":{"self":[{"href":"https:\/\/nexgendecors.com\/fr\/wp-json\/wp\/v2\/product\/69599","targetHints":{"allow":["GET"]}}],"collection":[{"href":"https:\/\/nexgendecors.com\/fr\/wp-json\/wp\/v2\/product"}],"about":[{"href":"https:\/\/nexgendecors.com\/fr\/wp-json\/wp\/v2\/types\/product"}],"replies":[{"embeddable":true,"href":"https:\/\/nexgendecors.com\/fr\/wp-json\/wp\/v2\/comments?post=69599"}],"version-history":[{"count":0,"href":"https:\/\/nexgendecors.com\/fr\/wp-json\/wp\/v2\/product\/69599\/revisions"}],"wp:featuredmedia":[{"embeddable":true,"href":"https:\/\/nexgendecors.com\/fr\/wp-json\/wp\/v2\/media\/129755"}],"wp:attachment":[{"href":"https:\/\/nexgendecors.com\/fr\/wp-json\/wp\/v2\/media?parent=69599"}],"wp:term":[{"taxonomy":"product_brand","embeddable":true,"href":"https:\/\/nexgendecors.com\/fr\/wp-json\/wp\/v2\/product_brand?post=69599"},{"taxonomy":"product_cat","embeddable":true,"href":"https:\/\/nexgendecors.com\/fr\/wp-json\/wp\/v2\/product_cat?post=69599"},{"taxonomy":"product_tag","embeddable":true,"href":"https:\/\/nexgendecors.com\/fr\/wp-json\/wp\/v2\/product_tag?post=69599"}],"curies":[{"name":"wp","href":"https:\/\/api.w.org\/{rel}","templated":true}]}}