{"id":69775,"date":"2025-01-26T03:18:16","date_gmt":"2025-01-26T03:18:16","guid":{"rendered":"https:\/\/nexgendecors.com\/product\/murray-furniture-second-hand-sofa-living-room-modern-simple-retro-small-apartment-removable-and-washable-chenille-fabric-sofa\/"},"modified":"2025-04-06T09:13:14","modified_gmt":"2025-04-06T09:13:14","slug":"murray-furniture-second-hand-sofa-living-room-modern-simple-retro-small-apartment-removable-and-washable-chenille-fabric-sofa","status":"publish","type":"product","link":"https:\/\/nexgendecors.com\/fr\/product\/murray-furniture-second-hand-sofa-living-room-modern-simple-retro-small-apartment-removable-and-washable-chenille-fabric-sofa\/","title":{"rendered":"Murray Modern Chenille Sofa for Small Spaces"},"content":{"rendered":"<ul>\n<li>\n<strong>marque<\/strong>:OTHER<\/li>\n<li>\n<strong>mod\u00e8le<\/strong>:FL5789<\/li>\n<li>\n<strong>Y a-t-il un espace de stockage ?<\/strong>:Non<\/li>\n<li>\n<strong>style<\/strong>:Style m\u00e9di\u00e9val<\/li>\n<li>\n<strong>Assembler<\/strong>:Oui<\/li>\n<li>\n<strong>Duret\u00e9 du remplissage<\/strong>:Duret\u00e9 et douceur mod\u00e9r\u00e9es<\/li>\n<li>\n<strong>Tissu<\/strong>:Chenille<\/li>\n<li>\n<strong>Appropri\u00e9<\/strong>:G\u00e9n\u00e9ral<\/li>\n<li>\n<strong>Fonctionnalit\u00e9s suppl\u00e9mentaires<\/strong>:Autre<\/li>\n<li>\n<strong>Est-ce personnalisable ?<\/strong>:Oui<\/li>\n<li>\n<strong>Remplissage<\/strong>:Vers le bas<\/li>\n<li>\n<strong>Combinaison de canap\u00e9<\/strong>:droit<\/li>\n<li>\n<strong>Est-il amovible et lavable ?<\/strong>:Non<\/li>\n<li>\n<strong>Mat\u00e9riel<\/strong>:Bois<\/li>\n<li>\n<strong>Combien de personnes sont assises<\/strong>:Premium Motu Chenille Fabric<\/li>\n<li>\n<strong>Un taxi est-il disponible pour le transport ?<\/strong>:Non<\/li>\n<li>\n<strong>Positionnement de style<\/strong>:Style artistique<\/li>\n<li>\n<strong>trier par couleur<\/strong>:Off-white, single seat: 110*97*86, Off-white, double seat: 166*97*86, Off-white, three-person seat: 218*97*86, Off-white, large three-person seat: 230*97*86, Off-white, small four-person seat: 250*97*86, Off-white, four-person seat: 282*97*86, Off-white, five-person seat: 306*97*86, Off-white, large five-person seat: 330*97*86, other colors\/materials can be customized<\/li>\n<li>\n<strong><\/strong>:<\/li>\n<\/ul>","protected":false},"excerpt":{"rendered":"<p>brand:OTHER model:FL5789 Is there storage space?:no style:Medieval style Assemble:yes Filling hardness:Moderate hardness and softness Fabric:Chenille Suitable:General Additional features:Other Is it<\/p>","protected":false},"featured_media":129949,"comment_status":"open","ping_status":"closed","template":"","meta":[],"product_brand":[],"product_cat":[30971,30850],"product_tag":[],"class_list":{"0":"post-69775","1":"product","2":"type-product","3":"status-publish","4":"has-post-thumbnail","6":"product_cat-hp","7":"product_cat-wholesale-furniture","9":"first","10":"instock","11":"taxable","12":"shipping-taxable","13":"purchasable","14":"product-type-variable"},"_links":{"self":[{"href":"https:\/\/nexgendecors.com\/fr\/wp-json\/wp\/v2\/product\/69775","targetHints":{"allow":["GET"]}}],"collection":[{"href":"https:\/\/nexgendecors.com\/fr\/wp-json\/wp\/v2\/product"}],"about":[{"href":"https:\/\/nexgendecors.com\/fr\/wp-json\/wp\/v2\/types\/product"}],"replies":[{"embeddable":true,"href":"https:\/\/nexgendecors.com\/fr\/wp-json\/wp\/v2\/comments?post=69775"}],"version-history":[{"count":0,"href":"https:\/\/nexgendecors.com\/fr\/wp-json\/wp\/v2\/product\/69775\/revisions"}],"wp:featuredmedia":[{"embeddable":true,"href":"https:\/\/nexgendecors.com\/fr\/wp-json\/wp\/v2\/media\/129949"}],"wp:attachment":[{"href":"https:\/\/nexgendecors.com\/fr\/wp-json\/wp\/v2\/media?parent=69775"}],"wp:term":[{"taxonomy":"product_brand","embeddable":true,"href":"https:\/\/nexgendecors.com\/fr\/wp-json\/wp\/v2\/product_brand?post=69775"},{"taxonomy":"product_cat","embeddable":true,"href":"https:\/\/nexgendecors.com\/fr\/wp-json\/wp\/v2\/product_cat?post=69775"},{"taxonomy":"product_tag","embeddable":true,"href":"https:\/\/nexgendecors.com\/fr\/wp-json\/wp\/v2\/product_tag?post=69775"}],"curies":[{"name":"wp","href":"https:\/\/api.w.org\/{rel}","templated":true}]}}