{"id":69963,"date":"2025-01-26T03:18:50","date_gmt":"2025-01-26T03:18:50","guid":{"rendered":"https:\/\/nexgendecors.com\/product\/nadi-italian-imported-outdoor-patio-tables-and-chairs-outdoor-garden-tables-and-chairs-villa-waterproof-tables-and-chairs-combination\/"},"modified":"2025-04-06T09:14:09","modified_gmt":"2025-04-06T09:14:09","slug":"tables-et-chaises-de-patio-dexterieur-importees-ditalie-nadi-tables-et-chaises-de-jardin-dexterieur-combinaison-de-tables-et-chaises-de-villa-impermeables","status":"publish","type":"product","link":"https:\/\/nexgendecors.com\/fr\/product\/tables-et-chaises-de-patio-dexterieur-importees-ditalie-nadi-tables-et-chaises-de-jardin-dexterieur-combinaison-de-tables-et-chaises-de-villa-impermeables\/","title":{"rendered":"Ensemble table et chaises de patio d&#039;ext\u00e9rieur imperm\u00e9ables italiens Nadi"},"content":{"rendered":"<ul>\n<li>\n<strong>marque<\/strong>:NARDI<\/li>\n<li>\n<strong>mod\u00e8le<\/strong>:H-880038F<\/li>\n<li>\n<strong>Mat\u00e9riau principal<\/strong>:R\u00e9sine<\/li>\n<li>\n<strong>mod\u00e8le<\/strong>:Couleur unie<\/li>\n<li>\n<strong>style<\/strong>:Simple et moderne<\/li>\n<li>\n<strong>trier par couleur<\/strong>:Une table et huit chaises 10Z (grande) table longue + 38F chaise simple * 8 Une table et six chaises 11Z (petite) table longue + 38F chaise simple * 6 Une table et six chaises 11Z (petite) table longue + 38F chaise simple * 4 + 38A chaise simple * 2 Une table et quatre chaises 11Z (petite) table longue + 38F chaise simple * 4 11Z (petite) table longue + 38A chaise simple * 6 880038F-2 pi\u00e8ces blanches 880038F-2 pi\u00e8ces gris fonc\u00e9 880038F-2 pi\u00e8ces rose corail 880038F-2 pi\u00e8ces vert menthe 880038F-2 pi\u00e8ces vert agave 880038F-2 pi\u00e8ces vert clair 880038F-2 pi\u00e8ces rose rouge 880038F-2 pi\u00e8ces camel 880038A-2 blanches pi\u00e8ces 880038A-2 gris fonc\u00e9 pi\u00e8ces 880038A-2 rose corail pi\u00e8ces 880038A-2 vert menthe pi\u00e8ces 880038A-2 vert clair pi\u00e8ces 880038A-2 vert agave pi\u00e8ces 880038A-2 rose rouge pi\u00e8ces 880038A-camel (Chaise de loisirs Yao H-880039F) * 3 + (Table ronde Yao H-880039Z) Couleur disponible (Chaise de loisirs Io H-880039F) * 2 + (Table ronde Io H-880039Z) Couleur disponible (Chaise de loisirs Io H-880039F) + (Table ronde Io H-880039Z) Vert agave<\/li>\n<li>\n<strong>Fonctionnalit\u00e9s suppl\u00e9mentaires<\/strong>:il peut bouger<\/li>\n<li>\n<strong>Structure du meuble<\/strong>:Structure de soutien<\/li>\n<li>\n<strong>Livraison\/installation disponible<\/strong>:Shanghai Toutes les villes P\u00e9kin Nanjing Nanchang Harbin Dalian Tianjin Ningbo Guangzhou Chengdu Hangzhou Wuhan Shenyang Shenzhen Wenzhou Suzhou Xi&#039;an Guiyang Zhengzhou Chongqing Jinhua Changsha Dongguan Fuzhou Qingdao Wuxi Taizhou Changzhou Foshan Xiamen Nanning<\/li>\n<li>\n<strong>Origine<\/strong>:outre-mer<\/li>\n<li>\n<strong>ville<\/strong>:outre-mer<\/li>\n<li>\n<strong>Poids brut<\/strong>:5,1 kg<\/li>\n<\/ul>\n<p><img><\/p>","protected":false},"excerpt":{"rendered":"<p>Marque : NARDI Mod\u00e8le : H-880038F Mat\u00e9riau principal : R\u00e9sine Motif : Couleur unie Style : Simple et moderne Trier par couleur : Une table et huit chaises 10Z (grande) table longue<\/p>","protected":false},"featured_media":130082,"comment_status":"open","ping_status":"closed","template":"","meta":[],"product_brand":[],"product_cat":[30852,30862,30971,30856,30860],"product_tag":[],"class_list":{"0":"post-69963","1":"product","2":"type-product","3":"status-publish","4":"has-post-thumbnail","6":"product_cat-dining-set","7":"product_cat-wholesales-hotels","8":"product_cat-hp","9":"product_cat-outdoor-furniture","10":"product_cat-wholesale-restaurant","12":"first","13":"instock","14":"sale","15":"taxable","16":"shipping-taxable","17":"purchasable","18":"product-type-variable"},"_links":{"self":[{"href":"https:\/\/nexgendecors.com\/fr\/wp-json\/wp\/v2\/product\/69963","targetHints":{"allow":["GET"]}}],"collection":[{"href":"https:\/\/nexgendecors.com\/fr\/wp-json\/wp\/v2\/product"}],"about":[{"href":"https:\/\/nexgendecors.com\/fr\/wp-json\/wp\/v2\/types\/product"}],"replies":[{"embeddable":true,"href":"https:\/\/nexgendecors.com\/fr\/wp-json\/wp\/v2\/comments?post=69963"}],"version-history":[{"count":0,"href":"https:\/\/nexgendecors.com\/fr\/wp-json\/wp\/v2\/product\/69963\/revisions"}],"wp:featuredmedia":[{"embeddable":true,"href":"https:\/\/nexgendecors.com\/fr\/wp-json\/wp\/v2\/media\/130082"}],"wp:attachment":[{"href":"https:\/\/nexgendecors.com\/fr\/wp-json\/wp\/v2\/media?parent=69963"}],"wp:term":[{"taxonomy":"product_brand","embeddable":true,"href":"https:\/\/nexgendecors.com\/fr\/wp-json\/wp\/v2\/product_brand?post=69963"},{"taxonomy":"product_cat","embeddable":true,"href":"https:\/\/nexgendecors.com\/fr\/wp-json\/wp\/v2\/product_cat?post=69963"},{"taxonomy":"product_tag","embeddable":true,"href":"https:\/\/nexgendecors.com\/fr\/wp-json\/wp\/v2\/product_tag?post=69963"}],"curies":[{"name":"wp","href":"https:\/\/api.w.org\/{rel}","templated":true}]}}