{"id":69989,"date":"2025-01-26T03:18:51","date_gmt":"2025-01-26T03:18:51","guid":{"rendered":"https:\/\/nexgendecors.com\/product\/nadi-italian-imported-outdoor-pool-reclining-beach-chair-hotel-homestay-waterproof-commercial-sun-lounger\/"},"modified":"2025-04-06T09:14:14","modified_gmt":"2025-04-06T09:14:14","slug":"nadi-italian-imported-outdoor-pool-reclining-beach-chair-hotel-homestay-waterproof-commercial-sun-lounger","status":"publish","type":"product","link":"https:\/\/nexgendecors.com\/fr\/product\/nadi-italian-imported-outdoor-pool-reclining-beach-chair-hotel-homestay-waterproof-commercial-sun-lounger\/","title":{"rendered":"Chaise longue inclinable d&#039;ext\u00e9rieur imperm\u00e9able Nadi"},"content":{"rendered":"<ul>\n<li>\n<strong>marque<\/strong>:NARDI (Residential Furniture)<\/li>\n<li>\n<strong>mod\u00e8le<\/strong>:880032L<\/li>\n<li>\n<strong>mod\u00e8le<\/strong>:Autre<\/li>\n<li>\n<strong>style<\/strong>:Simple et moderne<\/li>\n<li>\n<strong>trier par couleur<\/strong>:Ocean Bed Blue Ocean Bed Terracotta Ocean Bed Terracotta (White Bed Frame) Ocean Bed Agave Green Ocean Bed White Ocean Bed Black White Coffee Table Terracotta Coffee Table Black Coffee Table<\/li>\n<li>\n<strong>Poids brut<\/strong>:19<\/li>\n<li>\n<strong>Fonctionnalit\u00e9s suppl\u00e9mentaires<\/strong>:Foldable<\/li>\n<li>\n<strong>Structure du meuble<\/strong>:Structure de soutien<\/li>\n<li>\n<strong>Origine<\/strong>:outre-mer<\/li>\n<li>\n<strong>ville<\/strong>:outre-mer<\/li>\n<li>\n<strong>Un taxi est-il disponible pour le transport ?<\/strong>:Non<\/li>\n<li>\n<strong>Positionnement de style<\/strong>:Style artistique<\/li>\n<li>\n<strong>Instructions d&#039;installation d\u00e9taill\u00e9es<\/strong>:Provide installation instructions Provide installation instruction video Provide simple installation tools<\/li>\n<li>\n<strong><\/strong>:<\/li>\n<\/ul>\n<p><img><\/p>","protected":false},"excerpt":{"rendered":"<p>marque : NARDI (Meubles r\u00e9sidentiels) mod\u00e8le : 880032L motif : Autre style : Simple et moderne trier par couleur : Lit oc\u00e9an bleu Lit oc\u00e9an terre cuite Lit oc\u00e9an terre cuite (blanc)<\/p>","protected":false},"featured_media":130117,"comment_status":"open","ping_status":"closed","template":"","meta":[],"product_brand":[],"product_cat":[30862,30971,30856],"product_tag":[],"class_list":{"0":"post-69989","1":"product","2":"type-product","3":"status-publish","4":"has-post-thumbnail","6":"product_cat-wholesales-hotels","7":"product_cat-hp","8":"product_cat-outdoor-furniture","10":"first","11":"instock","12":"sale","13":"taxable","14":"shipping-taxable","15":"purchasable","16":"product-type-variable"},"_links":{"self":[{"href":"https:\/\/nexgendecors.com\/fr\/wp-json\/wp\/v2\/product\/69989","targetHints":{"allow":["GET"]}}],"collection":[{"href":"https:\/\/nexgendecors.com\/fr\/wp-json\/wp\/v2\/product"}],"about":[{"href":"https:\/\/nexgendecors.com\/fr\/wp-json\/wp\/v2\/types\/product"}],"replies":[{"embeddable":true,"href":"https:\/\/nexgendecors.com\/fr\/wp-json\/wp\/v2\/comments?post=69989"}],"version-history":[{"count":0,"href":"https:\/\/nexgendecors.com\/fr\/wp-json\/wp\/v2\/product\/69989\/revisions"}],"wp:featuredmedia":[{"embeddable":true,"href":"https:\/\/nexgendecors.com\/fr\/wp-json\/wp\/v2\/media\/130117"}],"wp:attachment":[{"href":"https:\/\/nexgendecors.com\/fr\/wp-json\/wp\/v2\/media?parent=69989"}],"wp:term":[{"taxonomy":"product_brand","embeddable":true,"href":"https:\/\/nexgendecors.com\/fr\/wp-json\/wp\/v2\/product_brand?post=69989"},{"taxonomy":"product_cat","embeddable":true,"href":"https:\/\/nexgendecors.com\/fr\/wp-json\/wp\/v2\/product_cat?post=69989"},{"taxonomy":"product_tag","embeddable":true,"href":"https:\/\/nexgendecors.com\/fr\/wp-json\/wp\/v2\/product_tag?post=69989"}],"curies":[{"name":"wp","href":"https:\/\/api.w.org\/{rel}","templated":true}]}}