{"id":70022,"date":"2025-01-26T03:18:58","date_gmt":"2025-01-26T03:18:58","guid":{"rendered":"https:\/\/nexgendecors.com\/product\/nadi-italian-imported-outdoor-table-and-chair-combination-terrace-courtyard-dining-chair-balcony-garden-leisure-chair-macaron\/"},"modified":"2025-03-11T05:34:20","modified_gmt":"2025-03-11T05:34:20","slug":"nadi-italian-imported-outdoor-table-and-chair-combination-terrace-courtyard-dining-chair-balcony-garden-leisure-chair-macaron","status":"publish","type":"product","link":"https:\/\/nexgendecors.com\/fr\/product\/nadi-italian-imported-outdoor-table-and-chair-combination-terrace-courtyard-dining-chair-balcony-garden-leisure-chair-macaron\/","title":{"rendered":"Ensemble de salle \u00e0 manger d&#039;ext\u00e9rieur Nadi Macaron pour terrasse et jardin"},"content":{"rendered":"<ul>\n<li>\n<strong>marque<\/strong>:NARDI<\/li>\n<li>\n<strong>mod\u00e8le<\/strong>:880011Z<\/li>\n<li>\n<strong>style<\/strong>:Simple et moderne<\/li>\n<li>\n<strong>Fonctionnalit\u00e9s suppl\u00e9mentaires<\/strong>:D\u00e9montage<\/li>\n<li>\n<strong>volume du colis<\/strong>:172*90*14.5<\/li>\n<li>\n<strong>Mat\u00e9riau principal<\/strong>:R\u00e9sine<\/li>\n<li>\n<strong>Poids brut<\/strong>:36kg<\/li>\n<li>\n<strong>Structure du meuble<\/strong>:Structure de soutien<\/li>\n<li>\n<strong>Origine<\/strong>:outre-mer<\/li>\n<li>\n<strong>ville<\/strong>:outre-mer<\/li>\n<li>\n<strong>mod\u00e8le<\/strong>:Couleur unie<\/li>\n<li>\n<strong>Livraison\/installation disponible<\/strong>:Foshan Zhengzhou Guiyang Guangzhou Fuzhou Harbin Xiamen Chongqing Changzhou Suzhou Xi&#039;an Shenzhen Nanjing P\u00e9kin Changsha Qingdao Wuxi Chengdu Shanghai Wuhan Nanning Shenyang Dalian Taizhou Dongguan Tianjin Toutes les villes Jinhua Hangzhou Nanchang Ningbo Wenzhou<\/li>\n<li>\n<strong>trier par couleur<\/strong>:11Z long table (small) + 4F * 4 11Z long table (small) + 6F * 4 3B double chair + 3Z coffee table + 4F single chair * 2 13Z square table (large) + 6F * 4 13Z square table (large) + 4F * 4 20140Z round table + 4F single chair * 2 880004F-white 2 880004F-dark gray 2 880004F-green 2 880004F-terracotta 2 880004F-yellow 2 880004F-red 2 880004F 1 (single shot not shipped) 13Z square table (large) + 5A * 2 880005A-2 pieces of clay color 880005A-2 pieces of green 880005A-2 pieces of red 880006F-2 pieces of yellow 880006F-2 pieces of turquoise 3B double chair + 3Z coffee table 880003B-white- 880003B-green 880003B-clay color 880003Z-green 880003Z-clay color 880003B-yellow 880003Z-yellow 880006F-agave green 2 pieces of package color Contact customer service Remarks<\/li>\n<li>\n<strong><\/strong>:<\/li>\n<\/ul>\n<p><img><\/p>","protected":false},"excerpt":{"rendered":"<p>Marque : NARDI Mod\u00e8le : 880011Z Style : Simple et moderne Caract\u00e9ristiques suppl\u00e9mentaires : D\u00e9montage Volume du colis : 172*90*14,5 Mat\u00e9riau principal : R\u00e9sine Poids brut : 36 kg Structure du meuble : Structure de support Origine : outre-mer Ville : outre-mer Motif : Couleur unie<\/p>","protected":false},"featured_media":130164,"comment_status":"open","ping_status":"closed","template":"","meta":[],"product_brand":[],"product_cat":[30855,30852,30862,30971,30856,30860],"product_tag":[],"class_list":{"0":"post-70022","1":"product","2":"type-product","3":"status-publish","4":"has-post-thumbnail","6":"product_cat-wholesale-chairs","7":"product_cat-dining-set","8":"product_cat-wholesales-hotels","9":"product_cat-hp","10":"product_cat-outdoor-furniture","11":"product_cat-wholesale-restaurant","13":"first","14":"instock","15":"sale","16":"taxable","17":"shipping-taxable","18":"purchasable","19":"product-type-variable"},"_links":{"self":[{"href":"https:\/\/nexgendecors.com\/fr\/wp-json\/wp\/v2\/product\/70022","targetHints":{"allow":["GET"]}}],"collection":[{"href":"https:\/\/nexgendecors.com\/fr\/wp-json\/wp\/v2\/product"}],"about":[{"href":"https:\/\/nexgendecors.com\/fr\/wp-json\/wp\/v2\/types\/product"}],"replies":[{"embeddable":true,"href":"https:\/\/nexgendecors.com\/fr\/wp-json\/wp\/v2\/comments?post=70022"}],"version-history":[{"count":0,"href":"https:\/\/nexgendecors.com\/fr\/wp-json\/wp\/v2\/product\/70022\/revisions"}],"wp:featuredmedia":[{"embeddable":true,"href":"https:\/\/nexgendecors.com\/fr\/wp-json\/wp\/v2\/media\/130164"}],"wp:attachment":[{"href":"https:\/\/nexgendecors.com\/fr\/wp-json\/wp\/v2\/media?parent=70022"}],"wp:term":[{"taxonomy":"product_brand","embeddable":true,"href":"https:\/\/nexgendecors.com\/fr\/wp-json\/wp\/v2\/product_brand?post=70022"},{"taxonomy":"product_cat","embeddable":true,"href":"https:\/\/nexgendecors.com\/fr\/wp-json\/wp\/v2\/product_cat?post=70022"},{"taxonomy":"product_tag","embeddable":true,"href":"https:\/\/nexgendecors.com\/fr\/wp-json\/wp\/v2\/product_tag?post=70022"}],"curies":[{"name":"wp","href":"https:\/\/api.w.org\/{rel}","templated":true}]}}