{"id":70122,"date":"2025-01-26T03:19:06","date_gmt":"2025-01-26T03:19:06","guid":{"rendered":"https:\/\/nexgendecors.com\/product\/nardi-italian-imported-outdoor-courtyard-lounge-chair-leisure-chair-beach-chair-balcony-leisure-area-garden-backrest-chair\/"},"modified":"2025-03-11T05:34:24","modified_gmt":"2025-03-11T05:34:24","slug":"chaise-longue-de-jardin-dexterieur-importee-ditalie-nardi-chaise-de-loisirs-chaise-de-plage-balcon-espace-de-loisirs-chaise-de-dossier-de-jardin","status":"publish","type":"product","link":"https:\/\/nexgendecors.com\/fr\/product\/chaise-longue-de-jardin-dexterieur-importee-ditalie-nardi-chaise-de-loisirs-chaise-de-plage-balcon-espace-de-loisirs-chaise-de-dossier-de-jardin\/","title":{"rendered":"Chaise longue d&#039;ext\u00e9rieur Nardi \u2013 Si\u00e8ge de jardin et de balcon \u00e9l\u00e9gant"},"content":{"rendered":"<ul>\n<li>\n<strong>marque<\/strong>:NARDI<\/li>\n<li>\n<strong>mod\u00e8le<\/strong>:H-880042F<\/li>\n<li>\n<strong>style<\/strong>:Simple et moderne<\/li>\n<li>\n<strong>Fonctionnalit\u00e9s suppl\u00e9mentaires<\/strong>:Empilable<\/li>\n<li>\n<strong>Mat\u00e9riau principal<\/strong>:R\u00e9sine<\/li>\n<li>\n<strong>Structure du meuble<\/strong>:Structure de soutien<\/li>\n<li>\n<strong>Origine<\/strong>:outre-mer<\/li>\n<li>\n<strong>ville<\/strong>:outre-mer<\/li>\n<li>\n<strong>mod\u00e8le<\/strong>:Couleur unie<\/li>\n<li>\n<strong>Livraison\/installation disponible<\/strong>:Foshan Zhengzhou Guiyang Guangzhou Fuzhou Harbin Xiamen Chongqing Changzhou Suzhou Xi&#039;an Shenzhen Nanjing P\u00e9kin Changsha Qingdao Wuxi Chengdu Shanghai Wuhan Nanning Shenyang Dalian Taizhou Dongguan Tianjin Toutes les villes Jinhua Hangzhou Nanchang Ningbo Wenzhou<\/li>\n<li>\n<strong>trier par couleur<\/strong>:Une table et deux chaises (chaise longue + petite table ronde) + parasol avec appui-t\u00eate Une table et deux chaises (chaise longue + petite table ronde 140Z) avec appui-t\u00eate Une table et deux chaises (chaise longue + petite table carr\u00e9e 31Z) avec appui-t\u00eate Une table et une chaise (chaise longue + petite table ronde 140Z + appui-t\u00eate) Couleur terre cuite avec appui-t\u00eate (domestique) Rouge avec appui-t\u00eate (domestique) Jaune avec appui-t\u00eate (domestique) Blanc avec appui-t\u00eate (domestique) Vert avec appui-t\u00eate (domestique) Gris fonc\u00e9 avec appui-t\u00eate (domestique) Petite table ronde 140Z Petite table ronde 39Z<\/li>\n<li>\n<strong><\/strong>:<\/li>\n<\/ul>\n<p><img><\/p>","protected":false},"excerpt":{"rendered":"<p>Marque : NARDI Mod\u00e8le : H-880042F Style : Simple et moderne Caract\u00e9ristiques suppl\u00e9mentaires : Empilable Mat\u00e9riau principal : R\u00e9sine Structure du meuble : Structure de support Origine : outre-mer Ville : outre-mer Motif : Couleur unie Livraison\/installation disponible : Foshan Zhengzhou Guiyang<\/p>","protected":false},"featured_media":130238,"comment_status":"open","ping_status":"closed","template":"","meta":[],"product_brand":[],"product_cat":[30855,30862,30971,30856],"product_tag":[],"class_list":{"0":"post-70122","1":"product","2":"type-product","3":"status-publish","4":"has-post-thumbnail","6":"product_cat-wholesale-chairs","7":"product_cat-wholesales-hotels","8":"product_cat-hp","9":"product_cat-outdoor-furniture","11":"first","12":"instock","13":"sale","14":"taxable","15":"shipping-taxable","16":"purchasable","17":"product-type-variable"},"_links":{"self":[{"href":"https:\/\/nexgendecors.com\/fr\/wp-json\/wp\/v2\/product\/70122","targetHints":{"allow":["GET"]}}],"collection":[{"href":"https:\/\/nexgendecors.com\/fr\/wp-json\/wp\/v2\/product"}],"about":[{"href":"https:\/\/nexgendecors.com\/fr\/wp-json\/wp\/v2\/types\/product"}],"replies":[{"embeddable":true,"href":"https:\/\/nexgendecors.com\/fr\/wp-json\/wp\/v2\/comments?post=70122"}],"version-history":[{"count":0,"href":"https:\/\/nexgendecors.com\/fr\/wp-json\/wp\/v2\/product\/70122\/revisions"}],"wp:featuredmedia":[{"embeddable":true,"href":"https:\/\/nexgendecors.com\/fr\/wp-json\/wp\/v2\/media\/130238"}],"wp:attachment":[{"href":"https:\/\/nexgendecors.com\/fr\/wp-json\/wp\/v2\/media?parent=70122"}],"wp:term":[{"taxonomy":"product_brand","embeddable":true,"href":"https:\/\/nexgendecors.com\/fr\/wp-json\/wp\/v2\/product_brand?post=70122"},{"taxonomy":"product_cat","embeddable":true,"href":"https:\/\/nexgendecors.com\/fr\/wp-json\/wp\/v2\/product_cat?post=70122"},{"taxonomy":"product_tag","embeddable":true,"href":"https:\/\/nexgendecors.com\/fr\/wp-json\/wp\/v2\/product_tag?post=70122"}],"curies":[{"name":"wp","href":"https:\/\/api.w.org\/{rel}","templated":true}]}}