{"id":70135,"date":"2025-01-26T03:19:08","date_gmt":"2025-01-26T03:19:08","guid":{"rendered":"https:\/\/nexgendecors.com\/product\/nardi-italian-imported-outdoor-leisure-chair-round-three-piece-set-outdoor-leisure-balcony-courtyard-garden-lounge-chair\/"},"modified":"2025-04-06T09:14:28","modified_gmt":"2025-04-06T09:14:28","slug":"nardi-italian-imported-outdoor-leisure-chair-round-three-piece-set-outdoor-leisure-balcony-courtyard-garden-lounge-chair","status":"publish","type":"product","link":"https:\/\/nexgendecors.com\/fr\/product\/nardi-italian-imported-outdoor-leisure-chair-round-three-piece-set-outdoor-leisure-balcony-courtyard-garden-lounge-chair\/","title":{"rendered":"Ensemble de chaises de jardin Nardi Outdoor Leisure \u2013 Salon de jardin \u00e9l\u00e9gant"},"content":{"rendered":"<ul>\n<li>\n<strong>marque<\/strong>:NARDI<\/li>\n<li>\n<strong>mod\u00e8le<\/strong>:H-880039F<\/li>\n<li>\n<strong>style<\/strong>:Italien<\/li>\n<li>\n<strong>Fonctionnalit\u00e9s suppl\u00e9mentaires<\/strong>:Empilable<\/li>\n<li>\n<strong>volume du colis<\/strong>:0.8<\/li>\n<li>\n<strong>Mat\u00e9riau principal<\/strong>:R\u00e9sine<\/li>\n<li>\n<strong>Structure du meuble<\/strong>:autre<\/li>\n<li>\n<strong>Origine<\/strong>:outre-mer<\/li>\n<li>\n<strong>ville<\/strong>:outre-mer<\/li>\n<li>\n<strong>mod\u00e8le<\/strong>:Couleur unie<\/li>\n<li>\n<strong>Livraison\/installation disponible<\/strong>:Foshan Zhengzhou Guiyang Guangzhou Fuzhou Harbin Xiamen Chongqing Changzhou Suzhou Xi&#039;an Shenzhen Nanjing P\u00e9kin Changsha Qingdao Wuxi Chengdu Shanghai Wuhan Nanning Shenyang Dalian Taizhou Dongguan Tianjin Toutes les villes Jinhua Hangzhou Nanchang Ningbo Wenzhou<\/li>\n<li>\n<strong>trier par couleur<\/strong>:Io leisure chair*3+Io round tableIo leisure chair*2+Io round table+cushionIo leisure chair*2+Io round tableIo leisure chair+Io round tableIo leisure chair &#8211; white2 Io leisure chair &#8211; dark gray2 Io leisure chair &#8211; coral pink2 Io leisure chair &#8211; mint2 Io leisure chair &#8211; agave green2 Io leisure chair &#8211; light green2 Io leisure chair &#8211; rose red2 Io leisure chair &#8211; camel2 Io round table &#8211; whiteIo round table &#8211; dark grayIo round table &#8211; coral pinkIo round table &#8211; mintIo round table &#8211; agave greenIo round table &#8211; light greenIo round table &#8211; rose redIo round table &#8211; camel<\/li>\n<\/ul>\n<p><img><\/p>","protected":false},"excerpt":{"rendered":"<p>Marque : NARDI Mod\u00e8le : H-880039F Style : Italien Caract\u00e9ristiques suppl\u00e9mentaires : Empilable Volume du colis : 0,8 Mat\u00e9riau principal : R\u00e9sine Structure du meuble : autre Origine : outre-mer Ville : outre-mer Motif : Couleur unie Livraison\/installation disponible : Foshan Zhengzhou Guiyang Guangzhou<\/p>","protected":false},"featured_media":130275,"comment_status":"open","ping_status":"closed","template":"","meta":[],"product_brand":[],"product_cat":[30855,30852,30862,30971,30856,30860],"product_tag":[],"class_list":{"0":"post-70135","1":"product","2":"type-product","3":"status-publish","4":"has-post-thumbnail","6":"product_cat-wholesale-chairs","7":"product_cat-dining-set","8":"product_cat-wholesales-hotels","9":"product_cat-hp","10":"product_cat-outdoor-furniture","11":"product_cat-wholesale-restaurant","13":"first","14":"instock","15":"sale","16":"taxable","17":"shipping-taxable","18":"purchasable","19":"product-type-variable"},"_links":{"self":[{"href":"https:\/\/nexgendecors.com\/fr\/wp-json\/wp\/v2\/product\/70135","targetHints":{"allow":["GET"]}}],"collection":[{"href":"https:\/\/nexgendecors.com\/fr\/wp-json\/wp\/v2\/product"}],"about":[{"href":"https:\/\/nexgendecors.com\/fr\/wp-json\/wp\/v2\/types\/product"}],"replies":[{"embeddable":true,"href":"https:\/\/nexgendecors.com\/fr\/wp-json\/wp\/v2\/comments?post=70135"}],"version-history":[{"count":0,"href":"https:\/\/nexgendecors.com\/fr\/wp-json\/wp\/v2\/product\/70135\/revisions"}],"wp:featuredmedia":[{"embeddable":true,"href":"https:\/\/nexgendecors.com\/fr\/wp-json\/wp\/v2\/media\/130275"}],"wp:attachment":[{"href":"https:\/\/nexgendecors.com\/fr\/wp-json\/wp\/v2\/media?parent=70135"}],"wp:term":[{"taxonomy":"product_brand","embeddable":true,"href":"https:\/\/nexgendecors.com\/fr\/wp-json\/wp\/v2\/product_brand?post=70135"},{"taxonomy":"product_cat","embeddable":true,"href":"https:\/\/nexgendecors.com\/fr\/wp-json\/wp\/v2\/product_cat?post=70135"},{"taxonomy":"product_tag","embeddable":true,"href":"https:\/\/nexgendecors.com\/fr\/wp-json\/wp\/v2\/product_tag?post=70135"}],"curies":[{"name":"wp","href":"https:\/\/api.w.org\/{rel}","templated":true}]}}