{"id":70170,"date":"2025-01-26T03:19:14","date_gmt":"2025-01-26T03:19:14","guid":{"rendered":"https:\/\/nexgendecors.com\/product\/nardi-italian-imported-outdoor-table-and-chair-combination-courtyard-telescopic-long-table-terrace-garden-table-and-chair-outdoor-dining-table\/"},"modified":"2025-04-06T09:14:37","modified_gmt":"2025-04-06T09:14:37","slug":"table-et-chaises-dexterieur-nardi-importees-ditalie-table-longue-telescopique-pour-cour-table-et-chaises-de-jardin-table-a-manger-dexterieur","status":"publish","type":"product","link":"https:\/\/nexgendecors.com\/fr\/product\/table-et-chaises-dexterieur-nardi-importees-ditalie-table-longue-telescopique-pour-cour-table-et-chaises-de-jardin-table-a-manger-dexterieur\/","title":{"rendered":"Ensemble table et chaises t\u00e9lescopiques d&#039;ext\u00e9rieur Nardi"},"content":{"rendered":"<ul>\n<li>\n<strong>marque<\/strong>:NARDI<\/li>\n<li>\n<strong>mod\u00e8le<\/strong>:880010Z<\/li>\n<li>\n<strong>style<\/strong>:Italien<\/li>\n<li>\n<strong>Fonctionnalit\u00e9s suppl\u00e9mentaires<\/strong>:Extensible<\/li>\n<li>\n<strong>volume du colis<\/strong>:212.5*102.5*14.5<\/li>\n<li>\n<strong>Mat\u00e9riau principal<\/strong>:R\u00e9sine<\/li>\n<li>\n<strong>Poids brut<\/strong>:53 kg<\/li>\n<li>\n<strong>Structure du meuble<\/strong>:Structure de soutien<\/li>\n<li>\n<strong>Origine<\/strong>:outre-mer<\/li>\n<li>\n<strong>ville<\/strong>:outre-mer<\/li>\n<li>\n<strong>mod\u00e8le<\/strong>:abstrait<\/li>\n<li>\n<strong>Livraison\/installation disponible<\/strong>:Foshan Zhengzhou Guiyang Guangzhou Fuzhou Harbin Xiamen Chongqing Changzhou Suzhou Xi&#039;an Shenzhen Nanjing P\u00e9kin Changsha Qingdao Wuxi Chengdu Shanghai Wuhan Nanning Shenyang Dalian Taizhou Dongguan Tianjin Toutes les villes Jinhua Hangzhou Nanchang Ningbo Wenzhou<\/li>\n<li>\n<strong>trier par couleur<\/strong>:10Z (grande) table longue + 4F*10 10Z (grande) table longue + 6F*10 10Z (grande) table longue + 4F*8 10Z (grande) table longue + 6F*8 48Z (grande) table longue + 48F*8 10Z (grande) table longue + 4F*6 10Z (grande) table longue + banc*2 11Z (petite) table longue + 4F*8 11Z (petite) table longue + 5A*8 11Z (petite) table longue + banc + 4F fauteuil*3 11Z (petite) table longue + 4F*6 + parasol 11Z (petite) table longue + 4F*6 11Z (petite) table longue + 6F*6 11Z (petite) table longue + 4F*4 + 5A*2 11Z (petite) table longue + 4F*4 11Z (petite) table longue + 6F*4 880010Z- Couleur terracotta 880010Z- Gris fonc\u00e9 880010Z- Blanc 880011Z- Couleur terracotta 880011Z- Gris fonc\u00e9 880011Z- Blanc 13Z Table carr\u00e9e (grande) + 4F chaise simple * 4 13Z Table carr\u00e9e (grande) + 6F chaise simple * 4 13Z Table carr\u00e9e (grande) + 4F chaise simple * 2 14Z Table carr\u00e9e (petite) + 4F chaise simple * 2 80 Table carr\u00e9e (grande) 880013Z 70 Table carr\u00e9e (petite) 880014Z 20140Z Table ronde + 4F chaise simple * 2 20140Z- Petite table ronde 880004F- Fauteuil couleur en option Contacter le service client remarques<\/li>\n<li>\n<strong><\/strong>:<\/li>\n<\/ul>\n<p><img><\/p>","protected":false},"excerpt":{"rendered":"<p>brand:NARDI model:880010Z style:Italian Additional features:Stretch package volume:212.5*102.5*14.5 Main material:Resin Gross Weight:53kg Furniture structure:Support structure Origin:overseas city:overseas pattern:abstract Delivery\/installation available:Foshan Zhengzhou<\/p>","protected":false},"featured_media":130304,"comment_status":"open","ping_status":"closed","template":"","meta":[],"product_brand":[],"product_cat":[30852,30862,30971,30856,30860],"product_tag":[],"class_list":{"0":"post-70170","1":"product","2":"type-product","3":"status-publish","4":"has-post-thumbnail","6":"product_cat-dining-set","7":"product_cat-wholesales-hotels","8":"product_cat-hp","9":"product_cat-outdoor-furniture","10":"product_cat-wholesale-restaurant","12":"first","13":"instock","14":"sale","15":"taxable","16":"shipping-taxable","17":"purchasable","18":"product-type-variable"},"_links":{"self":[{"href":"https:\/\/nexgendecors.com\/fr\/wp-json\/wp\/v2\/product\/70170","targetHints":{"allow":["GET"]}}],"collection":[{"href":"https:\/\/nexgendecors.com\/fr\/wp-json\/wp\/v2\/product"}],"about":[{"href":"https:\/\/nexgendecors.com\/fr\/wp-json\/wp\/v2\/types\/product"}],"replies":[{"embeddable":true,"href":"https:\/\/nexgendecors.com\/fr\/wp-json\/wp\/v2\/comments?post=70170"}],"version-history":[{"count":0,"href":"https:\/\/nexgendecors.com\/fr\/wp-json\/wp\/v2\/product\/70170\/revisions"}],"wp:featuredmedia":[{"embeddable":true,"href":"https:\/\/nexgendecors.com\/fr\/wp-json\/wp\/v2\/media\/130304"}],"wp:attachment":[{"href":"https:\/\/nexgendecors.com\/fr\/wp-json\/wp\/v2\/media?parent=70170"}],"wp:term":[{"taxonomy":"product_brand","embeddable":true,"href":"https:\/\/nexgendecors.com\/fr\/wp-json\/wp\/v2\/product_brand?post=70170"},{"taxonomy":"product_cat","embeddable":true,"href":"https:\/\/nexgendecors.com\/fr\/wp-json\/wp\/v2\/product_cat?post=70170"},{"taxonomy":"product_tag","embeddable":true,"href":"https:\/\/nexgendecors.com\/fr\/wp-json\/wp\/v2\/product_tag?post=70170"}],"curies":[{"name":"wp","href":"https:\/\/api.w.org\/{rel}","templated":true}]}}