{"id":70236,"date":"2025-01-26T03:19:19","date_gmt":"2025-01-26T03:19:19","guid":{"rendered":"https:\/\/nexgendecors.com\/product\/nardi-italian-imported-outdoor-tables-and-chairs-courtyard-balcony-garden-waterproof-italian-minimalist-bar-chairs-outdoor\/"},"modified":"2025-04-06T09:14:45","modified_gmt":"2025-04-06T09:14:45","slug":"tables-et-chaises-dexterieur-importees-ditalie-nardi-chaises-de-bar-minimalistes-italiennes-impermeables-pour-jardin-balcon-cour","status":"publish","type":"product","link":"https:\/\/nexgendecors.com\/fr\/product\/tables-et-chaises-dexterieur-importees-ditalie-nardi-chaises-de-bar-minimalistes-italiennes-impermeables-pour-jardin-balcon-cour\/","title":{"rendered":"Chaises et tables d&#039;ext\u00e9rieur minimalistes italiennes imperm\u00e9ables Nardi"},"content":{"rendered":"<ul>\n<li>\n<strong>marque<\/strong>:NARDI<\/li>\n<li>\n<strong>mod\u00e8le<\/strong>:880007A<\/li>\n<li>\n<strong>style<\/strong>:Italien<\/li>\n<li>\n<strong>Fonctionnalit\u00e9s suppl\u00e9mentaires<\/strong>:il peut bouger<\/li>\n<li>\n<strong>Mat\u00e9riau principal<\/strong>:R\u00e9sine<\/li>\n<li>\n<strong>Structure du meuble<\/strong>:Structure de soutien<\/li>\n<li>\n<strong>Origine<\/strong>:outre-mer<\/li>\n<li>\n<strong>ville<\/strong>:outre-mer<\/li>\n<li>\n<strong>mod\u00e8le<\/strong>:Autre<\/li>\n<li>\n<strong>Livraison\/installation disponible<\/strong>:Foshan Zhengzhou Guiyang Guangzhou Fuzhou Harbin Xiamen Chongqing Changzhou Suzhou Xi&#039;an Shenzhen Nanjing P\u00e9kin Changsha Qingdao Wuxi Chengdu Shanghai Wuhan Nanning Shenyang Dalian Taizhou Dongguan Tianjin Toutes les villes Jinhua Hangzhou Nanchang Ningbo Wenzhou<\/li>\n<li>\n<strong>trier par couleur<\/strong>:Une table et deux chaises (comptoir de bar H-1020Z-10 (\u03a672*105cm) 880007A 2 chaises de bar vert agave 880007A 2 chaises de bar jaunes 880007A 2 chaises de bar turquoise 880007A 2 chaises de bar blanches 880007A 2 chaises de bar terre cuite 880007A 2 chaises de bar camel<\/li>\n<li>\n<strong><\/strong>:<\/li>\n<\/ul>\n<p><img><\/p>","protected":false},"excerpt":{"rendered":"<p>Marque : NARDI Mod\u00e8le : 880007A Style : Italien Caract\u00e9ristiques suppl\u00e9mentaires : il peut se d\u00e9placer Mat\u00e9riau principal : R\u00e9sine Structure du meuble : Structure de support Origine : outre-mer Ville : outre-mer Motif : Autre Livraison\/installation disponible : Foshan Zhengzhou Guiyang Guangzhou<\/p>","protected":false},"featured_media":130330,"comment_status":"open","ping_status":"closed","template":"","meta":[],"product_brand":[],"product_cat":[30855,30852,30862,30971,30856,30860],"product_tag":[],"class_list":{"0":"post-70236","1":"product","2":"type-product","3":"status-publish","4":"has-post-thumbnail","6":"product_cat-wholesale-chairs","7":"product_cat-dining-set","8":"product_cat-wholesales-hotels","9":"product_cat-hp","10":"product_cat-outdoor-furniture","11":"product_cat-wholesale-restaurant","13":"first","14":"instock","15":"sale","16":"taxable","17":"shipping-taxable","18":"purchasable","19":"product-type-variable"},"_links":{"self":[{"href":"https:\/\/nexgendecors.com\/fr\/wp-json\/wp\/v2\/product\/70236","targetHints":{"allow":["GET"]}}],"collection":[{"href":"https:\/\/nexgendecors.com\/fr\/wp-json\/wp\/v2\/product"}],"about":[{"href":"https:\/\/nexgendecors.com\/fr\/wp-json\/wp\/v2\/types\/product"}],"replies":[{"embeddable":true,"href":"https:\/\/nexgendecors.com\/fr\/wp-json\/wp\/v2\/comments?post=70236"}],"version-history":[{"count":0,"href":"https:\/\/nexgendecors.com\/fr\/wp-json\/wp\/v2\/product\/70236\/revisions"}],"wp:featuredmedia":[{"embeddable":true,"href":"https:\/\/nexgendecors.com\/fr\/wp-json\/wp\/v2\/media\/130330"}],"wp:attachment":[{"href":"https:\/\/nexgendecors.com\/fr\/wp-json\/wp\/v2\/media?parent=70236"}],"wp:term":[{"taxonomy":"product_brand","embeddable":true,"href":"https:\/\/nexgendecors.com\/fr\/wp-json\/wp\/v2\/product_brand?post=70236"},{"taxonomy":"product_cat","embeddable":true,"href":"https:\/\/nexgendecors.com\/fr\/wp-json\/wp\/v2\/product_cat?post=70236"},{"taxonomy":"product_tag","embeddable":true,"href":"https:\/\/nexgendecors.com\/fr\/wp-json\/wp\/v2\/product_tag?post=70236"}],"curies":[{"name":"wp","href":"https:\/\/api.w.org\/{rel}","templated":true}]}}