{"id":70281,"date":"2025-01-26T03:19:27","date_gmt":"2025-01-26T03:19:27","guid":{"rendered":"https:\/\/nexgendecors.com\/product\/natural-oak-3d-wood-panels-for-stylish-wall-decor1711880204581\/"},"modified":"2025-04-15T10:59:17","modified_gmt":"2025-04-15T10:59:17","slug":"panneaux-de-bois-3d-en-chene-naturel-pour-une-decoration-murale-elegante1711880204581","status":"publish","type":"product","link":"https:\/\/nexgendecors.com\/fr\/product\/panneaux-de-bois-3d-en-chene-naturel-pour-une-decoration-murale-elegante1711880204581\/","title":{"rendered":"Panneaux de bois 3D en ch\u00eane naturel pour une d\u00e9coration murale chic"},"content":{"rendered":"<div class=\"flex-1 overflow-hidden\" data-mce-fragment=\"1\">\n<div class=\"react-scroll-to-bottom--css-hsvao-79elbk h-full\" data-mce-fragment=\"1\">\n<div class=\"react-scroll-to-bottom--css-hsvao-1n7m0yu\" data-mce-fragment=\"1\">\n<div data-mce-fragment=\"1\">\n<div class=\"flex flex-col text-sm pb-9\" data-mce-fragment=\"1\">\n<div class=\"w-full text-token-text-primary\" dir=\"auto\" data-testid=\"conversation-turn-19\" data-mce-fragment=\"1\">\n<div class=\"px-4 py-2 justify-center text-base md:gap-6 m-auto\" data-mce-fragment=\"1\">\n<div class=\"flex flex-1 text-base mx-auto gap-3 juice:gap-4 juice:md:gap-6 md:px-5 lg:px-1 xl:px-5 md:max-w-3xl lg:max-w-[40rem] xl:max-w-[48rem]\" data-mce-fragment=\"1\">\n<div class=\"relative flex w-full flex-col agent-turn\" data-mce-fragment=\"1\">\n<div class=\"flex-col gap-1 md:gap-3\" data-mce-fragment=\"1\">\n<div class=\"flex flex-grow flex-col max-w-full\" data-mce-fragment=\"1\">\n<div data-message-author-role=\"assistant\" data-message-id=\"87559b73-b48f-4a01-b0bd-eb29d7a3c0fb\" dir=\"auto\" class=\"min-h-[20px] text-message flex flex-col items-start gap-3 whitespace-pre-wrap break-words [.text-message+&#038;]:mt-5 overflow-x-auto\" data-mce-fragment=\"1\">\n<div class=\"markdown prose w-full break-words dark:prose-invert light\" data-mce-fragment=\"1\">\n<p data-mce-fragment=\"1\">\ud83c\udf1f <strong data-mce-fragment=\"1\">\u00c9levez votre espace avec Wood Panel Wall USA\u00a0!<\/strong> \ud83c\udfe1<br data-mce-fragment=\"1\">Rehaussez le caract\u00e8re et la sophistication de votre espace gr\u00e2ce \u00e0 notre gamme raffin\u00e9e de panneaux acoustiques en bois et de d\u00e9corations murales 3D. Bas\u00e9s en Californie du Sud, aux \u00c9tats-Unis, Wood Panel Wall USA s&#039;appuie sur des ann\u00e9es d&#039;expertise dans le travail du bois pour cr\u00e9er des panneaux exceptionnels avec des finitions en placage de bois v\u00e9ritable.<\/p>\n<p data-mce-fragment=\"1\">\ud83c\udf33 <strong data-mce-fragment=\"1\">Un savoir-faire auquel vous pouvez faire confiance<\/strong> \ud83d\udee0\ufe0f<br data-mce-fragment=\"1\">Nous sommes extr\u00eamement fiers de notre savoir-faire et veillons \u00e0 ce que chaque panneau que nous concevons et fabriquons r\u00e9ponde aux normes de qualit\u00e9 les plus strictes. Notre engagement envers l&#039;excellence vous permet de profiter pleinement de votre espace.<\/p>\n<p data-mce-fragment=\"1\">\ud83c\udfa8 <strong data-mce-fragment=\"1\">Reconnu par les professionnels de l&#039;industrie<\/strong> \ud83d\udc69\u200d\ud83c\udfa8<br data-mce-fragment=\"1\">D\u00e9corateurs, designers et professionnels du secteur reconnaissent la qualit\u00e9 sup\u00e9rieure et le professionnalisme de Wood Panel Walls USA. Faites confiance \u00e0 nos produits pour transformer votre espace avec \u00e9l\u00e9gance et style.<\/p>\n<p data-mce-fragment=\"1\">\ud83d\udd0d <strong data-mce-fragment=\"1\">Essayez avant d&#039;acheter avec notre pack d&#039;\u00e9chantillons<\/strong> \ud83d\udce6<br data-mce-fragment=\"1\">D\u00e9couvrez le panneau id\u00e9al pour votre espace gr\u00e2ce \u00e0 notre pack d&#039;\u00e9chantillons pratique. Testez nos magnifiques panneaux en lamelles de bois pour d\u00e9couvrir leur harmonie avec vos murs ou plafonds. D\u00e9couvrez leurs propri\u00e9t\u00e9s acoustiques de haute qualit\u00e9.<\/p>\n<p data-mce-fragment=\"1\">\ud83c\udf3f <strong data-mce-fragment=\"1\">Finition luxueuse en bois naturel<\/strong> \ud83c\udf33<br data-mce-fragment=\"1\">Nos panneaux en bois naturel de luxe pr\u00e9sentent des finitions en ch\u00eane v\u00e9ritable de premi\u00e8re qualit\u00e9. Des lamelles \u00e0 l&#039;aspect \u00e9pur\u00e9 et moderne sont mont\u00e9es sur un feutre acoustique recycl\u00e9 au design unique, alliant esth\u00e9tique et fonctionnalit\u00e9.<\/p>\n<p data-mce-fragment=\"1\">\ud83d\udee0\ufe0f <strong data-mce-fragment=\"1\">Installation facile pour une transformation instantan\u00e9e<\/strong> \ud83d\ude80<br data-mce-fragment=\"1\">Transformez n&#039;importe quel espace rapidement et sans effort gr\u00e2ce \u00e0 notre installation simple et rapide. Nos panneaux standards, con\u00e7us pour une hauteur de mur moyenne de 2,4 m, sont disponibles en hauteur de 2,4 m pour accueillir des plinthes et des moulures couronn\u00e9es.<\/p>\n<p data-mce-fragment=\"1\">\ud83d\udccf <strong data-mce-fragment=\"1\">Personnalisation pour un ajustement parfait<\/strong> \ud83d\udcd0<br data-mce-fragment=\"1\">Avant de commander, mesurez la hauteur de votre mur pour garantir un montage parfait. Des mesures pr\u00e9cises sont requises \u00e0 la r\u00e9ception des panneaux, permettant des ajustements si n\u00e9cessaire. Pour les angles ou les murs plus hauts, d\u00e9coupez les panneaux \u00e0 la bonne taille \u00e0 l&#039;aide d&#039;une scie circulaire. L&#039;installation est un jeu d&#039;enfant avec des vis \u00e0 cloison s\u00e8che ou \u00e0 bois, garantissant une finition impeccable et sans joint.<\/p>\n<p data-mce-fragment=\"1\">\u2699\ufe0f <strong data-mce-fragment=\"1\">Conseils d&#039;installation d&#039;experts<\/strong> \ud83d\udd29<br data-mce-fragment=\"1\">Placez les montants derri\u00e8re le mur pour un soutien optimal, en utilisant des vis \u00e0 t\u00eate noire pour masquer les t\u00eates de vis entre les lattes. Si la colle ou les cloueuses sont des options, les vis offrent les meilleurs r\u00e9sultats en termes de stabilit\u00e9 et de long\u00e9vit\u00e9.<\/p>\n<\/div>\n<\/div>\n<\/div>\n<\/div>\n<\/div>\n<\/div>\n<\/div>\n<\/div>\n<\/div>\n<\/div>\n<\/div>\n<\/div>\n<\/div>\n<p>\u00a0<\/p>","protected":false},"excerpt":{"rendered":"<p>\ud83c\udf1f \u00c9levez votre espace avec Wood Panel Wall USA ! \ud83c\udfe1Rehaussez le caract\u00e8re et la sophistication de votre espace avec notre exquis<\/p>","protected":false},"featured_media":130368,"comment_status":"open","ping_status":"closed","template":"","meta":[],"product_brand":[],"product_cat":[30971,30878,30985],"product_tag":[5905],"class_list":{"0":"post-70281","1":"product","2":"type-product","3":"status-publish","4":"has-post-thumbnail","6":"product_cat-hp","7":"product_cat-wall-panel","8":"product_cat-wall-panels","9":"product_tag-shopify","11":"first","12":"instock","13":"taxable","14":"shipping-taxable","15":"purchasable","16":"product-type-variable"},"_links":{"self":[{"href":"https:\/\/nexgendecors.com\/fr\/wp-json\/wp\/v2\/product\/70281","targetHints":{"allow":["GET"]}}],"collection":[{"href":"https:\/\/nexgendecors.com\/fr\/wp-json\/wp\/v2\/product"}],"about":[{"href":"https:\/\/nexgendecors.com\/fr\/wp-json\/wp\/v2\/types\/product"}],"replies":[{"embeddable":true,"href":"https:\/\/nexgendecors.com\/fr\/wp-json\/wp\/v2\/comments?post=70281"}],"version-history":[{"count":0,"href":"https:\/\/nexgendecors.com\/fr\/wp-json\/wp\/v2\/product\/70281\/revisions"}],"wp:featuredmedia":[{"embeddable":true,"href":"https:\/\/nexgendecors.com\/fr\/wp-json\/wp\/v2\/media\/130368"}],"wp:attachment":[{"href":"https:\/\/nexgendecors.com\/fr\/wp-json\/wp\/v2\/media?parent=70281"}],"wp:term":[{"taxonomy":"product_brand","embeddable":true,"href":"https:\/\/nexgendecors.com\/fr\/wp-json\/wp\/v2\/product_brand?post=70281"},{"taxonomy":"product_cat","embeddable":true,"href":"https:\/\/nexgendecors.com\/fr\/wp-json\/wp\/v2\/product_cat?post=70281"},{"taxonomy":"product_tag","embeddable":true,"href":"https:\/\/nexgendecors.com\/fr\/wp-json\/wp\/v2\/product_tag?post=70281"}],"curies":[{"name":"wp","href":"https:\/\/api.w.org\/{rel}","templated":true}]}}