{"id":70606,"date":"2025-01-26T03:20:17","date_gmt":"2025-01-26T03:20:17","guid":{"rendered":"https:\/\/nexgendecors.com\/product\/navi-white-square-cream-style-coffee-table-modern-simple-light-luxury-ins-paint-minimalist-japanese-wabi-sabi-low-table\/"},"modified":"2025-04-06T09:15:53","modified_gmt":"2025-04-06T09:15:53","slug":"navi-white-square-cream-style-coffee-table-modern-simple-light-luxury-ins-paint-minimalist-japanese-wabi-sabi-low-table","status":"publish","type":"product","link":"https:\/\/nexgendecors.com\/fr\/product\/navi-white-square-cream-style-coffee-table-modern-simple-light-luxury-ins-paint-minimalist-japanese-wabi-sabi-low-table\/","title":{"rendered":"Table basse carr\u00e9e blanche Navi cr\u00e8me \u2013 Design Wabi-Sabi moderne"},"content":{"rendered":"<ul>\n<li>\n<strong>Y a-t-il un espace de stockage ?<\/strong>:Oui<\/li>\n<li>\n<strong>style<\/strong>:Europe du Nord<\/li>\n<li>\n<strong>Assembler<\/strong>:Non<\/li>\n<li>\n<strong>La pr\u00e9vente est-elle disponible ?<\/strong>:Oui<\/li>\n<li>\n<strong>Mat\u00e9riau de finition<\/strong>:Panneaux \u00e0 base de bois<\/li>\n<li>\n<strong>volume du colis<\/strong>:1<\/li>\n<li>\n<strong>forme<\/strong>:Carr\u00e9<\/li>\n<li>\n<strong>Positionnement de style<\/strong>:Qualit\u00e9 Luxe<\/li>\n<li>\n<strong>trier par couleur<\/strong>:100\u00d7100 (white) 100\u00d7100 (gray) 80\u00d780 (white) 80\u00d780 (gray) 80\u00d780 (white) + 60\u00d780 (gray) 60\u00d780 (white) + 60\u00d780 (gray) 100\u00d7100 (white) + 60\u00d7100 (gray) 60\u00d7100 (white) 60\u00d7100 (gray) 60\u00d780 (white) 60\u00d780 (gray)<\/li>\n<li>\n<strong>marque<\/strong>:NAV\/NAV Accueil<\/li>\n<li>\n<strong>mod\u00e8le<\/strong>:TB1082-D<\/li>\n<li>\n<strong>taille<\/strong>:1x1x0.3m<\/li>\n<li>\n<strong>\u00e9l\u00e9ments populaires<\/strong>:Conception principale<\/li>\n<li>\n<strong>Que ce soit avec un rouleau<\/strong>:Non<\/li>\n<li>\n<strong>Table basse en forme d&#039;angle<\/strong>:Carr\u00e9<\/li>\n<li>\n<strong>Technologie structurelle<\/strong>:Artificial board technology<\/li>\n<li>\n<strong>Artificial board structure technology<\/strong>:autre<\/li>\n<li>\n<strong>Technologie de finition<\/strong>:Peinture<\/li>\n<li>\n<strong>Types de planches artificielles<\/strong>:Panneau de densit\u00e9\/panneau de fibres<\/li>\n<li>\n<strong>Est-ce personnalisable ?<\/strong>:Oui<\/li>\n<li>\n<strong>Mat\u00e9riel<\/strong>:Panneaux \u00e0 base de bois<\/li>\n<li>\n<strong>Instructions d&#039;installation d\u00e9taill\u00e9es<\/strong>:Provide simple installation tools Provide installation instructions Provide installation video<\/li>\n<li>\n<strong>Installation<\/strong>:Paquet<\/li>\n<li>\n<strong>Un taxi est-il disponible pour le transport ?<\/strong>:Non<\/li>\n<li>\n<strong>Nombre de portes<\/strong>:Pas de porte<\/li>\n<\/ul>\n<p><img><\/p>","protected":false},"excerpt":{"rendered":"<p>Y a-t-il un espace de stockage\u00a0? : oui style\u00a0: Europe du Nord Assemblage\u00a0: non Pr\u00e9vente disponible\u00a0? : oui Mat\u00e9riau de finition\u00a0: Panneaux \u00e0 base de bois Volume du colis\u00a0: 1 Forme\u00a0: Carr\u00e9 Style de positionnement\u00a0: Qualit\u00e9 Luxe trier<\/p>","protected":false},"featured_media":130774,"comment_status":"open","ping_status":"closed","template":"","meta":[],"product_brand":[],"product_cat":[30862,30971,30850,30857],"product_tag":[],"class_list":{"0":"post-70606","1":"product","2":"type-product","3":"status-publish","4":"has-post-thumbnail","6":"product_cat-wholesales-hotels","7":"product_cat-hp","8":"product_cat-wholesale-furniture","9":"product_cat-wholesale-sofa-table","11":"first","12":"instock","13":"taxable","14":"shipping-taxable","15":"purchasable","16":"product-type-variable"},"_links":{"self":[{"href":"https:\/\/nexgendecors.com\/fr\/wp-json\/wp\/v2\/product\/70606","targetHints":{"allow":["GET"]}}],"collection":[{"href":"https:\/\/nexgendecors.com\/fr\/wp-json\/wp\/v2\/product"}],"about":[{"href":"https:\/\/nexgendecors.com\/fr\/wp-json\/wp\/v2\/types\/product"}],"replies":[{"embeddable":true,"href":"https:\/\/nexgendecors.com\/fr\/wp-json\/wp\/v2\/comments?post=70606"}],"version-history":[{"count":0,"href":"https:\/\/nexgendecors.com\/fr\/wp-json\/wp\/v2\/product\/70606\/revisions"}],"wp:featuredmedia":[{"embeddable":true,"href":"https:\/\/nexgendecors.com\/fr\/wp-json\/wp\/v2\/media\/130774"}],"wp:attachment":[{"href":"https:\/\/nexgendecors.com\/fr\/wp-json\/wp\/v2\/media?parent=70606"}],"wp:term":[{"taxonomy":"product_brand","embeddable":true,"href":"https:\/\/nexgendecors.com\/fr\/wp-json\/wp\/v2\/product_brand?post=70606"},{"taxonomy":"product_cat","embeddable":true,"href":"https:\/\/nexgendecors.com\/fr\/wp-json\/wp\/v2\/product_cat?post=70606"},{"taxonomy":"product_tag","embeddable":true,"href":"https:\/\/nexgendecors.com\/fr\/wp-json\/wp\/v2\/product_tag?post=70606"}],"curies":[{"name":"wp","href":"https:\/\/api.w.org\/{rel}","templated":true}]}}