{"id":70798,"date":"2025-01-26T03:20:51","date_gmt":"2025-01-26T03:20:51","guid":{"rendered":"https:\/\/nexgendecors.com\/product\/negotiation-table-and-chair-combination-rest-area-light-luxury-modern-rest-area-reception-table-negotiation-table-sales-office-beauty-salon-reception-2\/"},"modified":"2025-04-06T09:16:35","modified_gmt":"2025-04-06T09:16:35","slug":"combinaison-table-et-chaise-de-negociation-espace-de-repos-lumiere-luxe-moderne-espace-de-repos-table-de-reception-table-de-negociation-bureau-de-vente-salon-de-beaute-reception-2","status":"publish","type":"product","link":"https:\/\/nexgendecors.com\/fr\/product\/combinaison-table-et-chaise-de-negociation-espace-de-repos-lumiere-luxe-moderne-espace-de-repos-table-de-reception-table-de-negociation-bureau-de-vente-salon-de-beaute-reception-2\/","title":{"rendered":"Ensemble table et chaises de r\u00e9ception modernes et luxueuses"},"content":{"rendered":"<ul>\n<li>\n<strong>marque<\/strong>:Spectacle de l&#039;Empire Nordique<\/li>\n<li>\n<strong>mod\u00e8le<\/strong>:K-20<\/li>\n<li>\n<strong>Fonction<\/strong>:Multifonction<\/li>\n<li>\n<strong>Mat\u00e9riel<\/strong>:Panneaux \u00e0 base de bois<\/li>\n<li>\n<strong>Types de planches artificielles<\/strong>:autre<\/li>\n<li>\n<strong>mod\u00e8le<\/strong>:Art<\/li>\n<li>\n<strong>style<\/strong>:Europe du Nord<\/li>\n<li>\n<strong>forme<\/strong>:carr\u00e9<\/li>\n<li>\n<strong>Nombre de personnes applicable<\/strong>:4 personnes<\/li>\n<li>\n<strong>Type d&#039;emballage<\/strong>:Assembl\u00e9e<\/li>\n<li>\n<strong>trier par couleur<\/strong>:Canap\u00e9 simple gris, Canap\u00e9 simple orange, Une table et deux chaises table carr\u00e9e 60 grise, Une table et deux chaises table carr\u00e9e 60 orange, Une table et deux chaises table carr\u00e9e 70 grise, Une table et deux chaises table carr\u00e9e 70 orange, Une table et quatre chaises table carr\u00e9e 60 grise, Une table et quatre chaises table carr\u00e9e 60 orange, Une table et quatre chaises table carr\u00e9e 70 grise, Une table et quatre chaises table carr\u00e9e 70 orange, Table carr\u00e9e 60X60X60 haute, Table carr\u00e9e 70X70X60 haute<\/li>\n<li>\n<strong>Mat\u00e9riau de finition<\/strong>:Bois<\/li>\n<li>\n<strong>Est-ce \u00e9volutif ?<\/strong>:Non<\/li>\n<li>\n<strong>Est-ce personnalisable ?<\/strong>:Oui<\/li>\n<li>\n<strong>Faut-il apporter une platine vinyle ?<\/strong>:Non<\/li>\n<li>\n<strong>Le bureau est-il r\u00e9glable ?<\/strong>:Oui<\/li>\n<li>\n<strong>Que ce soit avec un rouleau<\/strong>:Non<\/li>\n<li>\n<strong>Faut-il apporter une pompe ?<\/strong>:Non<\/li>\n<li>\n<strong>Y a-t-il une armoire ?<\/strong>:Non<\/li>\n<li>\n<strong>Nombre de couches<\/strong>:autre<\/li>\n<li>\n<strong>Structure du meuble<\/strong>:Cadre<\/li>\n<li>\n<strong>Faut-il apporter une chaise ou un tabouret ?<\/strong>:Oui<\/li>\n<li>\n<strong>Origine<\/strong>:Province du Fujian<\/li>\n<li>\n<strong>ville<\/strong>:Ville de Quanzhou<\/li>\n<li>\n<strong>Districts et comt\u00e9s<\/strong>:Comt\u00e9 d&#039;Anxi<\/li>\n<li>\n<strong>Assembler<\/strong>:Oui<\/li>\n<li>\n<strong>volume du colis<\/strong>:1 m\u00e8tre cube<\/li>\n<li>\n<strong>Un taxi est-il disponible pour le transport ?<\/strong>:Non<\/li>\n<li>\n<strong>Positionnement de style<\/strong>:Qualit\u00e9 Luxe<\/li>\n<li>\n<strong>Poids brut<\/strong>:100 kg<\/li>\n<li>\n<strong>S&#039;il dispose d&#039;une fonction de cuisson \u00e0 induction<\/strong>:Non<\/li>\n<li>\n<strong><\/strong>:<\/li>\n<\/ul>\n<p><img><\/p>","protected":false},"excerpt":{"rendered":"<p>brand:Nordic Empire Show model:K-20 Function:Multifunction Material:Wood-based panels Types of artificial boards:other pattern:Art style:Northern Europe shape:square Applicable number of people:4 people<\/p>","protected":false},"featured_media":130936,"comment_status":"open","ping_status":"closed","template":"","meta":[],"product_brand":[],"product_cat":[30862,30971,30850],"product_tag":[],"class_list":{"0":"post-70798","1":"product","2":"type-product","3":"status-publish","4":"has-post-thumbnail","6":"product_cat-wholesales-hotels","7":"product_cat-hp","8":"product_cat-wholesale-furniture","10":"first","11":"instock","12":"sale","13":"taxable","14":"shipping-taxable","15":"purchasable","16":"product-type-variable"},"_links":{"self":[{"href":"https:\/\/nexgendecors.com\/fr\/wp-json\/wp\/v2\/product\/70798","targetHints":{"allow":["GET"]}}],"collection":[{"href":"https:\/\/nexgendecors.com\/fr\/wp-json\/wp\/v2\/product"}],"about":[{"href":"https:\/\/nexgendecors.com\/fr\/wp-json\/wp\/v2\/types\/product"}],"replies":[{"embeddable":true,"href":"https:\/\/nexgendecors.com\/fr\/wp-json\/wp\/v2\/comments?post=70798"}],"version-history":[{"count":0,"href":"https:\/\/nexgendecors.com\/fr\/wp-json\/wp\/v2\/product\/70798\/revisions"}],"wp:featuredmedia":[{"embeddable":true,"href":"https:\/\/nexgendecors.com\/fr\/wp-json\/wp\/v2\/media\/130936"}],"wp:attachment":[{"href":"https:\/\/nexgendecors.com\/fr\/wp-json\/wp\/v2\/media?parent=70798"}],"wp:term":[{"taxonomy":"product_brand","embeddable":true,"href":"https:\/\/nexgendecors.com\/fr\/wp-json\/wp\/v2\/product_brand?post=70798"},{"taxonomy":"product_cat","embeddable":true,"href":"https:\/\/nexgendecors.com\/fr\/wp-json\/wp\/v2\/product_cat?post=70798"},{"taxonomy":"product_tag","embeddable":true,"href":"https:\/\/nexgendecors.com\/fr\/wp-json\/wp\/v2\/product_tag?post=70798"}],"curies":[{"name":"wp","href":"https:\/\/api.w.org\/{rel}","templated":true}]}}