{"id":70812,"date":"2025-01-26T03:20:56","date_gmt":"2025-01-26T03:20:56","guid":{"rendered":"https:\/\/nexgendecors.com\/product\/negotiation-table-and-chair-combination-rest-area-light-luxury-modern-rest-area-reception-table-negotiation-table-sales-office-beauty-salon-reception-3\/"},"modified":"2025-04-06T09:16:39","modified_gmt":"2025-04-06T09:16:39","slug":"table-de-negociation-et-chaise-combinees-aire-de-repos-lumiere-luxe-moderne-aire-de-repos-table-de-reception-table-de-negociation-bureau-de-vente-salon-de-beaute-reception-3","status":"publish","type":"product","link":"https:\/\/nexgendecors.com\/fr\/product\/table-de-negociation-et-chaise-combinees-aire-de-repos-lumiere-luxe-moderne-aire-de-repos-table-de-reception-table-de-negociation-bureau-de-vente-salon-de-beaute-reception-3\/","title":{"rendered":"Ensemble table et chaises de r\u00e9ception modernes et luxueuses"},"content":{"rendered":"<ul>\n<li>\n<strong>marque<\/strong>:Spectacle de l&#039;Empire Nordique<\/li>\n<li>\n<strong>mod\u00e8le<\/strong>:2454<\/li>\n<li>\n<strong>Fonction<\/strong>:Autre<\/li>\n<li>\n<strong>Mat\u00e9riel<\/strong>:Bois<\/li>\n<li>\n<strong>Mat\u00e9riau en bois<\/strong>:Pin<\/li>\n<li>\n<strong>mod\u00e8le<\/strong>:Art<\/li>\n<li>\n<strong>style<\/strong>:Europ\u00e9en<\/li>\n<li>\n<strong>forme<\/strong>:carr\u00e9<\/li>\n<li>\n<strong>Nombre de personnes applicable<\/strong>:2 personnes<\/li>\n<li>\n<strong>Type d&#039;emballage<\/strong>:Assembl\u00e9e<\/li>\n<li>\n<strong>trier par couleur<\/strong>:Une table et deux chaises table carr\u00e9e 60 beige blanc avec gris, une table et deux chaises table carr\u00e9e 60 beige blanc avec orange, une table et deux chaises table carr\u00e9e 60 beige gris (tissu velours givr\u00e9), une table et deux chaises table carr\u00e9e 60 orange (tissu velours givr\u00e9), une table et deux chaises table carr\u00e9e 60 beige (cuir), une table et deux chaises table carr\u00e9e 60 marron (cuir), une table et deux chaises table carr\u00e9e 70 beige blanc avec gris, une table et deux chaises table carr\u00e9e 70 beige blanc avec orange, une table et deux chaises table carr\u00e9e 70 beige gris (tissu velours givr\u00e9), une table et deux chaises table carr\u00e9e 70 orange (tissu velours givr\u00e9), une table et deux chaises table carr\u00e9e 70 beige (cuir), une table et deux chaises table carr\u00e9e 70 marron (cuir), Canap\u00e9 simple beige avec gris, Canap\u00e9 simple beige avec orange, Canap\u00e9 simple beige gris (tissu velours givr\u00e9), Canap\u00e9 simple orange (tissu velours givr\u00e9), Canap\u00e9 simple beige (cuir), Canap\u00e9 simple marron (cuir), Carr\u00e9 table 60*60*60, table carr\u00e9e 70*70*60<\/li>\n<li>\n<strong>Mat\u00e9riau de finition<\/strong>:Bois<\/li>\n<li>\n<strong>Est-ce \u00e9volutif ?<\/strong>:Non<\/li>\n<li>\n<strong>Est-ce personnalisable ?<\/strong>:Oui<\/li>\n<li>\n<strong>Faut-il apporter une platine vinyle ?<\/strong>:Non<\/li>\n<li>\n<strong>Le bureau est-il r\u00e9glable ?<\/strong>:Non<\/li>\n<li>\n<strong>Que ce soit avec un rouleau<\/strong>:Non<\/li>\n<li>\n<strong>Faut-il apporter une pompe ?<\/strong>:Non<\/li>\n<li>\n<strong>Y a-t-il une armoire ?<\/strong>:Non<\/li>\n<li>\n<strong>Nombre de couches<\/strong>:autre<\/li>\n<li>\n<strong>Structure du meuble<\/strong>:Cadre<\/li>\n<li>\n<strong>Faut-il apporter une chaise ou un tabouret ?<\/strong>:Oui<\/li>\n<li>\n<strong>Origine<\/strong>:Province du Fujian<\/li>\n<li>\n<strong>ville<\/strong>:Ville de Quanzhou<\/li>\n<li>\n<strong>Districts et comt\u00e9s<\/strong>:Comt\u00e9 d&#039;Anxi<\/li>\n<li>\n<strong>Assembler<\/strong>:Non<\/li>\n<li>\n<strong>volume du colis<\/strong>:1 m\u00e8tre cube<\/li>\n<li>\n<strong>Un taxi est-il disponible pour le transport ?<\/strong>:Non<\/li>\n<li>\n<strong>Positionnement de style<\/strong>:Qualit\u00e9 Luxe<\/li>\n<li>\n<strong>Poids brut<\/strong>:100 kg<\/li>\n<li>\n<strong>S&#039;il dispose d&#039;une fonction de cuisson \u00e0 induction<\/strong>:Non<\/li>\n<li>\n<strong>Est-ce que tout est en bois massif ?<\/strong>:Oui<\/li>\n<\/ul>\n<p><img><\/p>","protected":false},"excerpt":{"rendered":"<p>brand:Nordic Empire Show model:2454 Function:Other Material:Wood Wood material:Pine pattern:Art style:European shape:square Applicable number of people:2 people Packaging Type:Assembly sort by<\/p>","protected":false},"featured_media":130942,"comment_status":"open","ping_status":"closed","template":"","meta":[],"product_brand":[],"product_cat":[30862,30971,30850],"product_tag":[],"class_list":{"0":"post-70812","1":"product","2":"type-product","3":"status-publish","4":"has-post-thumbnail","6":"product_cat-wholesales-hotels","7":"product_cat-hp","8":"product_cat-wholesale-furniture","10":"first","11":"instock","12":"sale","13":"taxable","14":"shipping-taxable","15":"purchasable","16":"product-type-variable"},"_links":{"self":[{"href":"https:\/\/nexgendecors.com\/fr\/wp-json\/wp\/v2\/product\/70812","targetHints":{"allow":["GET"]}}],"collection":[{"href":"https:\/\/nexgendecors.com\/fr\/wp-json\/wp\/v2\/product"}],"about":[{"href":"https:\/\/nexgendecors.com\/fr\/wp-json\/wp\/v2\/types\/product"}],"replies":[{"embeddable":true,"href":"https:\/\/nexgendecors.com\/fr\/wp-json\/wp\/v2\/comments?post=70812"}],"version-history":[{"count":0,"href":"https:\/\/nexgendecors.com\/fr\/wp-json\/wp\/v2\/product\/70812\/revisions"}],"wp:featuredmedia":[{"embeddable":true,"href":"https:\/\/nexgendecors.com\/fr\/wp-json\/wp\/v2\/media\/130942"}],"wp:attachment":[{"href":"https:\/\/nexgendecors.com\/fr\/wp-json\/wp\/v2\/media?parent=70812"}],"wp:term":[{"taxonomy":"product_brand","embeddable":true,"href":"https:\/\/nexgendecors.com\/fr\/wp-json\/wp\/v2\/product_brand?post=70812"},{"taxonomy":"product_cat","embeddable":true,"href":"https:\/\/nexgendecors.com\/fr\/wp-json\/wp\/v2\/product_cat?post=70812"},{"taxonomy":"product_tag","embeddable":true,"href":"https:\/\/nexgendecors.com\/fr\/wp-json\/wp\/v2\/product_tag?post=70812"}],"curies":[{"name":"wp","href":"https:\/\/api.w.org\/{rel}","templated":true}]}}